{"id":2090,"date":"2023-02-10T16:37:30","date_gmt":"2023-02-10T16:37:30","guid":{"rendered":"https:\/\/www.retrobuddys.com\/shop\/non%20class\u00e9\/lecteur-gotek-avec-ecran-096-et-bouton-rotatif\/"},"modified":"2026-02-13T19:07:48","modified_gmt":"2026-02-13T19:07:48","slug":"lecteur-gotec-avec-affichage-0-96-et-bouton-tournant","status":"publish","type":"product","link":"https:\/\/www.retrobuddys.com\/fr\/shop\/gotek-fr\/lecteur-gotec-avec-affichage-0-96-et-bouton-tournant\/","title":{"rendered":"Lecteur Gotek avec \u00e9cran 0,96&Prime; et bouton rotatif"},"content":{"rendered":"<p><span style=\"font-family: Arial; font-size: large;\"><br \/>\n  <b>Lecteur Amiga Gotek avec \u00e9cran 0.96&Prime; et bouton rotatif *AT-435*<br \/>\nFloppy Emulator USB ADF Amiga <\/b><br \/>\n<\/span><b>500\/500+\/600\/1200\/2000<\/b><\/p>\n<p>USB Gotek Floppy Emulator pour la lecture directe de fichiers ADF \u00e0 partir d&rsquo;une cl\u00e9 USB.<br \/>\nUn \u00e9cran OLED de 0.96&Prime;(24,38mm) avec une r\u00e9solution de 128&#215;64 caract\u00e8res sur 4 lignes maximum est install\u00e9. Un bouton rotatif permet de s\u00e9lectionner facilement le fichier.<br \/>\nLa couleur du bo\u00eetier (beige, noir) peut \u00eatre choisie.<br \/>\n\u00c9mulateur de disquette Gotek pour la lecture directe de fichiers ADF depuis une cl\u00e9 USB <\/p>\n<p>Le lecteur a d\u00e9j\u00e0 install\u00e9 le firmware FlashFloppy 3.42 actuel. Pour plus de d\u00e9tails sur le firmware FlashFloppy, cliquez ici =&gt; https:\/\/github.com\/keirf\/flashfloppy<\/p>\n<p><b>Comment utiliser le lecteur Gotek ?<\/b><\/p>\n<p>C&rsquo;est tr\u00e8s simple : il suffit de remplacer le lecteur de disquettes d&rsquo;origine par ce lecteur de disquettes USB ou de le connecter via un adaptateur externe. Vous devez copier vos fichiers ADF pr\u00e9f\u00e9r\u00e9s sur une cl\u00e9 USB du PC. L&rsquo;\u00e9cran OLED fournit, outre le nom du fichier actuel, d&rsquo;autres informations sur le processus de chargement.<strong><br \/>\n<\/strong><\/p>\n<p><strong>Contenu de la livraison :<\/strong><\/p>\n<ul>\n<li>\u00c9mulateur de disquette USB GOTEK avec le dernier firmware (3.42)<\/li>\n<li>*Nouvelle version avec processeur AT-435*.<\/li>\n<li>\u00c9cran OLED de 0,96&Prime; (24,38 mm) avec une r\u00e9solution de 128&#215;64 caract\u00e8res sur 4 lignes au maximum<\/li>\n<li>bouton rotatif avec bouton (m\u00e9tallique)<\/li>\n<\/ul>\n<p><strong>Attention !<\/strong><\/p>\n<p>Le lecteur est un peu plus grand qu&rsquo;un lecteur 3.5&Prime; standard (lecteur PC standard) avec cache. Il ne rentre donc pas dans une baie 3,5&Prime; (Amiga 2000, Amiga 1200, versions tour).<br \/>\nVous pouvez \u00e9galement vous procurer chez nous de longs c\u00e2bles pour disquettes, des s\u00e9lecteurs de d\u00e9marrage DF0 DF1, des cl\u00e9s USB, des c\u00e2bles d&rsquo;alimentation, des adaptateurs externes et bien d&rsquo;autres choses encore. N&rsquo;h\u00e9sitez pas \u00e0 nous contacter.<\/p>\n","protected":false},"excerpt":{"rendered":"<p>Amiga Gotek lecteur de disquette \u00e9mulateur USB Amiga 500\/500+\/600\/1<wbr><\/wbr>200\/2000<\/p>\n<p>&nbsp;<\/p>\n","protected":false},"featured_media":1725,"template":"","meta":[],"product_brand":[],"product_cat":[219,217],"product_tag":[225,226],"class_list":{"0":"post-2090","1":"product","2":"type-product","3":"status-publish","4":"has-post-thumbnail","6":"product_cat-gotek-fr","7":"product_cat-mods-hw-amiga","8":"product_tag-amiga-fr","9":"product_tag-gotek-fr","10":"product_shipping_class-dhl-fr","12":"first","13":"instock","14":"taxable","15":"shipping-taxable","16":"purchasable","17":"product-type-variable","18":"has-default-attributes"},"origins":[],"jetpack_sharing_enabled":true,"_links":{"self":[{"href":"https:\/\/www.retrobuddys.com\/fr\/wp-json\/wp\/v2\/product\/2090","targetHints":{"allow":["GET"]}}],"collection":[{"href":"https:\/\/www.retrobuddys.com\/fr\/wp-json\/wp\/v2\/product"}],"about":[{"href":"https:\/\/www.retrobuddys.com\/fr\/wp-json\/wp\/v2\/types\/product"}],"wp:featuredmedia":[{"embeddable":true,"href":"https:\/\/www.retrobuddys.com\/fr\/wp-json\/wp\/v2\/media\/1725"}],"wp:attachment":[{"href":"https:\/\/www.retrobuddys.com\/fr\/wp-json\/wp\/v2\/media?parent=2090"}],"wp:term":[{"taxonomy":"product_brand","embeddable":true,"href":"https:\/\/www.retrobuddys.com\/fr\/wp-json\/wp\/v2\/product_brand?post=2090"},{"taxonomy":"product_cat","embeddable":true,"href":"https:\/\/www.retrobuddys.com\/fr\/wp-json\/wp\/v2\/product_cat?post=2090"},{"taxonomy":"product_tag","embeddable":true,"href":"https:\/\/www.retrobuddys.com\/fr\/wp-json\/wp\/v2\/product_tag?post=2090"}],"curies":[{"name":"wp","href":"https:\/\/api.w.org\/{rel}","templated":true}]}}