{"id":2083,"date":"2023-03-26T21:06:42","date_gmt":"2023-03-26T21:06:42","guid":{"rendered":"https:\/\/www.retrobuddys.com\/shop\/non%20class\u00e9\/lazarustorm-adaptateur-externe-pistorm-pour-amiga-500\/"},"modified":"2026-02-08T15:57:23","modified_gmt":"2026-02-08T15:57:23","slug":"lazarustorm-amiga-500","status":"publish","type":"product","link":"https:\/\/www.retrobuddys.com\/fr\/shop\/mods-hw-amiga\/amiga-500-fr\/lazarustorm-amiga-500\/","title":{"rendered":"Lazarustorm Adaptateur externe PiStorm pour Amiga 500"},"content":{"rendered":"<p>LazaruStorm est une carte d&rsquo;adaptation pour votre Amiga 500, que vous ins\u00e9rez dans le port d&rsquo;extension (c\u00f4t\u00e9 gauche). La carte a \u00e9t\u00e9 sp\u00e9cialement con\u00e7ue pour le PiStorm.Comme vous connectez la carte Lazarustorm en externe, vous n&rsquo;avez pas besoin de retirer votre processeur 68000 existant de votre Amiga.<br \/>\nil suffit de brancher la carte PiStorm avec le Raspberry PI sur la carte LazaruStorm.<\/p>\n<p>Sur presque toutes les r\u00e9visions de l&rsquo;Amiga500, il est n\u00e9cessaire de fermer le cavalier JP6 au moyen d&rsquo;un pont de soudure, c&rsquo;est-\u00e0-dire que vous devez ouvrir votre Amiga et placer un point de soudure.<br \/>\nLe point de soudure VPAJP (2-3) est d\u00e9j\u00e0 plac\u00e9 (BRJP ne doit \u00eatre plac\u00e9 que dans des cas exceptionnels). C&rsquo;est avec ce Jumper Combi que nous avons fait les meilleures exp\u00e9riences. Chaque carte LazaruStorm a \u00e9t\u00e9 test\u00e9e en direct chez nous sur un Amiga 500 Rev.6a.<\/p>\n<p>Remarque : l&rsquo;adaptateur LazaruStorm fonctionne rarement (oui vraiment parfois il fonctionne :)) avec les cartes m\u00e8res Amiga 500 Rev. 5.<\/p>\n<p>Voir la photo : il s&rsquo;agit de JP6, qui se trouve juste derri\u00e8re le port d&rsquo;extension.<\/p>\n<p>La vid\u00e9o ci-dessous montre comment connecter la carte Lazarustorm puis comment utiliser le PiStorm (merci @Jan Beta)<br \/>\nLe LazaruStorm a \u00e9t\u00e9 d\u00e9velopp\u00e9 par Edu Arana. Vous trouverez des d\u00e9tails sur le projet ici =&gt; <a href=\"https:\/\/github.com\/arananet\/LAZARUSTORM\" target=\"_blank\" rel=\"noopener\">https:\/\/github.com\/arananet\/LAZARUSTORM<\/a><\/p>\n<p><iframe loading=\"lazy\" title=\"External Amiga 500 PiStorm Accelerator\" width=\"1020\" height=\"574\" src=\"https:\/\/www.youtube.com\/embed\/HJdxt1ft5Es?feature=oembed\" frameborder=\"0\" allow=\"accelerometer; autoplay; clipboard-write; encrypted-media; gyroscope; picture-in-picture; web-share\" allowfullscreen><\/iframe><\/p>\n<p>Traduit avec www.DeepL.com\/Translator (version gratuite)<\/p>\n","protected":false},"excerpt":{"rendered":"<p>LazaruStorm est une carte d&rsquo;adaptation pour votre Amiga 500, que vous ins\u00e9rez dans le port d&rsquo;extension (c\u00f4t\u00e9 gauche). La carte a \u00e9t\u00e9 sp\u00e9cialement con\u00e7ue pour le PiStorm.Comme vous connectez la carte Lazarustorm en externe, vous n&rsquo;avez pas besoin de retirer votre processeur 68000 existant de votre Amiga. il suffit de brancher la carte PiStorm avec [&#8230;]\n","protected":false},"featured_media":1710,"template":"","meta":[],"product_brand":[],"product_cat":[233,217,523],"product_tag":[276,260],"class_list":{"0":"post-2083","1":"product","2":"type-product","3":"status-publish","4":"has-post-thumbnail","6":"product_cat-amiga-500-fr","7":"product_cat-mods-hw-amiga","8":"product_cat-pistorm-fr-2","9":"product_tag-amiga-500-fr","10":"product_tag-pistorm-fr","11":"product_shipping_class-dhl-fr","13":"first","14":"instock","15":"taxable","16":"shipping-taxable","17":"purchasable","18":"product-type-simple"},"jetpack_sharing_enabled":true,"_links":{"self":[{"href":"https:\/\/www.retrobuddys.com\/fr\/wp-json\/wp\/v2\/product\/2083","targetHints":{"allow":["GET"]}}],"collection":[{"href":"https:\/\/www.retrobuddys.com\/fr\/wp-json\/wp\/v2\/product"}],"about":[{"href":"https:\/\/www.retrobuddys.com\/fr\/wp-json\/wp\/v2\/types\/product"}],"wp:featuredmedia":[{"embeddable":true,"href":"https:\/\/www.retrobuddys.com\/fr\/wp-json\/wp\/v2\/media\/1710"}],"wp:attachment":[{"href":"https:\/\/www.retrobuddys.com\/fr\/wp-json\/wp\/v2\/media?parent=2083"}],"wp:term":[{"taxonomy":"product_brand","embeddable":true,"href":"https:\/\/www.retrobuddys.com\/fr\/wp-json\/wp\/v2\/product_brand?post=2083"},{"taxonomy":"product_cat","embeddable":true,"href":"https:\/\/www.retrobuddys.com\/fr\/wp-json\/wp\/v2\/product_cat?post=2083"},{"taxonomy":"product_tag","embeddable":true,"href":"https:\/\/www.retrobuddys.com\/fr\/wp-json\/wp\/v2\/product_tag?post=2083"}],"curies":[{"name":"wp","href":"https:\/\/api.w.org\/{rel}","templated":true}]}}