{"id":2077,"date":"2023-03-19T21:40:36","date_gmt":"2023-03-19T21:40:36","guid":{"rendered":"https:\/\/www.retrobuddys.com\/shop\/non%20class\u00e9\/extension-de-memoire-4mb-pour-amiga-600-fast-mem\/"},"modified":"2026-02-08T15:57:24","modified_gmt":"2026-02-08T15:57:24","slug":"extension-de-memoire-4mb-amiga-600","status":"publish","type":"product","link":"https:\/\/www.retrobuddys.com\/fr\/shop\/mods-hw-amiga\/amiga-600-fr\/extension-de-memoire-4mb-amiga-600\/","title":{"rendered":"Extension de m\u00e9moire 4MB pour Amiga 600 Fast Mem"},"content":{"rendered":"<h1><strong>NOUVEAU ! Extension de m\u00e9moire 4MB pour Amiga 600 Fast Mem<\/strong><\/h1>\n<p>L&rsquo;Amiga doit \u00eatre viss\u00e9 pour l&rsquo;installation.<br \/>\nL&rsquo;extension de m\u00e9moire se branche *sur* le processeur 68000. Il n&rsquo;y a pas de soudure \u00e0 faire et aucun pilote n&rsquo;est n\u00e9cessaire.<br \/>\nContenu de la livraison : <\/p>\n<ul>\n<li>Extension de m\u00e9moire 4MB \u00ab\u00a0Fast Mem\u00a0\u00bb pour Amiga 600<\/li>\n<li>courtes instructions de montage imprim\u00e9es<\/li>\n<\/ul>\n<p>En tant que client priv\u00e9, vous b\u00e9n\u00e9ficiez d&rsquo;une garantie de 2 ans sur l&rsquo;extension de m\u00e9moire et vous recevrez une facture avec TVA.<br \/>\nVeuillez noter que l&rsquo;extension de m\u00e9moire est publi\u00e9e sous licence CERN OHL v. 1.2.<br \/>\nLe design a \u00e9t\u00e9 con\u00e7u par SukkoPera. L&rsquo;extension de m\u00e9moire a \u00e9t\u00e9 fabriqu\u00e9e par les Retrobuddys en Allemagne.<\/p>\n","protected":false},"excerpt":{"rendered":"<p>NOUVEAU ! Extension de m\u00e9moire 4MB pour Amiga 600 Fast Mem L&rsquo;Amiga doit \u00eatre viss\u00e9 pour l&rsquo;installation. L&rsquo;extension de m\u00e9moire se branche *sur* le processeur 68000. Il n&rsquo;y a pas de soudure \u00e0 faire et aucun pilote n&rsquo;est n\u00e9cessaire. Contenu de la livraison : Extension de m\u00e9moire 4MB \u00ab\u00a0Fast Mem\u00a0\u00bb pour Amiga 600 courtes instructions [&#8230;]\n","protected":false},"featured_media":1701,"template":"","meta":[],"product_brand":[],"product_cat":[258,398,281,217],"product_tag":[225,282,285,284,283],"class_list":{"0":"post-2077","1":"product","2":"type-product","3":"status-publish","4":"has-post-thumbnail","6":"product_cat-amiga-600-fr","7":"product_cat-extension-de-la-memoire","8":"product_cat-memoire-cles-memoire","9":"product_cat-mods-hw-amiga","10":"product_tag-amiga-fr","11":"product_tag-amiga-600-fr","12":"product_tag-extension-de-la-memoire","13":"product_tag-memoire","14":"product_tag-ram-fr","15":"product_shipping_class-dhl-fr","17":"first","18":"instock","19":"taxable","20":"shipping-taxable","21":"purchasable","22":"product-type-simple"},"jetpack_sharing_enabled":true,"_links":{"self":[{"href":"https:\/\/www.retrobuddys.com\/fr\/wp-json\/wp\/v2\/product\/2077","targetHints":{"allow":["GET"]}}],"collection":[{"href":"https:\/\/www.retrobuddys.com\/fr\/wp-json\/wp\/v2\/product"}],"about":[{"href":"https:\/\/www.retrobuddys.com\/fr\/wp-json\/wp\/v2\/types\/product"}],"wp:featuredmedia":[{"embeddable":true,"href":"https:\/\/www.retrobuddys.com\/fr\/wp-json\/wp\/v2\/media\/1701"}],"wp:attachment":[{"href":"https:\/\/www.retrobuddys.com\/fr\/wp-json\/wp\/v2\/media?parent=2077"}],"wp:term":[{"taxonomy":"product_brand","embeddable":true,"href":"https:\/\/www.retrobuddys.com\/fr\/wp-json\/wp\/v2\/product_brand?post=2077"},{"taxonomy":"product_cat","embeddable":true,"href":"https:\/\/www.retrobuddys.com\/fr\/wp-json\/wp\/v2\/product_cat?post=2077"},{"taxonomy":"product_tag","embeddable":true,"href":"https:\/\/www.retrobuddys.com\/fr\/wp-json\/wp\/v2\/product_tag?post=2077"}],"curies":[{"name":"wp","href":"https:\/\/api.w.org\/{rel}","templated":true}]}}