{"id":2076,"date":"2023-03-19T21:38:22","date_gmt":"2023-03-19T21:38:22","guid":{"rendered":"https:\/\/www.retrobuddys.com\/shop\/non%20class\u00e9\/amiga-2000-rev-6-recap-kit\/"},"modified":"2025-01-05T10:36:02","modified_gmt":"2025-01-05T10:36:02","slug":"amiga-2000-rev-6-recap-kit","status":"publish","type":"product","link":"https:\/\/www.retrobuddys.com\/fr\/shop\/mods-hw-amiga\/amiga-2000-fr\/amiga-2000-rev-6-recap-kit\/","title":{"rendered":"Amiga 2000 Rev 6 Recap Kit"},"content":{"rendered":"<h1>Amiga 2000 Rev 6 Recap Kit<\/h1>\n<p>Nouveaux condensateurs haut de gamme pour la carte Amiga 2000 R\u00e9vision 4. Remplacez les condensateurs de votre Amiga avant qu&rsquo;il ne soit trop tard et que les condensateurs originaux vieux de 30+ ans ne coulent et ne causent de gros d\u00e9g\u00e2ts \u00e0 la carte m\u00e8re.<\/p>\n<p><span style=\"font-family: Verdana;\"><b>32 condensateurs pour la Rev 6 :<\/b><\/span><\/p>\n<div>\n<ul>\n<li><span style=\"font-family: Verdana;\">4x 220 uF, 16V, Axial<\/span><\/li>\n<li><span style=\"font-family: Verdana;\">13x 47 uF, 25V<\/span><\/li>\n<li><span style=\"font-family: Verdana;\">1x 220 uF, 35V<\/span><\/li>\n<li><span style=\"font-family: Verdana;\">3x 4,7 uF, 50V<\/span><\/li>\n<li><span style=\"font-family: Verdana;\">7x 22 uF, 50V<\/span><\/li>\n<li><span style=\"font-family: Verdana;\">4x 470 uF, 16V<\/span><\/li>\n<\/ul>\n<\/div>\n<p>Nous utilisons uniquement des condensateurs \u00ab\u00a0Longlife\u00a0\u00bb de haute qualit\u00e9 de Rubycon, Illinois et W\u00fcrth.<br \/>\nVeuillez noter que le remplacement des condensateurs doit \u00eatre effectu\u00e9 exclusivement par un professionnel. Nous n&rsquo;assumons aucune garantie en cas d&rsquo;installation incorrecte.<\/p>\n","protected":false},"excerpt":{"rendered":"<p>Amiga 2000 Rev 6 Recap Kit Nouveaux condensateurs haut de gamme pour la carte Amiga 2000 R\u00e9vision 4. Remplacez les condensateurs de votre Amiga avant qu&rsquo;il ne soit trop tard et que les condensateurs originaux vieux de 30+ ans ne coulent et ne causent de gros d\u00e9g\u00e2ts \u00e0 la carte m\u00e8re. 32 condensateurs pour la [&#8230;]\n","protected":false},"featured_media":1695,"template":"","meta":[],"product_brand":[],"product_cat":[220,274,255,217,257],"product_tag":[276,279,278,277],"class_list":{"0":"post-2076","1":"product","2":"type-product","3":"status-publish","4":"has-post-thumbnail","6":"product_cat-amiga-2000-fr","7":"product_cat-cables-et-petites-pieces","8":"product_cat-divers","9":"product_cat-mods-hw-amiga","10":"product_cat-pcb-circuits-imprimes","11":"product_tag-amiga-500-fr","12":"product_tag-condensateurs","13":"product_tag-kit-fr","14":"product_tag-recap-fr","15":"product_shipping_class-maxi-lettre","17":"first","18":"instock","19":"taxable","20":"shipping-taxable","21":"purchasable","22":"product-type-simple"},"origins":[],"jetpack_sharing_enabled":true,"_links":{"self":[{"href":"https:\/\/www.retrobuddys.com\/fr\/wp-json\/wp\/v2\/product\/2076","targetHints":{"allow":["GET"]}}],"collection":[{"href":"https:\/\/www.retrobuddys.com\/fr\/wp-json\/wp\/v2\/product"}],"about":[{"href":"https:\/\/www.retrobuddys.com\/fr\/wp-json\/wp\/v2\/types\/product"}],"wp:featuredmedia":[{"embeddable":true,"href":"https:\/\/www.retrobuddys.com\/fr\/wp-json\/wp\/v2\/media\/1695"}],"wp:attachment":[{"href":"https:\/\/www.retrobuddys.com\/fr\/wp-json\/wp\/v2\/media?parent=2076"}],"wp:term":[{"taxonomy":"product_brand","embeddable":true,"href":"https:\/\/www.retrobuddys.com\/fr\/wp-json\/wp\/v2\/product_brand?post=2076"},{"taxonomy":"product_cat","embeddable":true,"href":"https:\/\/www.retrobuddys.com\/fr\/wp-json\/wp\/v2\/product_cat?post=2076"},{"taxonomy":"product_tag","embeddable":true,"href":"https:\/\/www.retrobuddys.com\/fr\/wp-json\/wp\/v2\/product_tag?post=2076"}],"curies":[{"name":"wp","href":"https:\/\/api.w.org\/{rel}","templated":true}]}}