{"id":2070,"date":"2023-06-29T09:59:52","date_gmt":"2023-06-29T09:59:52","guid":{"rendered":"https:\/\/www.retrobuddys.com\/shop\/non%20class\u00e9\/lecteur-gotek-avec-puce-artery-at32f435-pcb-only\/"},"modified":"2026-02-08T15:57:30","modified_gmt":"2026-02-08T15:57:30","slug":"gotek-lecteur-avec-artery-at32f435-chip-pcb-only","status":"publish","type":"product","link":"https:\/\/www.retrobuddys.com\/fr\/shop\/gotek-fr\/gotek-lecteur-avec-artery-at32f435-chip-pcb-only\/","title":{"rendered":"Lecteur Gotek avec puce Artery AT32F435 *PCB only"},"content":{"rendered":"<p><b>Lecteur Amiga Gotek avec puce Artery AT32F435 *PCB only*.<\/b><\/p>\n<p><b><br \/>\n<\/b>\u00c9mulateur de disquette USB Gotek pour lire les fichiers ADF directement depuis une cl\u00e9 USB.<br \/>\nUn micrologiciel doit \u00eatre install\u00e9 sur le lecteur. Vous trouverez des d\u00e9tails sur le firmware FlashFloppy ici =&gt; https:\/\/github.com\/keirf\/flashfloppy<\/p>\n<p><b>Comment utiliser le lecteur Gotek ?<\/b><\/p>\n<p>C&rsquo;est tr\u00e8s simple : il suffit de remplacer le lecteur de disquettes d&rsquo;origine par ce lecteur de disquettes USB ou de le connecter via un adaptateur externe. Vous devez copier vos fichiers ADF pr\u00e9f\u00e9r\u00e9s sur une cl\u00e9 USB sur votre PC. L&rsquo;\u00e9cran OLED fournit, outre le nom du fichier actuel, d&rsquo;autres informations sur le processus de chargement.<strong><br \/>\n<\/strong><\/p>\n<p><strong>Contenu de la livraison :<\/strong><\/p>\n<ul>\n<li>\u00c9mulateur de disquette USB GOTEK<\/li>\n<li>Puce art\u00e9rielle AT32F435<\/li>\n<li><strong style=\"color: #555555; font-size: 14.4px;\">Attention !  <\/strong><span style=\"font-size: 14.4px;\">*PCB only* ! (pas d&rsquo;\u00e9cran OLED, de c\u00e2ble, de rotor, de bo\u00eetier, etc pp) *PAS DE RETOUR*.<\/span><\/li>\n<\/ul>\n","protected":false},"excerpt":{"rendered":"<p>Lecteur Amiga Gotek avec puce Artery AT32F435 *PCB only*. \u00c9mulateur de disquette USB Gotek pour lire les fichiers ADF directement depuis une cl\u00e9 USB. Un micrologiciel doit \u00eatre install\u00e9 sur le lecteur. Vous trouverez des d\u00e9tails sur le firmware FlashFloppy ici =&gt; https:\/\/github.com\/keirf\/flashfloppy Comment utiliser le lecteur Gotek ? C&rsquo;est tr\u00e8s simple : il suffit [&#8230;]\n","protected":false},"featured_media":1734,"template":"","meta":[],"product_brand":[],"product_cat":[219,217,257],"product_tag":[226,261],"class_list":{"0":"post-2070","1":"product","2":"type-product","3":"status-publish","4":"has-post-thumbnail","6":"product_cat-gotek-fr","7":"product_cat-mods-hw-amiga","8":"product_cat-pcb-circuits-imprimes","9":"product_tag-gotek-fr","10":"product_tag-pcb-fr","11":"product_shipping_class-dhl-fr","13":"first","14":"instock","15":"taxable","16":"shipping-taxable","17":"purchasable","18":"product-type-simple"},"origins":[],"jetpack_sharing_enabled":true,"_links":{"self":[{"href":"https:\/\/www.retrobuddys.com\/fr\/wp-json\/wp\/v2\/product\/2070","targetHints":{"allow":["GET"]}}],"collection":[{"href":"https:\/\/www.retrobuddys.com\/fr\/wp-json\/wp\/v2\/product"}],"about":[{"href":"https:\/\/www.retrobuddys.com\/fr\/wp-json\/wp\/v2\/types\/product"}],"wp:featuredmedia":[{"embeddable":true,"href":"https:\/\/www.retrobuddys.com\/fr\/wp-json\/wp\/v2\/media\/1734"}],"wp:attachment":[{"href":"https:\/\/www.retrobuddys.com\/fr\/wp-json\/wp\/v2\/media?parent=2070"}],"wp:term":[{"taxonomy":"product_brand","embeddable":true,"href":"https:\/\/www.retrobuddys.com\/fr\/wp-json\/wp\/v2\/product_brand?post=2070"},{"taxonomy":"product_cat","embeddable":true,"href":"https:\/\/www.retrobuddys.com\/fr\/wp-json\/wp\/v2\/product_cat?post=2070"},{"taxonomy":"product_tag","embeddable":true,"href":"https:\/\/www.retrobuddys.com\/fr\/wp-json\/wp\/v2\/product_tag?post=2070"}],"curies":[{"name":"wp","href":"https:\/\/api.w.org\/{rel}","templated":true}]}}