{"id":2069,"date":"2023-04-09T06:53:30","date_gmt":"2023-04-09T06:53:30","guid":{"rendered":"https:\/\/www.retrobuddys.com\/shop\/non%20class\u00e9\/raspberry-pi-3a-nouveau-amiga-pistorm\/"},"modified":"2025-01-05T10:36:07","modified_gmt":"2025-01-05T10:36:07","slug":"raspberry-pi-3a","status":"publish","type":"product","link":"https:\/\/www.retrobuddys.com\/fr\/shop\/composants-socles-et-elements-de-construction\/raspberry-pi-3a\/","title":{"rendered":"Raspberry PI 3A+ *Nouveau* Amiga PiStorm"},"content":{"rendered":"<p><span style=\"font-family: Tahoma;\"><u><strong>Le Raspberry Pi 3A+ *Nouveau* Id\u00e9al pour Amiga PiStorm<\/strong><\/u><\/span><\/p>\n<div><\/div>\n<div>Le Raspberry Pi 3 Model A+ est le dernier n\u00e9 de la gamme Raspberry Pi 3.<br \/>\nComme le Raspberry Pi 3 Model B+, il est \u00e9quip\u00e9 d&rsquo;un processeur quadric\u0153ur 64 bits 1,4 GHz, d&rsquo;un r\u00e9seau local sans fil bi-bande 2,4 GHz et 5 GHz et du Bluetooth 4.2\/BLE.Le Raspberry Pi 3 Model A+ a la m\u00eame taille m\u00e9canique que le Raspberry Pi 1 Model A+<strong>.Caract\u00e9ristiques techniques<\/strong><\/p>\n<ul>\n<li><strong>Processeur<\/strong>\n<ul>\n<li>Broadcom BCM2837B0 Jeu de puces<\/li>\n<li>64 bit Quad Core ARM Cortex-A53 @ 1,4 GHz<\/li>\n<\/ul>\n<\/li>\n<li><strong>M\u00e9moire vive<\/strong>\n<ul>\n<li>512 MB LPDDR2 SDRAM<\/li>\n<\/ul>\n<\/li>\n<li><strong>Connectivit\u00e9<\/strong>\n<ul>\n<li>LAN sans fil 2,4 GHz et 5 GHz IEEE 802.11 b\/g\/n\/ac<\/li>\n<li>Bluetooth 4.2 BLE<\/li>\n<li>1x port USB 2.0<\/li>\n<\/ul>\n<\/li>\n<li><strong>Acc\u00e8s<\/strong>\n<ul>\n<li>En-t\u00eate GPIO \u00e0 40 broches<\/li>\n<\/ul>\n<\/li>\n<li><strong>Image &amp; son<\/strong>\n<ul>\n<li>1x connecteur HDMI de type A<\/li>\n<li>Port d&rsquo;affichage MIPI DSI<\/li>\n<li>Port de cam\u00e9ra MIPI CSI<\/li>\n<li>Prise jack combin\u00e9e 3,5 mm \u00e0 4 broches pour l&rsquo;audio analogique et la vid\u00e9o composite<\/li>\n<\/ul>\n<\/li>\n<li><strong>Multim\u00e9dia<\/strong>\n<ul>\n<li>H.264, d\u00e9codage MPEG-4 (1080p30)<\/li>\n<li>Encodage H.264 (1080p30) ;<\/li>\n<li>Graphiques OpenGL ES 1.1, 2.0<\/li>\n<\/ul>\n<\/li>\n<li><strong>Prise en charge des cartes SD<\/strong>\n<ul>\n<li>Format Micro SD pour le chargement du syst\u00e8me d&rsquo;exploitation et le stockage des donn\u00e9es<\/li>\n<\/ul>\n<\/li>\n<li><strong>Alimentation \u00e9lectrique<\/strong>\n<ul>\n<li>5V\/2,5A DC via micro USB type B femelle<\/li>\n<li>5V DC via l&rsquo;en-t\u00eate GPIO<\/li>\n<\/ul>\n<\/li>\n<li><strong>Environs<br \/>\n<\/strong><\/p>\n<ul>\n<li>temp\u00e9rature de fonctionnement : 0-50\u00b0 C<\/li>\n<\/ul>\n<\/li>\n<li><strong>Dimensions<\/strong>\n<ul>\n<li>65 x 56 x 8,5 mm<\/li>\n<li>Diam\u00e8tre des trous : 2,75mm<\/li>\n<\/ul>\n<\/li>\n<\/ul>\n<\/div>\n","protected":false},"excerpt":{"rendered":"<p>Le Raspberry Pi 3A+ *Nouveau* Id\u00e9al pour Amiga PiStorm Le Raspberry Pi 3 Model A+ est le dernier n\u00e9 de la gamme Raspberry Pi 3. Comme le Raspberry Pi 3 Model B+, il est \u00e9quip\u00e9 d&rsquo;un processeur quadric\u0153ur 64 bits 1,4 GHz, d&rsquo;un r\u00e9seau local sans fil bi-bande 2,4 GHz et 5 GHz et du [&#8230;]\n","protected":false},"featured_media":1719,"template":"","meta":[],"product_brand":[],"product_cat":[420,523],"product_tag":[225,260,259,524],"class_list":{"0":"post-2069","1":"product","2":"type-product","3":"status-publish","4":"has-post-thumbnail","6":"product_cat-composants-socles-et-elements-de-construction","7":"product_cat-pistorm-fr-2","8":"product_tag-amiga-fr","9":"product_tag-pistorm-fr","10":"product_tag-raspberry-pi-fr","11":"product_tag-raspi-fr","12":"product_shipping_class-dhl-fr","14":"first","15":"instock","16":"taxable","17":"shipping-taxable","18":"purchasable","19":"product-type-simple"},"origins":[],"jetpack_sharing_enabled":true,"_links":{"self":[{"href":"https:\/\/www.retrobuddys.com\/fr\/wp-json\/wp\/v2\/product\/2069","targetHints":{"allow":["GET"]}}],"collection":[{"href":"https:\/\/www.retrobuddys.com\/fr\/wp-json\/wp\/v2\/product"}],"about":[{"href":"https:\/\/www.retrobuddys.com\/fr\/wp-json\/wp\/v2\/types\/product"}],"wp:featuredmedia":[{"embeddable":true,"href":"https:\/\/www.retrobuddys.com\/fr\/wp-json\/wp\/v2\/media\/1719"}],"wp:attachment":[{"href":"https:\/\/www.retrobuddys.com\/fr\/wp-json\/wp\/v2\/media?parent=2069"}],"wp:term":[{"taxonomy":"product_brand","embeddable":true,"href":"https:\/\/www.retrobuddys.com\/fr\/wp-json\/wp\/v2\/product_brand?post=2069"},{"taxonomy":"product_cat","embeddable":true,"href":"https:\/\/www.retrobuddys.com\/fr\/wp-json\/wp\/v2\/product_cat?post=2069"},{"taxonomy":"product_tag","embeddable":true,"href":"https:\/\/www.retrobuddys.com\/fr\/wp-json\/wp\/v2\/product_tag?post=2069"}],"curies":[{"name":"wp","href":"https:\/\/api.w.org\/{rel}","templated":true}]}}