{"id":2036,"date":"2023-09-12T09:31:37","date_gmt":"2023-09-12T09:31:37","guid":{"rendered":"https:\/\/www.retrobuddys.com\/shop\/non%20class\u00e9\/amiga-2000-lecteur-interne-gotek-avec-ecran-0-96-rotary\/"},"modified":"2026-01-31T16:34:33","modified_gmt":"2026-01-31T16:34:33","slug":"amiga-2000-gotek-interne","status":"publish","type":"product","link":"https:\/\/www.retrobuddys.com\/fr\/shop\/mods-hw-amiga\/amiga-2000-fr\/amiga-2000-gotek-interne\/","title":{"rendered":"Amiga 2000 lecteur interne Gotek avec \u00e9cran 0.96&Prime; &amp; Rotary"},"content":{"rendered":"<p><strong>Amiga 2000 lecteur interne Gotek avec \u00e9cran, bouton rotatif &amp; cl\u00e9 USB AT435<\/strong><\/p>\n<p>6 couleurs diff\u00e9rentes en 3,5&Prime; ou 5,25<\/p>\n<p>\u00c9mulateur de disquette USB Gotek pour la lecture directe de fichiers ADF \u00e0 partir d&rsquo;une cl\u00e9 USB.<\/p>\n<p>Un \u00e9cran OLED de 0,96&Prime;(24,38mm) avec une r\u00e9solution de 128&#215;64 caract\u00e8res sur un maximum de 4 lignes est install\u00e9. De plus, un bouton rotatif permet de s\u00e9lectionner facilement le fichier concern\u00e9.<\/p>\n<p><strong>Comment utiliser le lecteur Gotek ?<\/strong><\/p>\n<p>C&rsquo;est tr\u00e8s simple : il suffit de remplacer le lecteur de disquettes d&rsquo;origine par ce lecteur de disquettes USB ou de le connecter via un adaptateur externe. Vous devez copier vos fichiers ADF pr\u00e9f\u00e9r\u00e9s sur une cl\u00e9 USB sur votre PC.<\/p>\n<p>L&rsquo;\u00e9cran OLED fournit, outre le nom du fichier actuel, d&rsquo;autres informations sur le processus de chargement.<\/p>\n<p><strong>Contenu de la livraison :<\/strong><\/p>\n<ul>\n<li>\u00e9mulateur de disquette USB interne GOTEK avec micrologiciel Flash Floppy+ actuel (3.38)<\/li>\n<li>puce Artery 435 (plus de m\u00e9moire interne)<\/li>\n<li>\u00c9cran OLED de 0,96&Prime; (24,38 mm) avec une r\u00e9solution de 128&#215;64 caract\u00e8res sur 4 lignes au maximum<\/li>\n<li>Amiga 2000 3D Print Frame pour l&rsquo;installation interne<\/li>\n<li>bouton rotatif avec bouton<\/li>\n<\/ul>\n<p><strong>Artery435 :<\/strong><\/p>\n<p>Ce MCU fonctionne \u00e0 288MHz et poss\u00e8de 384kB de SRAM. En comparaison, le MCU Artery415 ne poss\u00e8de que 32kb de SRAM. Les 384kb sont suffisants pour un fonctionnement fiable, un cache de disquette \u00e9tendu et permettront \u00e0 l&rsquo;avenir un plus large \u00e9ventail de fonctions de micrologiciel. Le firmware avanc\u00e9 qui fonctionne sur ce MCU s&rsquo;appelle FlashFloppy PLUS (ou FlashFloppy+).<\/p>\n<p><strong>Attention !<\/strong><\/p>\n<p>Le lecteur avec le cadre 3D est destin\u00e9 \u00e0 \u00eatre install\u00e9 en interne dans l&rsquo;Amiga 2000.<\/p>\n","protected":false},"excerpt":{"rendered":"<p>Lecteur Amiga Gotek \u00c9mulateur de disquette USB Amiga 2000 interne 3.5&Prime; ou 5.1\/4<\/p>\n","protected":false},"featured_media":1743,"template":"","meta":[],"product_brand":[],"product_cat":[220,219,217],"product_tag":[225,226],"class_list":{"0":"post-2036","1":"product","2":"type-product","3":"status-publish","4":"has-post-thumbnail","6":"product_cat-amiga-2000-fr","7":"product_cat-gotek-fr","8":"product_cat-mods-hw-amiga","9":"product_tag-amiga-fr","10":"product_tag-gotek-fr","11":"product_shipping_class-dhl-fr","13":"first","14":"instock","15":"taxable","16":"shipping-taxable","17":"purchasable","18":"product-type-variable","19":"has-default-attributes"},"jetpack_sharing_enabled":true,"_links":{"self":[{"href":"https:\/\/www.retrobuddys.com\/fr\/wp-json\/wp\/v2\/product\/2036","targetHints":{"allow":["GET"]}}],"collection":[{"href":"https:\/\/www.retrobuddys.com\/fr\/wp-json\/wp\/v2\/product"}],"about":[{"href":"https:\/\/www.retrobuddys.com\/fr\/wp-json\/wp\/v2\/types\/product"}],"wp:featuredmedia":[{"embeddable":true,"href":"https:\/\/www.retrobuddys.com\/fr\/wp-json\/wp\/v2\/media\/1743"}],"wp:attachment":[{"href":"https:\/\/www.retrobuddys.com\/fr\/wp-json\/wp\/v2\/media?parent=2036"}],"wp:term":[{"taxonomy":"product_brand","embeddable":true,"href":"https:\/\/www.retrobuddys.com\/fr\/wp-json\/wp\/v2\/product_brand?post=2036"},{"taxonomy":"product_cat","embeddable":true,"href":"https:\/\/www.retrobuddys.com\/fr\/wp-json\/wp\/v2\/product_cat?post=2036"},{"taxonomy":"product_tag","embeddable":true,"href":"https:\/\/www.retrobuddys.com\/fr\/wp-json\/wp\/v2\/product_tag?post=2036"}],"curies":[{"name":"wp","href":"https:\/\/api.w.org\/{rel}","templated":true}]}}