{"id":1972,"date":"2023-09-12T09:52:15","date_gmt":"2023-09-12T09:52:15","guid":{"rendered":"https:\/\/www.retrobuddys.com\/shop\/non%20class\u00e9\/amiga-2000-interne-gotek-525-3d-frame\/"},"modified":"2025-01-21T07:07:26","modified_gmt":"2025-01-21T07:07:26","slug":"amiga-2000-525frame","status":"publish","type":"product","link":"https:\/\/www.retrobuddys.com\/fr\/shop\/mods-hw-amiga\/amiga-2000-fr\/amiga-2000-525frame\/","title":{"rendered":"Amiga 2000 interne Gotek 5,25&Prime; 3D Frame"},"content":{"rendered":"<p><strong>Amiga 2000 lecteur interne Gotek 5,25&Prime; 3D Frame<\/strong><\/p>\n<p>6 couleurs diff\u00e9rentes 5,25<\/p>\n<p><strong>Contenu de la livraison :<\/strong><\/p>\n<ul>\n<li>Amiga 2000 3D Print Frame pour l&rsquo;installation interne<\/li>\n<li>Les \u00e9crans OLED des lecteurs Gotek normaux ne s&rsquo;adaptent pas et les lecteurs ne peuvent pas \u00eatre facilement modifi\u00e9s !<\/li>\n<\/ul>\n<p>&nbsp;<\/p>\n","protected":false},"excerpt":{"rendered":"<p>Amiga Gotek lecteur de disquette \u00e9mulateur USB noir Amiga 500\/500+\/600\/1<wbr><\/wbr>200\/2000<\/p>\n","protected":false},"featured_media":1761,"template":"","meta":[],"product_brand":[],"product_cat":[220,219,217],"product_tag":[225,226],"class_list":{"0":"post-1972","1":"product","2":"type-product","3":"status-publish","4":"has-post-thumbnail","6":"product_cat-amiga-2000-fr","7":"product_cat-gotek-fr","8":"product_cat-mods-hw-amiga","9":"product_tag-amiga-fr","10":"product_tag-gotek-fr","11":"product_shipping_class-maxi-lettre","13":"first","14":"instock","15":"taxable","16":"shipping-taxable","17":"purchasable","18":"product-type-variable","19":"has-default-attributes"},"jetpack_sharing_enabled":true,"_links":{"self":[{"href":"https:\/\/www.retrobuddys.com\/fr\/wp-json\/wp\/v2\/product\/1972","targetHints":{"allow":["GET"]}}],"collection":[{"href":"https:\/\/www.retrobuddys.com\/fr\/wp-json\/wp\/v2\/product"}],"about":[{"href":"https:\/\/www.retrobuddys.com\/fr\/wp-json\/wp\/v2\/types\/product"}],"wp:featuredmedia":[{"embeddable":true,"href":"https:\/\/www.retrobuddys.com\/fr\/wp-json\/wp\/v2\/media\/1761"}],"wp:attachment":[{"href":"https:\/\/www.retrobuddys.com\/fr\/wp-json\/wp\/v2\/media?parent=1972"}],"wp:term":[{"taxonomy":"product_brand","embeddable":true,"href":"https:\/\/www.retrobuddys.com\/fr\/wp-json\/wp\/v2\/product_brand?post=1972"},{"taxonomy":"product_cat","embeddable":true,"href":"https:\/\/www.retrobuddys.com\/fr\/wp-json\/wp\/v2\/product_cat?post=1972"},{"taxonomy":"product_tag","embeddable":true,"href":"https:\/\/www.retrobuddys.com\/fr\/wp-json\/wp\/v2\/product_tag?post=1972"}],"curies":[{"name":"wp","href":"https:\/\/api.w.org\/{rel}","templated":true}]}}