{"id":14574,"date":"2026-05-07T18:21:54","date_gmt":"2026-05-07T18:21:54","guid":{"rendered":"https:\/\/www.retrobuddys.com\/?post_type=product&#038;p=14574"},"modified":"2026-05-07T18:58:13","modified_gmt":"2026-05-07T18:58:13","slug":"pistorm-hdmi-framethrower-kit-complet-amiga-600","status":"publish","type":"product","link":"https:\/\/www.retrobuddys.com\/fr\/shop\/mods-hw-amiga\/amiga-600-fr\/pistorm-hdmi-framethrower-kit-complet-amiga-600\/","title":{"rendered":"PiStorm HDMI Framethrower Kit complet Amiga 600"},"content":{"rendered":"<h3><strong>PiStorm HDMI Framethrower Set complet pour Amiga 600 *nouveau<\/strong><\/h3>\n<p><strong>En achetant l&rsquo;adaptateur chez nous, vous soutenez activement le projet, car une partie des recettes est directement revers\u00e9e \u00e0 l&rsquo;\u00e9quipe !<\/strong><\/p>\n<p>Pour plus de d\u00e9tails, veuillez consulter les composants individuels.<\/p>\n<p><strong>Conditions pr\u00e9alables<\/strong><\/p>\n<ul>\n<li>Amiga 600<\/li>\n<\/ul>\n<p><strong>Contenu de la livraison<\/strong><\/p>\n<ul>\n<li>PiStorm 600 *Black<\/li>\n<li>Raspberry Pi 3a+<\/li>\n<li>Carte SD de 64 Go<\/li>\n<li>Adaptateur FrameThrower RGB vers HDMI pour Amiga 600<\/li>\n<li>C\u00e2ble FFC (ruban plat) pour connecter Framethrower au RaspberryPi - 10cm<\/li>\n<li>C\u00e2ble HDMI FFC avec connecteur externe Bo\u00eetier<\/li>\n<li>CD Amiga OS 3.2.3 en option<\/li>\n<\/ul>\n<p><strong>Documentation<\/strong><\/p>\n<ul>\n<li>La documentation sur le projet est disponible ici <a href=\"https:\/\/github.com\/PiStorm\/Framethrower_Denise\" target=\"_blank\" rel=\"noopener\">: https:\/\/github.com\/PiStorm\/Framethrower_Denise<\/a><\/li>\n<li>Informations de configuration <a href=\"https:\/\/github.com\/PiStorm\/Framethrower_Denise\/blob\/main\/setup.md\" target=\"_blank\" rel=\"noopener\">: https:\/\/github.com\/PiStorm\/Framethrower_Denise\/blob\/main\/setup.md<\/a><\/li>\n<li>Quelques d\u00e9tails dans AmiTopia =&gt; <a href=\"https:\/\/amitopia.com\/this-is-the-new-pistorm-framethrower\/\" target=\"_blank\" rel=\"noopener\">https:\/\/amitopia.com\/this-is-the-new-pistorm-framethrower\/<\/a><\/li>\n<li>Une tr\u00e8s belle vid\u00e9o explicative sur FrameThrower par <a href=\"https:\/\/franky-net.de\/\" target=\"_blank\" rel=\"noopener\">FrankyByte<\/a> (French only) =&gt; <a href=\"https:\/\/www.youtube.com\/watch?v=Q1mRGgXmthg\" target=\"_blank\" rel=\"noopener\">https:\/\/www.youtube.com\/watch?v=Q1mRGgXmthg<\/a><\/li>\n<\/ul>\n<p>Le FrameThrower pour Amiga 600 a \u00e9t\u00e9 d\u00e9velopp\u00e9 par Leigh Russ sur la base du FrameThrower de @Claude1079 Claude Schwarz. Nous sommes heureux d&rsquo;offrir un peu de soutien \u00e0 ce projet exceptionnel.<\/p>\n<p>Nous fabriquons les adaptateurs FrameThrower RGB to HDMI et les adaptateurs PiStorm en interne.<\/p>\n","protected":false},"excerpt":{"rendered":"<h3><strong>PiStorm HDMI Framethrower Set complet pour Amiga 600 *nouveau<\/strong><\/h3>\n<p><strong>En achetant l&rsquo;adaptateur chez nous, vous soutenez activement le projet, car une partie des recettes est directement revers\u00e9e \u00e0 l&rsquo;\u00e9quipe !<\/strong><\/p>\n","protected":false},"featured_media":14526,"template":"","meta":[],"product_brand":[],"product_cat":[258,217,523,804],"product_tag":[225,282,1186,805,386,645,644],"class_list":{"0":"post-14574","1":"product","2":"type-product","3":"status-publish","4":"has-post-thumbnail","6":"product_cat-amiga-600-fr","7":"product_cat-mods-hw-amiga","8":"product_cat-pistorm-fr-2","9":"product_cat-rgb2hdmi","10":"product_tag-amiga-fr","11":"product_tag-amiga-600-fr","12":"product_tag-amiga600","13":"product_tag-framethrower","14":"product_tag-raspberry-fr","15":"product_tag-rgb2hdmi-fr","16":"product_tag-rgbtohdmi-fr","17":"product_shipping_class-dhl-fr","19":"first","20":"instock","21":"taxable","22":"shipping-taxable","23":"purchasable","24":"product-type-variable","25":"has-default-attributes"},"origins":[],"jetpack_sharing_enabled":true,"_links":{"self":[{"href":"https:\/\/www.retrobuddys.com\/fr\/wp-json\/wp\/v2\/product\/14574","targetHints":{"allow":["GET"]}}],"collection":[{"href":"https:\/\/www.retrobuddys.com\/fr\/wp-json\/wp\/v2\/product"}],"about":[{"href":"https:\/\/www.retrobuddys.com\/fr\/wp-json\/wp\/v2\/types\/product"}],"wp:featuredmedia":[{"embeddable":true,"href":"https:\/\/www.retrobuddys.com\/fr\/wp-json\/wp\/v2\/media\/14526"}],"wp:attachment":[{"href":"https:\/\/www.retrobuddys.com\/fr\/wp-json\/wp\/v2\/media?parent=14574"}],"wp:term":[{"taxonomy":"product_brand","embeddable":true,"href":"https:\/\/www.retrobuddys.com\/fr\/wp-json\/wp\/v2\/product_brand?post=14574"},{"taxonomy":"product_cat","embeddable":true,"href":"https:\/\/www.retrobuddys.com\/fr\/wp-json\/wp\/v2\/product_cat?post=14574"},{"taxonomy":"product_tag","embeddable":true,"href":"https:\/\/www.retrobuddys.com\/fr\/wp-json\/wp\/v2\/product_tag?post=14574"}],"curies":[{"name":"wp","href":"https:\/\/api.w.org\/{rel}","templated":true}]}}