{"id":14465,"date":"2026-05-07T17:23:23","date_gmt":"2026-05-07T17:23:23","guid":{"rendered":"https:\/\/www.retrobuddys.com\/?post_type=product&#038;p=14465"},"modified":"2026-05-07T18:57:14","modified_gmt":"2026-05-07T18:57:14","slug":"rprom-7x-amiga-500-600-2000-a-partir-de-6a-4-3-kickstart-switcher-configurable","status":"publish","type":"product","link":"https:\/\/www.retrobuddys.com\/fr\/shop\/mods-hw-amiga\/amiga-2000-fr\/rprom-7x-amiga-500-600-2000-a-partir-de-6a-4-3-kickstart-switcher-configurable\/","title":{"rendered":"RPROM 7x Amiga 500\/600\/2000 \u00e0 partir de 6a\/4.3 Kickstart Switcher configurable"},"content":{"rendered":"<h1>RPROM Amiga 500 &gt; Rev 6a \/ Amiga 600 \/ Amiga 2000 \u00e0 partir de la Rev. 4.3<br \/>\n7-fach Kickstart Switcher enti\u00e8rement configurable sur PC\/Amiga !<\/h1>\n<p>RPROM est un \u00e9mulateur de ROM pour les ordinateurs Amiga 16 bits (A500, A600, A2000), bas\u00e9 sur le microcontr\u00f4leur RP2350B. RPROM a \u00e9t\u00e9 d\u00e9velopp\u00e9 conjointement par Niklas Ekstr\u00f6m et Per Bengtsson et nous sommes heureux de le proposer en collaboration avec les d\u00e9veloppeurs. <\/p>\n<p>La carte RPROM dispose d&rsquo;une m\u00e9moire flash SPI de 4 Mo. Chaque image ROM a une taille de 512 ko, donc les 4 Mo sont divis\u00e9s en huit emplacements m\u00e9moire de 512 ko chacun. Le premier emplacement de m\u00e9moire est destin\u00e9 au stockage du micrologiciel RPROM et des donn\u00e9es de configuration pour le RP2350B. Les sept emplacements restants servent \u00e0 stocker les images kickstart \/ ROM.   <\/p>\n<p>Les images ROM peuvent \u00eatre \u00e9crites dans la m\u00e9moire flash soit via USB sur le PC, soit directement depuis l&rsquo;Amiga avec un programme appel\u00e9 RPROM.<br \/>\nCe programme RPROM est \u00e9galement utilis\u00e9 pour changer le slot actif ou d\u00e9terminer quel est le slot actif.<\/p>\n<p>RPROM est une commande CLI ex\u00e9cut\u00e9e sur l&rsquo;Amiga. Elle dispose des sous-commandes suivantes : <\/p>\n<ul>\n<li>RPROM status fournit des informations sur l&rsquo;\u00e9tat du p\u00e9riph\u00e9rique<\/li>\n<li>RPROM switch &lt;slot&gt; change le slot actif et red\u00e9marre l&rsquo;Amiga<\/li>\n<li>RPROM write  &lt;slot&gt; &lt;image&gt;  \u00e9crit le contenu du fichier  &lt;image&gt;  dans le slot  &lt;slot&gt;<\/li>\n<li>Lecture de la RPROM  &lt;slot&gt; &lt;image&gt;  lit le contenu de l&#8217;emplacement  &lt;slot&gt;  et l&rsquo;enregistre dans le fichier  &lt;image&gt;<\/li>\n<li>RPROM erase &lt;slot&gt; efface le slot &lt;slot&gt;<\/li>\n<\/ul>\n<p>Notez que les images ROM ne doivent pas \u00eatre \u00e9chang\u00e9es octet par octet (c&rsquo;est-\u00e0-dire que vous avez besoin des images .ROM et non des images .BIN !)<\/p>\n<p>Pour changer le slot actif par le clavier (CTRL - Amiga - Amiga pendant 3 secondes), la broche de r\u00e9initialisation du RPROM doit \u00eatre connect\u00e9e \u00e0 la broche 11 de Paula ou \u00e0 la broche 5 de Gary.<br \/>\nDes comp\u00e9tences en soudure sont n\u00e9cessaires. Ceci est \u00e9galement valable si DiagRom est d\u00e9marr\u00e9 \u00e0 partir de la RPROM. Si DiagRom est lanc\u00e9 sans que la broche de r\u00e9initialisation soit connect\u00e9e, le slot actif ne peut \u00eatre chang\u00e9 que sur le PC.  <\/p>\n<p>RPROM ne fonctionne pas encore avec un Amiga1200 \/ 3000 \/ 4000. Ceci est pr\u00e9vu pour une date ult\u00e9rieure. Niklas et Per travaillent d\u00e9j\u00e0 sur le firmware. Deux RPROMs seront alors n\u00e9cessaires.   <\/p>\n<p>Pour un Amiga 500 Rev 5 ou un Amiga 2000 avant Rev 4.3, un adaptateur est n\u00e9cessaire.<\/p>\n<p><strong>!Attention ! apr\u00e8s l&rsquo;achat, vous devez prouver de mani\u00e8re cr\u00e9dible que vous poss\u00e9dez une licence pour les versions Kickstart si vous voulez que nous installions des Kickstarts<\/strong> (Cloanto ou autre) !<br \/>\nSi vous n&rsquo;avez pas de licence pour les versions Kickstart, vous pouvez vous les procurer chez Cloanto (entre-temps, malheureusement, version \u00ab\u00a0Plus\u00a0\u00bb).<\/p>\n<p>Diagnostic-Amiga-ROM par John Hertell. Pour plus d&rsquo;informations, voir : www.diagrom.com.<\/p>\n<p>Contenu de la livraison :<\/p>\n<ul>\n<li>RPROM Rev 2 pour Amiga 500 Rev 6a, Amiga 600 et Amiga 2000 \u00e0 partir de la Rev 4.3<\/li>\n<li>Instructions de montage<\/li>\n<li>30cm de c\u00e2ble DuPont + Pin Header<\/li>\n<\/ul>\n<p>Les d\u00e9tails du projet sont disponibles ici =&gt; <a href=\"https:\/\/github.com\/niklasekstrom\/RPROM\" target=\"_blank\" rel=\"noopener\">https:\/\/github.com\/niklasekstrom\/RPROM<\/a><\/p>\n<p>Niklas et Per re\u00e7oivent de notre part une partie des recettes.<\/p>\n","protected":false},"excerpt":{"rendered":"<p><span style=\"color: #ed1c24; font-size: 130%;\">Jusqu&rsquo;au 31.5.2026 au prix de lancement ! !!<\/span><\/p>\n<p>RPROM est un \u00e9mulateur de ROM pour les ordinateurs Amiga 16 bits (A500, A600, A2000), bas\u00e9 sur le microcontr\u00f4leur RP2350B. RPROM a \u00e9t\u00e9 d\u00e9velopp\u00e9 conjointement par Niklas Ekstr\u00f6m et Per Bengtsson et nous sommes heureux de le proposer en collaboration avec les d\u00e9veloppeurs. <\/p>\n","protected":false},"featured_media":14494,"template":"","meta":[],"product_brand":[],"product_cat":[220,233,258,217],"product_tag":[225,407,1181,408],"class_list":{"0":"post-14465","1":"product","2":"type-product","3":"status-publish","4":"has-post-thumbnail","6":"product_cat-amiga-2000-fr","7":"product_cat-amiga-500-fr","8":"product_cat-amiga-600-fr","9":"product_cat-mods-hw-amiga","10":"product_tag-amiga-fr","11":"product_tag-kickstart-fr","12":"product_tag-rprom","13":"product_tag-switcher-fr","14":"product_shipping_class-maxi-lettre","16":"first","17":"instock","18":"sale","19":"taxable","20":"shipping-taxable","21":"purchasable","22":"product-type-variable","23":"has-default-attributes"},"origins":[],"jetpack_sharing_enabled":true,"_links":{"self":[{"href":"https:\/\/www.retrobuddys.com\/fr\/wp-json\/wp\/v2\/product\/14465","targetHints":{"allow":["GET"]}}],"collection":[{"href":"https:\/\/www.retrobuddys.com\/fr\/wp-json\/wp\/v2\/product"}],"about":[{"href":"https:\/\/www.retrobuddys.com\/fr\/wp-json\/wp\/v2\/types\/product"}],"wp:featuredmedia":[{"embeddable":true,"href":"https:\/\/www.retrobuddys.com\/fr\/wp-json\/wp\/v2\/media\/14494"}],"wp:attachment":[{"href":"https:\/\/www.retrobuddys.com\/fr\/wp-json\/wp\/v2\/media?parent=14465"}],"wp:term":[{"taxonomy":"product_brand","embeddable":true,"href":"https:\/\/www.retrobuddys.com\/fr\/wp-json\/wp\/v2\/product_brand?post=14465"},{"taxonomy":"product_cat","embeddable":true,"href":"https:\/\/www.retrobuddys.com\/fr\/wp-json\/wp\/v2\/product_cat?post=14465"},{"taxonomy":"product_tag","embeddable":true,"href":"https:\/\/www.retrobuddys.com\/fr\/wp-json\/wp\/v2\/product_tag?post=14465"}],"curies":[{"name":"wp","href":"https:\/\/api.w.org\/{rel}","templated":true}]}}