{"id":14184,"date":"2026-04-08T19:13:59","date_gmt":"2026-04-08T19:13:59","guid":{"rendered":"https:\/\/www.retrobuddys.com\/shop\/non%20class\u00e9\/14184\/"},"modified":"2026-04-26T11:32:07","modified_gmt":"2026-04-26T11:32:07","slug":"framethrower-pistorm-adaptateur-rgbtohdmi-amiga-600","status":"publish","type":"product","link":"https:\/\/www.retrobuddys.com\/fr\/shop\/mods-hw-amiga\/amiga-600-fr\/framethrower-pistorm-adaptateur-rgbtohdmi-amiga-600\/","title":{"rendered":"FrameThrower PiStorm Adaptateur RGBtoHDMI Amiga 600"},"content":{"rendered":"<h3><strong>PiStorm Addon \u00ab\u00a0FrameThrower\u00a0\u00bb Adaptateur RGBtoHDMI pour Amiga600<\/strong><\/h3>\n<p>Le tr\u00e8s attendu addon \u00ab\u00a0FrameThrower\u00a0\u00bb pour PiStorm pour Amiga 600 est enfin pr\u00eat !<\/p>\n<p>Cet adaptateur permet de sortir les signaux RGB de l&rsquo;Amiga 600 sur HDMI via le PiStorm. L&rsquo;adaptateur se branche sur le socle Denise de l&rsquo;Amiga 600 et se connecte au Raspberry Pi sur le PiStorm via un c\u00e2ble FPC.  Il est donc enfin possible de lire du RGB via HDMI, ce qui remplace une deuxi\u00e8me prise moniteur via un adaptateur RGB \/ 2nd HDMI sur l&rsquo;Amiga 600 et rend inutile un adaptateur RGB2HDMI suppl\u00e9mentaire pour les Amiga PiStorm !<\/p>\n<p>La lecture du son n&rsquo;est pas (encore) possible mais sera bient\u00f4t impl\u00e9ment\u00e9e dans le logiciel, selon Claude Schwarz !<\/p>\n<p>Nous proposons l&rsquo;adaptateur en 2 versions : Community Edition avec une grande part de donation pour Leigh (Lemaru) ou en \u00e9dition normale. Vous pouvez \u00e9galement commander une extension HDMI avec un bo\u00eetier\/cache d&rsquo;impression 3D non destructif. <\/p>\n<p><strong>En achetant l&rsquo;adaptateur chez nous, vous soutenez activement le projet, car une partie des recettes est directement revers\u00e9e \u00e0 l&rsquo;\u00e9quipe !<\/strong><\/p>\n<p><strong>Caract\u00e9ristiques<\/strong><\/p>\n<ul>\n<li>Pour Amiga 600<\/li>\n<li>Convertisseur RGB vers HDMI<\/li>\n<\/ul>\n<p><strong>Conditions pr\u00e9alables<\/strong><\/p>\n<ul>\n<li>Amiga 600<\/li>\n<li><span style=\"font-size: 14.4px;\">PiStorm 600 et RaspberryPi 3.<\/span><\/li>\n<\/ul>\n<p><strong>Contenu de la livraison<\/strong><\/p>\n<ul>\n<li>Adaptateur FrameThrower RGB vers HDMI pour Amiga 600<\/li>\n<li>C\u00e2ble FFC (ruban plat) pour connecter le Framethrower au RaspberryPi - 10cm Amiga600 ATTENTION ne convient pas au Raspberry Pi Zero2 !<\/li>\n<\/ul>\n<p><strong>Versions<\/strong><\/p>\n<ul>\n<li>Ready to Go = d\u00e9baller, brancher, en cours.<\/li>\n<li>Kit = socle PLCC inclus et \u00e0 souder, contient un c\u00e2ble FFC.<\/li>\n<li>PCB \u00e9quip\u00e9 = uniquement le circuit imprim\u00e9 \u00e9quip\u00e9 de CMS. Le socle PLCC et les c\u00e2bles ne sont pas inclus. <\/li>\n<\/ul>\n<p><strong>Documentation<\/strong><\/p>\n<ul>\n<li>La documentation sur le projet est disponible ici <a href=\"https:\/\/github.com\/PiStorm\/Framethrower_Denise\" target=\"_blank\" rel=\"noopener\">: https:\/\/github.com\/PiStorm\/Framethrower_Denise<\/a><\/li>\n<li>Informations de configuration <a href=\"https:\/\/github.com\/PiStorm\/Framethrower_Denise\/blob\/main\/setup.md\" target=\"_blank\" rel=\"noopener\">: https:\/\/github.com\/PiStorm\/Framethrower_Denise\/blob\/main\/setup.md<\/a><\/li>\n<li>Quelques d\u00e9tails dans AmiTopia =&gt; <a href=\"https:\/\/amitopia.com\/this-is-the-new-pistorm-framethrower\/\" target=\"_blank\" rel=\"noopener\">https:\/\/amitopia.com\/this-is-the-new-pistorm-framethrower\/<\/a><\/li>\n<li>Une tr\u00e8s belle vid\u00e9o explicative sur FrameThrower par <a href=\"https:\/\/franky-net.de\/\" target=\"_blank\" rel=\"noopener\">FrankyByte<\/a> (French only) =&gt; <a href=\"https:\/\/www.youtube.com\/watch?v=Q1mRGgXmthg\" target=\"_blank\" rel=\"noopener\">https:\/\/www.youtube.com\/watch?v=Q1mRGgXmthg<\/a><\/li>\n<\/ul>\n<p>L&rsquo;adaptateur RGB vers HDMI a \u00e9t\u00e9 d\u00e9velopp\u00e9 par @Claude1079 Claude Schwarz et adapt\u00e9 par Leigh Russ @LemaruX pour l&rsquo;Amiga 600. Nous sommes heureux d&rsquo;offrir un peu de soutien \u00e0 ce projet exceptionnel.<\/p>\n<p>Nous fabriquons les adaptateurs FrameThrower RGB to HDMI en interne.<\/p>\n","protected":false},"excerpt":{"rendered":"<h3><strong>PiStorm Addon \u00ab\u00a0FrameThrower\u00a0\u00bb Adaptateur RGMtoHDMI pour Amiga600<\/strong><\/h3>\n<p>Le tr\u00e8s attendu addon \u00ab\u00a0FrameThrower\u00a0\u00bb pour PiStorm pour Amiga 600 est enfin pr\u00eat !<\/p>\n<p>La lecture du son n&rsquo;est pas (encore) possible mais sera bient\u00f4t impl\u00e9ment\u00e9e dans le logiciel, selon Claude Schwarz !<\/p>\n<p><strong>En achetant l&rsquo;adaptateur chez nous, vous soutenez activement le projet, car une partie des recettes est directement revers\u00e9e \u00e0 l&rsquo;\u00e9quipe !<\/strong><\/p>\n","protected":false},"featured_media":14185,"template":"","meta":[],"product_brand":[],"product_cat":[258,523,804],"product_tag":[282,1159,805,1158,260],"class_list":{"0":"post-14184","1":"product","2":"type-product","3":"status-publish","4":"has-post-thumbnail","6":"product_cat-amiga-600-fr","7":"product_cat-pistorm-fr-2","8":"product_cat-rgb2hdmi","9":"product_tag-amiga-600-fr","10":"product_tag-frame-thrower","11":"product_tag-framethrower","12":"product_tag-ft600","13":"product_tag-pistorm-fr","14":"product_shipping_class-dhl-fr","16":"first","17":"instock","18":"taxable","19":"shipping-taxable","20":"purchasable","21":"product-type-variable","22":"has-default-attributes"},"origins":[],"jetpack_sharing_enabled":true,"_links":{"self":[{"href":"https:\/\/www.retrobuddys.com\/fr\/wp-json\/wp\/v2\/product\/14184","targetHints":{"allow":["GET"]}}],"collection":[{"href":"https:\/\/www.retrobuddys.com\/fr\/wp-json\/wp\/v2\/product"}],"about":[{"href":"https:\/\/www.retrobuddys.com\/fr\/wp-json\/wp\/v2\/types\/product"}],"wp:featuredmedia":[{"embeddable":true,"href":"https:\/\/www.retrobuddys.com\/fr\/wp-json\/wp\/v2\/media\/14185"}],"wp:attachment":[{"href":"https:\/\/www.retrobuddys.com\/fr\/wp-json\/wp\/v2\/media?parent=14184"}],"wp:term":[{"taxonomy":"product_brand","embeddable":true,"href":"https:\/\/www.retrobuddys.com\/fr\/wp-json\/wp\/v2\/product_brand?post=14184"},{"taxonomy":"product_cat","embeddable":true,"href":"https:\/\/www.retrobuddys.com\/fr\/wp-json\/wp\/v2\/product_cat?post=14184"},{"taxonomy":"product_tag","embeddable":true,"href":"https:\/\/www.retrobuddys.com\/fr\/wp-json\/wp\/v2\/product_tag?post=14184"}],"curies":[{"name":"wp","href":"https:\/\/api.w.org\/{rel}","templated":true}]}}