{"id":13965,"date":"2026-02-26T17:17:43","date_gmt":"2026-02-26T17:17:43","guid":{"rendered":"https:\/\/www.retrobuddys.com\/shop\/non%20class\u00e9\/cartouche-sunsoft-collection-2\/"},"modified":"2026-02-26T17:18:10","modified_gmt":"2026-02-26T17:18:10","slug":"cartouche-sunsoft-collection-2","status":"publish","type":"product","link":"https:\/\/www.retrobuddys.com\/fr\/shop\/blaze-evercade\/cartouches\/cartouche-sunsoft-collection-2\/","title":{"rendered":"Cartouche Sunsoft Collection 2"},"content":{"rendered":"<p>Sunsoft est de retour sur Evercade avec une autre superbe collection ! Vous pouvez profiter de sept jeux du c\u00e9l\u00e8bre d\u00e9veloppeur japonais sur une cartouche physique. Contient de grandes franchises comme Blaster Master et une s\u00e9lection de jeux 8, 16 et 32 bits ! Chaque cartouche Evercade est livr\u00e9e avec un manuel d&rsquo;utilisation en couleur, une bo\u00eete physique et des statuts de m\u00e9moire pour que vous puissiez la prendre en main et jouer \u00e0 tout moment. Jouable sur les syst\u00e8mes Evercade Handheld, Evercade VS, Evercade EXP et Super Pocket !    <\/p>\n<p>- Manuel en couleur inclus<br \/>\n- Genre : Platformer<br \/>\n- Compatible avec Evercade Handheld, Evercade VS, Evercade EXP et Super Pocket<\/p>\n<p>Les jeux suivants sont inclus :<br \/>\n1. Aero the Acro-Bat 2<br \/>\n2. Blaster Master : Enemy Below<br \/>\n3. Daze Before Christmas<br \/>\n4. Galaxy Fight : Universal Warriors<br \/>\n5. Pri Primitive Princess !<br \/>\n6. Ufouria : The Saga<br \/>\n7. Zero the Kamikaze Squirrel<\/p>\n<p>Remarque : la console n&rsquo;est pas incluse.<\/p>\n","protected":false},"excerpt":{"rendered":"<p>Sunsoft est de retour sur Evercade avec une autre superbe collection ! Vous pouvez profiter de sept jeux du c\u00e9l\u00e8bre d\u00e9veloppeur japonais sur une cartouche physique. Contient de grandes franchises comme Blaster Master et une s\u00e9lection de jeux 8, 16 et 32 bits ! Chaque cartouche Evercade est livr\u00e9e avec un manuel d&rsquo;utilisation en couleur, [&#8230;]\n","protected":false},"featured_media":13956,"template":"","meta":[],"product_brand":[955],"product_cat":[1004],"product_tag":[],"class_list":{"0":"post-13965","1":"product","2":"type-product","3":"status-publish","4":"has-post-thumbnail","6":"product_brand-blaze-entertainment","7":"product_cat-cartouches","8":"product_shipping_class-maxi-lettre","10":"first","11":"instock","12":"taxable","13":"shipping-taxable","14":"purchasable","15":"product-type-simple"},"jetpack_sharing_enabled":true,"_links":{"self":[{"href":"https:\/\/www.retrobuddys.com\/fr\/wp-json\/wp\/v2\/product\/13965","targetHints":{"allow":["GET"]}}],"collection":[{"href":"https:\/\/www.retrobuddys.com\/fr\/wp-json\/wp\/v2\/product"}],"about":[{"href":"https:\/\/www.retrobuddys.com\/fr\/wp-json\/wp\/v2\/types\/product"}],"wp:featuredmedia":[{"embeddable":true,"href":"https:\/\/www.retrobuddys.com\/fr\/wp-json\/wp\/v2\/media\/13956"}],"wp:attachment":[{"href":"https:\/\/www.retrobuddys.com\/fr\/wp-json\/wp\/v2\/media?parent=13965"}],"wp:term":[{"taxonomy":"product_brand","embeddable":true,"href":"https:\/\/www.retrobuddys.com\/fr\/wp-json\/wp\/v2\/product_brand?post=13965"},{"taxonomy":"product_cat","embeddable":true,"href":"https:\/\/www.retrobuddys.com\/fr\/wp-json\/wp\/v2\/product_cat?post=13965"},{"taxonomy":"product_tag","embeddable":true,"href":"https:\/\/www.retrobuddys.com\/fr\/wp-json\/wp\/v2\/product_tag?post=13965"}],"curies":[{"name":"wp","href":"https:\/\/api.w.org\/{rel}","templated":true}]}}