{"id":13943,"date":"2026-02-26T17:12:27","date_gmt":"2026-02-26T17:12:27","guid":{"rendered":"https:\/\/www.retrobuddys.com\/shop\/non%20class\u00e9\/cartouche-taito-arcade-3\/"},"modified":"2026-02-26T17:12:53","modified_gmt":"2026-02-26T17:12:53","slug":"cartouche-taito-arcade-3","status":"publish","type":"product","link":"https:\/\/www.retrobuddys.com\/fr\/shop\/blaze-evercade\/cartouches\/cartouche-taito-arcade-3\/","title":{"rendered":"Cartouche Taito Arcade 3"},"content":{"rendered":"<p>9 autres classiques d&rsquo;arcade TAITO pour Evercade ! Revenez dans l&rsquo;arcade avec une autre collection de classiques TAITO, dont le c\u00e9l\u00e8bre PUZZLE BOBBLE, l&rsquo;abstrait QIX, le jeu d&rsquo;action-aventure coop\u00e9ratif CADASH et bien plus encore ! <\/p>\n<p>- Manuel en couleur inclus<br \/>\n- Genres inclus : action, sport et puzzle<br \/>\n- Compatible avec tous les appareils Evercade, y compris Alpha Bartop Arcades, VS-Rs, EXP-Rs et Super Pockets<br \/>\n- Evercade propose plus de 600 jeux sur plus de 75 modules avec des licences de fournisseurs tels que TAITO, Activision, Rare, NEOGEO et bien d&rsquo;autres<br \/>\n- Licence officielle avec \u00e9mulation de premi\u00e8re qualit\u00e9<\/p>\n<p>Les jeux suivants sont inclus :<br \/>\n1. Cadsh<br \/>\n2. Football Champ<br \/>\n3. Qix<br \/>\n4. Camel Try<br \/>\n5. Lunar Rescue<br \/>\n6. The Fairland Story<br \/>\n7. Crazy Balloon<br \/>\n8. Puzzle Bobble<br \/>\n9. Zoo Keeper<\/p>\n<p>Remarque : la console n&rsquo;est pas incluse.<\/p>\n","protected":false},"excerpt":{"rendered":"<p>9 autres classiques d&rsquo;arcade TAITO pour Evercade ! Revenez dans l&rsquo;arcade avec une autre collection de classiques TAITO, dont le c\u00e9l\u00e8bre PUZZLE BOBBLE, l&rsquo;abstrait QIX, le jeu d&rsquo;action-aventure coop\u00e9ratif CADASH et bien plus encore ! - Manuel en couleur inclus - Genres inclus : action, sport et puzzle - Compatible avec tous les appareils Evercade, [&#8230;]\n","protected":false},"featured_media":10377,"template":"","meta":[],"product_brand":[955],"product_cat":[1004],"product_tag":[964,849,985],"class_list":{"0":"post-13943","1":"product","2":"type-product","3":"status-publish","4":"has-post-thumbnail","6":"product_brand-blaze-entertainment","7":"product_cat-cartouches","8":"product_tag-blaze","9":"product_tag-cartouche","10":"product_tag-evercade","11":"product_shipping_class-maxi-lettre","13":"first","14":"instock","15":"taxable","16":"shipping-taxable","17":"purchasable","18":"product-type-simple"},"jetpack_sharing_enabled":true,"_links":{"self":[{"href":"https:\/\/www.retrobuddys.com\/fr\/wp-json\/wp\/v2\/product\/13943","targetHints":{"allow":["GET"]}}],"collection":[{"href":"https:\/\/www.retrobuddys.com\/fr\/wp-json\/wp\/v2\/product"}],"about":[{"href":"https:\/\/www.retrobuddys.com\/fr\/wp-json\/wp\/v2\/types\/product"}],"wp:featuredmedia":[{"embeddable":true,"href":"https:\/\/www.retrobuddys.com\/fr\/wp-json\/wp\/v2\/media\/10377"}],"wp:attachment":[{"href":"https:\/\/www.retrobuddys.com\/fr\/wp-json\/wp\/v2\/media?parent=13943"}],"wp:term":[{"taxonomy":"product_brand","embeddable":true,"href":"https:\/\/www.retrobuddys.com\/fr\/wp-json\/wp\/v2\/product_brand?post=13943"},{"taxonomy":"product_cat","embeddable":true,"href":"https:\/\/www.retrobuddys.com\/fr\/wp-json\/wp\/v2\/product_cat?post=13943"},{"taxonomy":"product_tag","embeddable":true,"href":"https:\/\/www.retrobuddys.com\/fr\/wp-json\/wp\/v2\/product_tag?post=13943"}],"curies":[{"name":"wp","href":"https:\/\/api.w.org\/{rel}","templated":true}]}}