{"id":13894,"date":"2026-02-22T09:59:49","date_gmt":"2026-02-22T09:59:49","guid":{"rendered":"https:\/\/www.retrobuddys.com\/shop\/non%20class\u00e9\/teensy-4-1-avec-kit-de-vente-au-detail-de-tetes-de-reseau\/"},"modified":"2026-02-22T10:02:49","modified_gmt":"2026-02-22T10:02:49","slug":"teensy-4-1-avec-kit-de-vente-au-detail-de-tetes-de-reseau","status":"publish","type":"product","link":"https:\/\/www.retrobuddys.com\/fr\/shop\/composants-socles-et-elements-de-construction\/teensy-4-1-avec-kit-de-vente-au-detail-de-tetes-de-reseau\/","title":{"rendered":"Teensy 4.1 avec kit de vente au d\u00e9tail de t\u00eates de r\u00e9seau"},"content":{"rendered":"<h3>Teensy 4.1 avec kit de vente au d\u00e9tail de headers PJRC<\/h3>\n<p>Le nouveau Teensy 4.1 est dot\u00e9 d&rsquo;un processeur ARM Cortex-M7 cadenc\u00e9 \u00e0 600 MHz, d&rsquo;une puce NXP iMXRT1062, d&rsquo;une m\u00e9moire flash quatre fois plus grande que celle du Teensy 4.0 et de deux emplacements de m\u00e9moire suppl\u00e9mentaires pour \u00e9tendre la m\u00e9moire. Il a la m\u00eame taille et la m\u00eame forme que le Teensy 3.6 (2,4 x 0,7 pouces) et offre une plus grande capacit\u00e9 d&rsquo;E\/S, Ethernet-PHY, un socle pour carte SD et un port h\u00f4te USB.<br \/>\nLorsqu&rsquo;il fonctionne \u00e0 pleine charge, le Teensy 4.1 consomme environ 100 mA et offre un support pour la mise \u00e0 l&rsquo;\u00e9chelle dynamique de l&rsquo;horloge. <\/p>\n<p><b>D\u00e9tails techniques<\/b><br \/>\n- ARM-Cortex-M7 \u00e0 600MHz<br \/>\n- 1024K de RAM (512K sont \u00e9troitement coupl\u00e9s)<br \/>\n- 128Mb Flash (64K r\u00e9serv\u00e9s \u00e0 la restauration &amp;Amp ; \u00e9mulation EEPROM)<br \/>\n- Port h\u00f4te USB<br \/>\n- 2x emplacements de m\u00e9moire flash suppl\u00e9mentaires<br \/>\n- 3x CAN-Bus (1 avec CAN FD)<br \/>\n- 2x I2S audio num\u00e9rique<br \/>\n- 1x S\/PDIF audio num\u00e9rique<br \/>\n- 1x SDIO (4 bits) natif SD<br \/>\n- 3x SPI, tous avec 16 mots FIFO<br \/>\n- 3x I2C, tous avec 4 octets FIFO<br \/>\n- 7x s\u00e9rie, tous avec 4 octets FIFO<br \/>\n- 32x canaux DMA \u00e0 usage g\u00e9n\u00e9ral<br \/>\n- 31x broches PWM<br \/>\n- 40x broches num\u00e9riques, toutes compatibles avec les interruptures<br \/>\n- 14x broches analogiques, 2 ADC sur la puce<br \/>\n- Acc\u00e9l\u00e9ration cryptographique<br \/>\n- G\u00e9n\u00e9rateur de nombres al\u00e9atoires<br \/>\n- RTC pour la date\/l&rsquo;heure<br \/>\n- FlexIO programmable<br \/>\n- Pipeline de traitement des pixels<br \/>\n- D\u00e9clenchement crois\u00e9 p\u00e9riph\u00e9rique<br \/>\n- Ethernet PHY<br \/>\n- Socle pour carte microSD<br \/>\n- Gestion de l&rsquo;alimentation on\/off<\/p>\n<p>Vous trouverez des informations plus d\u00e9taill\u00e9es dans la fiche technique sous \u00ab\u00a0Fiches techniques\u00a0\u00bb ou sur le site du fabricant <a href=\"https:\/\/www.pjrc.com\/teensy\/\">https:\/\/www.pjrc.com\/teensy\/<\/a><\/p>\n<p><b>Remarque<\/b>:<br \/>\nLes entr\u00e9es de signal de Teensy ne sont pas con\u00e7ues pour des tensions allant jusqu&rsquo;\u00e0 3,3V.<\/p>\n","protected":false},"excerpt":{"rendered":"<p>Teensy 4.1 avec kit de vente au d\u00e9tail de headers PJRC Le nouveau Teensy 4.1 est dot\u00e9 d&rsquo;un processeur ARM Cortex-M7 cadenc\u00e9 \u00e0 600 MHz, d&rsquo;une puce NXP iMXRT1062, d&rsquo;une m\u00e9moire flash quatre fois plus grande que celle du Teensy 4.0 et de deux emplacements de m\u00e9moire suppl\u00e9mentaires pour \u00e9tendre la m\u00e9moire. Il a la [&#8230;]\n","protected":false},"featured_media":13895,"template":"","meta":[],"product_brand":[],"product_cat":[420],"product_tag":[848,1143],"class_list":{"0":"post-13894","1":"product","2":"type-product","3":"status-publish","4":"has-post-thumbnail","6":"product_cat-composants-socles-et-elements-de-construction","7":"product_tag-teensy","8":"product_tag-teensy-4-1","9":"product_shipping_class-maxi-lettre","11":"first","12":"instock","13":"taxable","14":"shipping-taxable","15":"purchasable","16":"product-type-simple"},"jetpack_sharing_enabled":true,"_links":{"self":[{"href":"https:\/\/www.retrobuddys.com\/fr\/wp-json\/wp\/v2\/product\/13894","targetHints":{"allow":["GET"]}}],"collection":[{"href":"https:\/\/www.retrobuddys.com\/fr\/wp-json\/wp\/v2\/product"}],"about":[{"href":"https:\/\/www.retrobuddys.com\/fr\/wp-json\/wp\/v2\/types\/product"}],"wp:featuredmedia":[{"embeddable":true,"href":"https:\/\/www.retrobuddys.com\/fr\/wp-json\/wp\/v2\/media\/13895"}],"wp:attachment":[{"href":"https:\/\/www.retrobuddys.com\/fr\/wp-json\/wp\/v2\/media?parent=13894"}],"wp:term":[{"taxonomy":"product_brand","embeddable":true,"href":"https:\/\/www.retrobuddys.com\/fr\/wp-json\/wp\/v2\/product_brand?post=13894"},{"taxonomy":"product_cat","embeddable":true,"href":"https:\/\/www.retrobuddys.com\/fr\/wp-json\/wp\/v2\/product_cat?post=13894"},{"taxonomy":"product_tag","embeddable":true,"href":"https:\/\/www.retrobuddys.com\/fr\/wp-json\/wp\/v2\/product_tag?post=13894"}],"curies":[{"name":"wp","href":"https:\/\/api.w.org\/{rel}","templated":true}]}}