{"id":13876,"date":"2026-02-22T09:48:12","date_gmt":"2026-02-22T09:48:12","guid":{"rendered":"https:\/\/www.retrobuddys.com\/shop\/non%20class\u00e9\/commodore-c64-lumafix64-v1-2-nouveau\/"},"modified":"2026-02-22T10:25:20","modified_gmt":"2026-02-22T10:25:20","slug":"commodore-c64-lumafix64-v1-2-nouveau","status":"publish","type":"product","link":"https:\/\/www.retrobuddys.com\/fr\/shop\/c64\/commodore-c64-lumafix64-v1-2-nouveau\/","title":{"rendered":"Commodore C64 LumaFix64 V1.2 *Nouveau"},"content":{"rendered":"<h3>Commodore C64 LumaFix64 V1.2 *Nouveau<\/h3>\n<p>LumaFix64 a \u00e9t\u00e9 d\u00e9velopp\u00e9 par <a href=\"https:\/\/www.lemon64.com\/forum\/viewtopic.php?t=40570&amp;start=375\" target=\"_blank\" rel=\"noopener\">e5Frog<\/a> et ce module est l&rsquo;adaptation de Sven Petersen.<br \/>\nIl a \u00e9t\u00e9 con\u00e7u pour \u00e9liminer les lignes verticales de l&rsquo;image du C64 caus\u00e9es par des signaux \u00e9galement pr\u00e9sents dans la puce vid\u00e9o VIC-II. Il dispose d&rsquo;un ajustement du signal chroma qui peut aider \u00e0 r\u00e9duire les probl\u00e8mes li\u00e9s \u00e0 la connexion S-vid\u00e9o des t\u00e9l\u00e9viseurs et LCD modernes. LumaFix64 aide \u00e0 \u00e9liminer le probl\u00e8me en inversant les signaux parasites et en les r\u00e9injectant dans le signal Luma.  <\/p>\n<p>Aucune soudure n&rsquo;est n\u00e9cessaire ! Retirez simplement la puce VIC-II de la carte m\u00e8re du C64 avec un tournevis plat et ins\u00e9rez la LumaFix64 dans le socle VIC-II, puis ins\u00e9rez la puce VIC-II dans la LumaFix64 et revissez votre C64. <\/p>\n<p>Pour plus d&rsquo;informations, rendez-vous sur <a href=\"https:\/\/breadbox64.com\/blog\/the-lumafix64-mod\/\" target=\"_blank\" rel=\"noopener\">: https:\/\/breadbox64.com\/blog\/the-lumafix64-mod\/<\/a><\/p>\n<p>Merci \u00e0 <a href=\"https:\/\/www.lemon64.com\/forum\/viewtopic.php?t=40570&amp;start=375\" target=\"_blank\" rel=\"noopener\">e5Frog<\/a> et \u00e0 Sven Petersen <a href=\"https:\/\/github.com\/svenpetersen1965\/LumaFix64\" target=\"_blank\" rel=\"noopener\">: https:\/\/github.com\/svenpetersen1965\/LumaFix64<\/a><\/p>\n","protected":false},"excerpt":{"rendered":"<p>Commodore C64 LumaFix64 V1.2 *Nouveau LumaFix64 a \u00e9t\u00e9 d\u00e9velopp\u00e9 par e5Frog et ce module est l&rsquo;adaptation de Sven Petersen. Il a \u00e9t\u00e9 con\u00e7u pour \u00e9liminer les lignes verticales de l&rsquo;image du C64 caus\u00e9es par des signaux \u00e9galement pr\u00e9sents dans la puce vid\u00e9o VIC-II. Il dispose d&rsquo;un ajustement du signal chroma qui peut aider \u00e0 r\u00e9duire [&#8230;]\n","protected":false},"featured_media":13877,"template":"","meta":[],"product_brand":[925],"product_cat":[819],"product_tag":[1137,821,1136],"class_list":{"0":"post-13876","1":"product","2":"type-product","3":"status-publish","4":"has-post-thumbnail","6":"product_brand-retro-buddys","7":"product_cat-c64","8":"product_tag-av","9":"product_tag-c64","10":"product_tag-lumafix","11":"product_shipping_class-maxi-lettre","13":"first","14":"instock","15":"taxable","16":"shipping-taxable","17":"purchasable","18":"product-type-simple"},"jetpack_sharing_enabled":true,"_links":{"self":[{"href":"https:\/\/www.retrobuddys.com\/fr\/wp-json\/wp\/v2\/product\/13876","targetHints":{"allow":["GET"]}}],"collection":[{"href":"https:\/\/www.retrobuddys.com\/fr\/wp-json\/wp\/v2\/product"}],"about":[{"href":"https:\/\/www.retrobuddys.com\/fr\/wp-json\/wp\/v2\/types\/product"}],"wp:featuredmedia":[{"embeddable":true,"href":"https:\/\/www.retrobuddys.com\/fr\/wp-json\/wp\/v2\/media\/13877"}],"wp:attachment":[{"href":"https:\/\/www.retrobuddys.com\/fr\/wp-json\/wp\/v2\/media?parent=13876"}],"wp:term":[{"taxonomy":"product_brand","embeddable":true,"href":"https:\/\/www.retrobuddys.com\/fr\/wp-json\/wp\/v2\/product_brand?post=13876"},{"taxonomy":"product_cat","embeddable":true,"href":"https:\/\/www.retrobuddys.com\/fr\/wp-json\/wp\/v2\/product_cat?post=13876"},{"taxonomy":"product_tag","embeddable":true,"href":"https:\/\/www.retrobuddys.com\/fr\/wp-json\/wp\/v2\/product_tag?post=13876"}],"curies":[{"name":"wp","href":"https:\/\/api.w.org\/{rel}","templated":true}]}}