{"id":13851,"date":"2026-02-22T09:39:55","date_gmt":"2026-02-22T09:39:55","guid":{"rendered":"https:\/\/www.retrobuddys.com\/shop\/non%20class\u00e9\/commodore-c64-c128-av-adapter-s-video-composite-audio-g-d\/"},"modified":"2026-02-22T10:29:22","modified_gmt":"2026-02-22T10:29:22","slug":"commodore-c64-c128-av-adapter-s-video-composite-audio-g-d","status":"publish","type":"product","link":"https:\/\/www.retrobuddys.com\/fr\/shop\/c64\/commodore-c64-c128-av-adapter-s-video-composite-audio-g-d\/","title":{"rendered":"Commodore C64 \/ C128 AV Adapter - S-Vid\u00e9o Composite &amp; Audio G\/D"},"content":{"rendered":"<h1>Commodore C64 \/ C128 AV Adapter - S-Vid\u00e9o Composite &amp; Audio G\/D<\/h1>\n<p>Vous pouvez choisir entre la sortie vid\u00e9o composite et S-vid\u00e9o pour connecter les \u00e9crans modernes et anciens \u00e0 votre C64 et C128.<br \/>\nPour l&rsquo;entr\u00e9e C 64, nous utilisons uniquement des SV80 Lumberg de haute qualit\u00e9 et non des copies chinoises bon march\u00e9 !<\/p>\n<p>Vous pouvez choisir l&rsquo;une des 5 couleurs pour le bo\u00eetier. L&rsquo;utilisation sans bo\u00eetier n&rsquo;est pas recommand\u00e9e ! <\/p>\n<p>Merci \u00e0 Sven Petersen pour la conception ! <a href=\"https:\/\/github.com\/svenpetersen1965\/C64-A-V-Adaptor\" target=\"_blank\" rel=\"noopener\">https:\/\/github.com\/svenpetersen1965\/C64-A-V-Adaptor<\/a><\/p>\n","protected":false},"excerpt":{"rendered":"<p>Commodore C64 \/ C128 AV Adapter - S-Vid\u00e9o Composite &amp; Audio G\/D Vous pouvez choisir entre la sortie vid\u00e9o composite et S-vid\u00e9o pour connecter les \u00e9crans modernes et anciens \u00e0 votre C64 et C128. Pour l&rsquo;entr\u00e9e C 64, nous utilisons uniquement des SV80 Lumberg de haute qualit\u00e9 et non des copies chinoises bon march\u00e9 ! [&#8230;]\n","protected":false},"featured_media":13852,"template":"","meta":[],"product_brand":[925],"product_cat":[819],"product_tag":[1126,821,1127],"class_list":{"0":"post-13851","1":"product","2":"type-product","3":"status-publish","4":"has-post-thumbnail","6":"product_brand-retro-buddys","7":"product_cat-c64","8":"product_tag-adaptateur-av","9":"product_tag-c64","10":"product_tag-video","11":"product_shipping_class-maxi-lettre","13":"first","14":"instock","15":"taxable","16":"shipping-taxable","17":"purchasable","18":"product-type-variable","19":"has-default-attributes"},"jetpack_sharing_enabled":true,"_links":{"self":[{"href":"https:\/\/www.retrobuddys.com\/fr\/wp-json\/wp\/v2\/product\/13851","targetHints":{"allow":["GET"]}}],"collection":[{"href":"https:\/\/www.retrobuddys.com\/fr\/wp-json\/wp\/v2\/product"}],"about":[{"href":"https:\/\/www.retrobuddys.com\/fr\/wp-json\/wp\/v2\/types\/product"}],"wp:featuredmedia":[{"embeddable":true,"href":"https:\/\/www.retrobuddys.com\/fr\/wp-json\/wp\/v2\/media\/13852"}],"wp:attachment":[{"href":"https:\/\/www.retrobuddys.com\/fr\/wp-json\/wp\/v2\/media?parent=13851"}],"wp:term":[{"taxonomy":"product_brand","embeddable":true,"href":"https:\/\/www.retrobuddys.com\/fr\/wp-json\/wp\/v2\/product_brand?post=13851"},{"taxonomy":"product_cat","embeddable":true,"href":"https:\/\/www.retrobuddys.com\/fr\/wp-json\/wp\/v2\/product_cat?post=13851"},{"taxonomy":"product_tag","embeddable":true,"href":"https:\/\/www.retrobuddys.com\/fr\/wp-json\/wp\/v2\/product_tag?post=13851"}],"curies":[{"name":"wp","href":"https:\/\/api.w.org\/{rel}","templated":true}]}}