{"id":13814,"date":"2026-02-22T09:17:29","date_gmt":"2026-02-22T09:17:29","guid":{"rendered":"https:\/\/www.retrobuddys.com\/shop\/non class\u00e9\/amiga-1200-recap-kit-toutes-les-revisions-de-la-carte-mere\/"},"modified":"2026-02-22T09:17:29","modified_gmt":"2026-02-22T09:17:29","slug":"amiga-1200-recap-kit-toutes-les-revisions-de-la-carte-mere","status":"publish","type":"product","link":"https:\/\/www.retrobuddys.com\/fr\/shop\/mods-hw-amiga\/amiga-1200-fr\/amiga-1200-recap-kit-toutes-les-revisions-de-la-carte-mere\/","title":{"rendered":"Amiga 1200 Recap Kit toutes les r\u00e9visions de la carte m\u00e8re"},"content":{"rendered":"<h1>Amiga 1200 Recap Kit toutes les r\u00e9visions<\/h1>\n<p>Nouveaux condensateurs haut de gamme pour l&rsquo;Amiga1200 pour toutes les r\u00e9visions de la carte m\u00e8re. Remplacez les condensateurs de votre Amiga avant qu&rsquo;il ne soit trop tard et que les condensateurs d&rsquo;origine, vieux de 30+ ans, ne coulent et ne causent de gros d\u00e9g\u00e2ts sur la carte m\u00e8re.<\/p>\n<p><span style=\"font-family: Verdana;\"><b>19 condensateurs pour Amiga1200 :<\/b><\/span><\/p>\n<div>\n<ul>\n<li><span style=\"font-family: Verdana;\">2x 1000 uF, 16V, Radial<\/span><\/li>\n<li><span style=\"font-family: Verdana;\">2x 470 uF, 16V, Radial<\/span><\/li>\n<li><span style=\"font-family: Verdana;\">4x 100 uF, 6.3V, aluminium \u00e9lectrolyte SMD<\/span><\/li>\n<li><span style=\"font-family: Verdana;\">2x 47 uF, 16V, aluminium \u00e9lectrolyte SMD<\/span><\/li>\n<li><span style=\"font-family: Verdana;\">5x 22 uF, 25V, aluminium \u00e9lectrolyte SMD<\/span><\/li>\n<li><span style=\"font-family: Verdana;\">4x 10 uF, 25V, aluminium \u00e9lectrolyte SMD<\/span><\/li>\n<\/ul>\n<\/div>\n<p>Nous utilisons uniquement des condensateurs \u00ab\u00a0Longlife\u00a0\u00bb de haute qualit\u00e9 de W\u00fcrth, Vishay, Rubycon et Illinois.<br \/>\nVeuillez noter que le remplacement des condensateurs doit \u00eatre effectu\u00e9 exclusivement par un professionnel. Nous n&rsquo;assumons aucune garantie en cas d&rsquo;installation incorrecte.<\/p>\n","protected":false},"excerpt":{"rendered":"<p>Amiga 1200 Recap Kit toutes les r\u00e9visions Nouveaux condensateurs haut de gamme pour l&rsquo;Amiga1200 pour toutes les r\u00e9visions de la carte m\u00e8re. Remplacez les condensateurs de votre Amiga avant qu&rsquo;il ne soit trop tard et que les condensateurs d&rsquo;origine, vieux de 30+ ans, ne coulent et ne causent de gros d\u00e9g\u00e2ts sur la carte m\u00e8re. [&#8230;]\n","protected":false},"featured_media":13808,"template":"","meta":[],"product_brand":[925],"product_cat":[513,420],"product_tag":[328,279,1118,277],"class_list":{"0":"post-13814","1":"product","2":"type-product","3":"status-publish","4":"has-post-thumbnail","6":"product_brand-retro-buddys","7":"product_cat-amiga-1200-fr","8":"product_cat-composants-socles-et-elements-de-construction","9":"product_tag-amiga-1200-fr","10":"product_tag-condensateurs","11":"product_tag-kit-de-recapitulatif","12":"product_tag-recap-fr","13":"product_shipping_class-grande-lettre","15":"first","16":"instock","17":"taxable","18":"shipping-taxable","19":"purchasable","20":"product-type-simple"},"jetpack_sharing_enabled":true,"_links":{"self":[{"href":"https:\/\/www.retrobuddys.com\/fr\/wp-json\/wp\/v2\/product\/13814","targetHints":{"allow":["GET"]}}],"collection":[{"href":"https:\/\/www.retrobuddys.com\/fr\/wp-json\/wp\/v2\/product"}],"about":[{"href":"https:\/\/www.retrobuddys.com\/fr\/wp-json\/wp\/v2\/types\/product"}],"wp:featuredmedia":[{"embeddable":true,"href":"https:\/\/www.retrobuddys.com\/fr\/wp-json\/wp\/v2\/media\/13808"}],"wp:attachment":[{"href":"https:\/\/www.retrobuddys.com\/fr\/wp-json\/wp\/v2\/media?parent=13814"}],"wp:term":[{"taxonomy":"product_brand","embeddable":true,"href":"https:\/\/www.retrobuddys.com\/fr\/wp-json\/wp\/v2\/product_brand?post=13814"},{"taxonomy":"product_cat","embeddable":true,"href":"https:\/\/www.retrobuddys.com\/fr\/wp-json\/wp\/v2\/product_cat?post=13814"},{"taxonomy":"product_tag","embeddable":true,"href":"https:\/\/www.retrobuddys.com\/fr\/wp-json\/wp\/v2\/product_tag?post=13814"}],"curies":[{"name":"wp","href":"https:\/\/api.w.org\/{rel}","templated":true}]}}