{"id":13788,"date":"2026-02-22T09:03:39","date_gmt":"2026-02-22T09:03:39","guid":{"rendered":"https:\/\/www.retrobuddys.com\/?post_type=product&#038;p=13788"},"modified":"2026-02-22T09:10:10","modified_gmt":"2026-02-22T09:10:10","slug":"amiga-500-rev-6a-recap-kit-kopie","status":"publish","type":"product","link":"https:\/\/www.retrobuddys.com\/fr\/shop\/mods-hw-amiga\/amiga-500-fr\/amiga-500-rev-6a-recap-kit-kopie\/","title":{"rendered":"Amiga 500 Rev 8, Rev 8A, Rev 8A1 Recap Kit"},"content":{"rendered":"<h1>Amiga 500 Rev 8, Rev 8A, Rev 8A1 Recap Kit<\/h1>\n<p>Nouveaux condensateurs haut de gamme pour la carte Amiga 500 r\u00e9vision 8, 8A, 8A1. Remplacez les condensateurs de votre Amiga avant qu&rsquo;il ne soit trop tard et que les condensateurs d&rsquo;origine, vieux de 30+ ans, ne coulent et ne causent de gros d\u00e9g\u00e2ts sur la carte m\u00e8re.<\/p>\n<p><strong>17 condensateurs pour Rev 8, 8A, 8A1 :<\/strong><\/p>\n<ul>\n<li>3x 1000 uF, 16V<\/li>\n<li>6x 100 uF 16V<\/li>\n<li>2x 47 uF, 50V<\/li>\n<li>4x 22 uF, 50V<\/li>\n<li>2x 10 uF, 50V<\/li>\n<\/ul>\n<p>Nous utilisons exclusivement des condensateurs Rubycon et W\u00fcrth.<br \/>\nVeuillez noter que le remplacement des condensateurs doit \u00eatre effectu\u00e9 exclusivement par un professionnel. Nous n&rsquo;assumons aucune garantie en cas d&rsquo;installation incorrecte.<\/p>\n","protected":false},"excerpt":{"rendered":"<p>Amiga 500 Rev 8, Rev 8A, Rev 8A1 Recap Kit Nouveaux condensateurs haut de gamme pour la carte Amiga 500 r\u00e9vision 8, 8A, 8A1. Remplacez les condensateurs de votre Amiga avant qu&rsquo;il ne soit trop tard et que les condensateurs d&rsquo;origine, vieux de 30+ ans, ne coulent et ne causent de gros d\u00e9g\u00e2ts sur la [&#8230;]\n","protected":false},"featured_media":13793,"template":"","meta":[],"product_brand":[925],"product_cat":[233,274,255,217,257],"product_tag":[276,279,278,277,1102],"class_list":{"0":"post-13788","1":"product","2":"type-product","3":"status-publish","4":"has-post-thumbnail","6":"product_brand-retro-buddys","7":"product_cat-amiga-500-fr","8":"product_cat-cables-et-petites-pieces","9":"product_cat-divers","10":"product_cat-mods-hw-amiga","11":"product_cat-pcb-circuits-imprimes","12":"product_tag-amiga-500-fr","13":"product_tag-condensateurs","14":"product_tag-kit-fr","15":"product_tag-recap-fr","16":"product_tag-rev-8","17":"product_shipping_class-grande-lettre","19":"first","20":"instock","21":"taxable","22":"shipping-taxable","23":"purchasable","24":"product-type-simple"},"jetpack_sharing_enabled":true,"_links":{"self":[{"href":"https:\/\/www.retrobuddys.com\/fr\/wp-json\/wp\/v2\/product\/13788","targetHints":{"allow":["GET"]}}],"collection":[{"href":"https:\/\/www.retrobuddys.com\/fr\/wp-json\/wp\/v2\/product"}],"about":[{"href":"https:\/\/www.retrobuddys.com\/fr\/wp-json\/wp\/v2\/types\/product"}],"wp:featuredmedia":[{"embeddable":true,"href":"https:\/\/www.retrobuddys.com\/fr\/wp-json\/wp\/v2\/media\/13793"}],"wp:attachment":[{"href":"https:\/\/www.retrobuddys.com\/fr\/wp-json\/wp\/v2\/media?parent=13788"}],"wp:term":[{"taxonomy":"product_brand","embeddable":true,"href":"https:\/\/www.retrobuddys.com\/fr\/wp-json\/wp\/v2\/product_brand?post=13788"},{"taxonomy":"product_cat","embeddable":true,"href":"https:\/\/www.retrobuddys.com\/fr\/wp-json\/wp\/v2\/product_cat?post=13788"},{"taxonomy":"product_tag","embeddable":true,"href":"https:\/\/www.retrobuddys.com\/fr\/wp-json\/wp\/v2\/product_tag?post=13788"}],"curies":[{"name":"wp","href":"https:\/\/api.w.org\/{rel}","templated":true}]}}