{"id":13707,"date":"2026-02-22T08:45:56","date_gmt":"2026-02-22T08:45:56","guid":{"rendered":"https:\/\/www.retrobuddys.com\/?post_type=product&#038;p=13707"},"modified":"2026-02-22T09:03:17","modified_gmt":"2026-02-22T09:03:17","slug":"commodore-c64-recap-kit-assy-326298-kopie","status":"publish","type":"product","link":"https:\/\/www.retrobuddys.com\/fr\/shop\/c64\/commodore-c64-recap-kit-assy-326298-kopie\/","title":{"rendered":"Commodore C64 Recap Kit Assy 250425"},"content":{"rendered":"<h1>C64 Assembly 250425 Recap Kit<\/h1>\n<p>Nouveaux condensateurs haut de gamme pour le C64 Assembly 326298. Remplacez les condensateurs de votre C64 avant qu&rsquo;il ne soit trop tard et que les condensateurs originaux vieux de 30+ ans ne coulent et ne causent de gros d\u00e9g\u00e2ts \u00e0 la carte m\u00e8re. <\/p>\n<p><span style=\"font-family: Verdana;\"><b>7 condensateurs pour l&rsquo;assemblage 250425 :<\/b><\/span><\/p>\n<div>\n<ul>\n<li><span style=\"font-family: Verdana;\">1x 2200 uF, 16V, Axial<\/span><\/li>\n<li><span style=\"font-family: Verdana;\">1x 1000 uF, 25V, axiale<\/span><\/li>\n<li><span style=\"font-family: Verdana;\">1x 470 uF, 25V, Axial<\/span><\/li>\n<li><span style=\"font-family: Verdana;\">1x 100 uF, 16V<\/span><\/li>\n<li><span style=\"font-family: Verdana;\">1x 22 uF, 25V<\/span><\/li>\n<li><span style=\"font-family: Verdana;\">1x 10 uF, 50V<\/span><\/li>\n<li><span style=\"font-family: Verdana;\">1x 4.7 nF, disque c\u00e9ramique<\/span><\/li>\n<\/ul>\n<\/div>\n<p>Nous utilisons uniquement des condensateurs \u00ab\u00a0Longlife\u00a0\u00bb de haute qualit\u00e9 de W\u00fcrth, Vishay, Rubycon et Illinois.<br \/>\nVeuillez noter que le remplacement des condensateurs doit \u00eatre effectu\u00e9 exclusivement par un professionnel. Nous n&rsquo;assumons aucune garantie en cas d&rsquo;installation incorrecte.<\/p>\n","protected":false},"excerpt":{"rendered":"<p>C64 Assembly 250425 Recap Kit Nouveaux condensateurs haut de gamme pour le C64 Assembly 326298. Remplacez les condensateurs de votre C64 avant qu&rsquo;il ne soit trop tard et que les condensateurs originaux vieux de 30+ ans ne coulent et ne causent de gros d\u00e9g\u00e2ts \u00e0 la carte m\u00e8re. 7 condensateurs pour l&rsquo;assemblage 250425 : 1x [&#8230;]\n","protected":false},"featured_media":13714,"template":"","meta":[],"product_brand":[925],"product_cat":[819,420],"product_tag":[1097,1046,821,1072,277],"class_list":{"0":"post-13707","1":"product","2":"type-product","3":"status-publish","4":"has-post-thumbnail","6":"product_brand-retro-buddys","7":"product_cat-c64","8":"product_cat-composants-socles-et-elements-de-construction","9":"product_tag-1097","10":"product_tag-c-64","11":"product_tag-c64","12":"product_tag-commodore","13":"product_tag-recap-fr","14":"product_shipping_class-grande-lettre","16":"first","17":"instock","18":"taxable","19":"shipping-taxable","20":"purchasable","21":"product-type-simple"},"jetpack_sharing_enabled":true,"_links":{"self":[{"href":"https:\/\/www.retrobuddys.com\/fr\/wp-json\/wp\/v2\/product\/13707","targetHints":{"allow":["GET"]}}],"collection":[{"href":"https:\/\/www.retrobuddys.com\/fr\/wp-json\/wp\/v2\/product"}],"about":[{"href":"https:\/\/www.retrobuddys.com\/fr\/wp-json\/wp\/v2\/types\/product"}],"wp:featuredmedia":[{"embeddable":true,"href":"https:\/\/www.retrobuddys.com\/fr\/wp-json\/wp\/v2\/media\/13714"}],"wp:attachment":[{"href":"https:\/\/www.retrobuddys.com\/fr\/wp-json\/wp\/v2\/media?parent=13707"}],"wp:term":[{"taxonomy":"product_brand","embeddable":true,"href":"https:\/\/www.retrobuddys.com\/fr\/wp-json\/wp\/v2\/product_brand?post=13707"},{"taxonomy":"product_cat","embeddable":true,"href":"https:\/\/www.retrobuddys.com\/fr\/wp-json\/wp\/v2\/product_cat?post=13707"},{"taxonomy":"product_tag","embeddable":true,"href":"https:\/\/www.retrobuddys.com\/fr\/wp-json\/wp\/v2\/product_tag?post=13707"}],"curies":[{"name":"wp","href":"https:\/\/api.w.org\/{rel}","templated":true}]}}