{"id":12009,"date":"2026-02-08T19:55:40","date_gmt":"2026-02-08T19:55:40","guid":{"rendered":"https:\/\/www.retrobuddys.com\/shop\/non%20class\u00e9\/kit-daccessoires-hd-64\/"},"modified":"2026-02-08T20:09:42","modified_gmt":"2026-02-08T20:09:42","slug":"kit-daccessoires-hd-64","status":"publish","type":"product","link":"https:\/\/www.retrobuddys.com\/fr\/shop\/c64\/kit-daccessoires-hd-64\/","title":{"rendered":"Kit d&rsquo;accessoires HD-64"},"content":{"rendered":"<p>HD-64 Kit d&rsquo;accessoires comprenant :<\/p>\n<ul>\n<li>2 Interleaver<\/li>\n<li>2 connecteurs 2&#215;20 Machine Pin<\/li>\n<li>4 connecteurs m\u00e2les 1&#215;4<\/li>\n<li>4 1&#215;4 Female Pin Header<\/li>\n<li>8 vis et 8 \u00e9crous<\/li>\n<\/ul>\n<p>Le kit permet de rendre 2 autres C-64 HD-64 Ready. Le module HD-64 - s&rsquo;il n&rsquo;est pas install\u00e9 dans les longboards - peut \u00eatre facilement d\u00e9plac\u00e9. Le kit permet \u00e9galement de remplacer les entrelaceurs cass\u00e9s.  <\/p>\n<p>&nbsp;<\/p>\n","protected":false},"excerpt":{"rendered":"<p>HD-64 Kit d&rsquo;accessoires comprenant : 2 Interleaver 2 connecteurs 2&#215;20 Machine Pin 4 connecteurs m\u00e2les 1&#215;4 4 1&#215;4 Female Pin Header 8 vis et 8 \u00e9crous Le kit permet de rendre 2 autres C-64 HD-64 Ready. Le module HD-64 - s&rsquo;il n&rsquo;est pas install\u00e9 dans les longboards - peut \u00eatre facilement d\u00e9plac\u00e9. Le kit permet [&#8230;]\n","protected":false},"featured_media":12010,"template":"","meta":[],"product_brand":[925],"product_cat":[819],"product_tag":[1046,821,1067],"class_list":{"0":"post-12009","1":"product","2":"type-product","3":"status-publish","4":"has-post-thumbnail","6":"product_brand-retro-buddys","7":"product_cat-c64","8":"product_tag-c-64","9":"product_tag-c64","10":"product_tag-hd-64","11":"product_shipping_class-maxi-lettre","13":"first","14":"instock","15":"taxable","16":"shipping-taxable","17":"purchasable","18":"product-type-simple"},"jetpack_sharing_enabled":true,"_links":{"self":[{"href":"https:\/\/www.retrobuddys.com\/fr\/wp-json\/wp\/v2\/product\/12009","targetHints":{"allow":["GET"]}}],"collection":[{"href":"https:\/\/www.retrobuddys.com\/fr\/wp-json\/wp\/v2\/product"}],"about":[{"href":"https:\/\/www.retrobuddys.com\/fr\/wp-json\/wp\/v2\/types\/product"}],"wp:featuredmedia":[{"embeddable":true,"href":"https:\/\/www.retrobuddys.com\/fr\/wp-json\/wp\/v2\/media\/12010"}],"wp:attachment":[{"href":"https:\/\/www.retrobuddys.com\/fr\/wp-json\/wp\/v2\/media?parent=12009"}],"wp:term":[{"taxonomy":"product_brand","embeddable":true,"href":"https:\/\/www.retrobuddys.com\/fr\/wp-json\/wp\/v2\/product_brand?post=12009"},{"taxonomy":"product_cat","embeddable":true,"href":"https:\/\/www.retrobuddys.com\/fr\/wp-json\/wp\/v2\/product_cat?post=12009"},{"taxonomy":"product_tag","embeddable":true,"href":"https:\/\/www.retrobuddys.com\/fr\/wp-json\/wp\/v2\/product_tag?post=12009"}],"curies":[{"name":"wp","href":"https:\/\/api.w.org\/{rel}","templated":true}]}}