{"id":11980,"date":"2026-02-08T18:41:19","date_gmt":"2026-02-08T18:41:19","guid":{"rendered":"https:\/\/www.retrobuddys.com\/shop\/non%20class\u00e9\/cartouche-indie-heroes-collection-4\/"},"modified":"2026-02-08T18:41:31","modified_gmt":"2026-02-08T18:41:31","slug":"cartouche-indie-heroes-collection-4","status":"publish","type":"product","link":"https:\/\/www.retrobuddys.com\/fr\/shop\/blaze-evercade\/cartouches\/cartouche-indie-heroes-collection-4\/","title":{"rendered":"Cartouche Indie Heroes Collection 4"},"content":{"rendered":"<p>Indie Heroes revient avec 11 nouveaux jeux r\u00e9tro modernes pour les consoles Evercade. Ce quatri\u00e8me opus comprend l&rsquo;action dig-and-bomb&#8217;em up de Murtop, le jeu de plateforme bondissant de Flea!2, l&rsquo;aventure insolente de Batty Zabella en point-and-click et bien plus encore !<br \/>\n- Manuel en couleur inclus<br \/>\n- De nouveaux jeux pour les plateformes classiques - l&rsquo;exp\u00e9rience r\u00e9tro moderne !<br \/>\n- 11 nouveaux jeux pour les consoles Evercade<br \/>\n- Genres : plateforme, strat\u00e9gie, aventure, action, puzzle, shoot&#8217;em up<br \/>\n- Compatible avec tous les appareils Evercade (console portable, Evercade VS, Evercade VS-R, Evercade EXP, Evercade EXP-R) et les consoles Super Pocket.<\/p>\n<p>Les jeux suivants sont inclus :<br \/>\n01. Curse of Illmoore Bay<br \/>\n02. Block&#8217;em Sock&#8217;em<br \/>\n03. Nyghtmare : The Ninth King<br \/>\n04. Jane Austen&rsquo;s 8-Bit Adventure<br \/>\n05. Collie Defense<br \/>\n06.Batty Zabella<br \/>\n07. Flea!2<br \/>\n08. Murtop<br \/>\n09. Soko Banana<br \/>\n10. Starseed<br \/>\n11. Block Droppin<\/p>\n<p>Veuillez noter : Pour une utilisation optimale de cette cartouche, votre syst\u00e8me Evercade peut n\u00e9cessiter une mise \u00e0 jour du firmware vers la derni\u00e8re version.<br \/>\nRemarque : la console n&rsquo;est pas incluse.<\/p>\n","protected":false},"excerpt":{"rendered":"<p>Indie Heroes revient avec 11 nouveaux jeux r\u00e9tro modernes pour les consoles Evercade. Ce quatri\u00e8me opus comprend l&rsquo;action dig-and-bomb&#8217;em up de Murtop, le jeu de plateforme bondissant de Flea!2, l&rsquo;aventure insolente de Batty Zabella en point-and-click et bien plus encore ! - Manuel en couleur inclus - De nouveaux jeux pour les plateformes classiques - [&#8230;]\n","protected":false},"featured_media":11965,"template":"","meta":[],"product_brand":[955],"product_cat":[1004],"product_tag":[964,849,985],"class_list":{"0":"post-11980","1":"product","2":"type-product","3":"status-publish","4":"has-post-thumbnail","6":"product_brand-blaze-entertainment","7":"product_cat-cartouches","8":"product_tag-blaze","9":"product_tag-cartouche","10":"product_tag-evercade","11":"product_shipping_class-maxi-lettre","13":"first","14":"instock","15":"taxable","16":"shipping-taxable","17":"purchasable","18":"product-type-simple"},"jetpack_sharing_enabled":true,"_links":{"self":[{"href":"https:\/\/www.retrobuddys.com\/fr\/wp-json\/wp\/v2\/product\/11980","targetHints":{"allow":["GET"]}}],"collection":[{"href":"https:\/\/www.retrobuddys.com\/fr\/wp-json\/wp\/v2\/product"}],"about":[{"href":"https:\/\/www.retrobuddys.com\/fr\/wp-json\/wp\/v2\/types\/product"}],"wp:featuredmedia":[{"embeddable":true,"href":"https:\/\/www.retrobuddys.com\/fr\/wp-json\/wp\/v2\/media\/11965"}],"wp:attachment":[{"href":"https:\/\/www.retrobuddys.com\/fr\/wp-json\/wp\/v2\/media?parent=11980"}],"wp:term":[{"taxonomy":"product_brand","embeddable":true,"href":"https:\/\/www.retrobuddys.com\/fr\/wp-json\/wp\/v2\/product_brand?post=11980"},{"taxonomy":"product_cat","embeddable":true,"href":"https:\/\/www.retrobuddys.com\/fr\/wp-json\/wp\/v2\/product_cat?post=11980"},{"taxonomy":"product_tag","embeddable":true,"href":"https:\/\/www.retrobuddys.com\/fr\/wp-json\/wp\/v2\/product_tag?post=11980"}],"curies":[{"name":"wp","href":"https:\/\/api.w.org\/{rel}","templated":true}]}}