{"id":11802,"date":"2026-01-16T19:27:47","date_gmt":"2026-01-16T19:27:47","guid":{"rendered":"https:\/\/www.retrobuddys.com\/shop\/non class\u00e9\/broken-sword-collection-1-cartouche\/"},"modified":"2026-01-16T19:27:47","modified_gmt":"2026-01-16T19:27:47","slug":"broken-sword-collection-1-cartouche","status":"publish","type":"product","link":"https:\/\/www.retrobuddys.com\/fr\/shop\/blaze-evercade\/cartouches\/broken-sword-collection-1-cartouche\/","title":{"rendered":"Broken Sword Collection 1 Cartouche"},"content":{"rendered":"<p>Retrouvez la nostalgie de Broken Sword : The Shadow of the Templars et Broken Sword II : The Smoking Mirror sur les consoles Evercade. Explorez les aventures en pointer-cliquer de l&rsquo;intr\u00e9pide George Stobbart et de la rus\u00e9e Nico Collard au cours de leurs dangereuses et passionnantes missions ! <\/p>\n<p>- Manuel en couleur inclus<br \/>\n- Genre : Aventure<br \/>\n- Nouveau format de cartouche Giga Evercade avec plus d&rsquo;espace pour les jeux plus grands<br \/>\n- Compatible avec tous les appareils Evercade (portables, Evercade VS, Evercade VS-R, Evercade EXP, Evercade EXP-R) et les consoles Super Pocket.<\/p>\n<p>Les jeux suivants sont inclus :<br \/>\n01. Broken Sword : The Shadow of the Templars (1996)<br \/>\n02. Broken Sword II : The Smoking Mirror (1997)<\/p>\n<p>Veuillez noter : Pour une utilisation optimale de cette cartouche, votre syst\u00e8me Evercade peut n\u00e9cessiter une mise \u00e0 jour du firmware vers la derni\u00e8re version.<br \/>\nRemarque : la console n&rsquo;est pas incluse.<\/p>\n","protected":false},"excerpt":{"rendered":"<p>Retrouvez la nostalgie de Broken Sword : The Shadow of the Templars et Broken Sword II : The Smoking Mirror sur les consoles Evercade. Explorez les aventures en pointer-cliquer de l&rsquo;intr\u00e9pide George Stobbart et de la rus\u00e9e Nico Collard au cours de leurs dangereuses et passionnantes missions ! - Manuel en couleur inclus - Genre [&#8230;]\n","protected":false},"featured_media":11808,"template":"","meta":[],"product_brand":[955],"product_cat":[1004],"product_tag":[964,985],"class_list":{"0":"post-11802","1":"product","2":"type-product","3":"status-publish","4":"has-post-thumbnail","6":"product_brand-blaze-entertainment","7":"product_cat-cartouches","8":"product_tag-blaze","9":"product_tag-evercade","10":"product_shipping_class-maxi-lettre","12":"first","13":"instock","14":"taxable","15":"shipping-taxable","16":"purchasable","17":"product-type-simple"},"jetpack_sharing_enabled":true,"_links":{"self":[{"href":"https:\/\/www.retrobuddys.com\/fr\/wp-json\/wp\/v2\/product\/11802","targetHints":{"allow":["GET"]}}],"collection":[{"href":"https:\/\/www.retrobuddys.com\/fr\/wp-json\/wp\/v2\/product"}],"about":[{"href":"https:\/\/www.retrobuddys.com\/fr\/wp-json\/wp\/v2\/types\/product"}],"wp:featuredmedia":[{"embeddable":true,"href":"https:\/\/www.retrobuddys.com\/fr\/wp-json\/wp\/v2\/media\/11808"}],"wp:attachment":[{"href":"https:\/\/www.retrobuddys.com\/fr\/wp-json\/wp\/v2\/media?parent=11802"}],"wp:term":[{"taxonomy":"product_brand","embeddable":true,"href":"https:\/\/www.retrobuddys.com\/fr\/wp-json\/wp\/v2\/product_brand?post=11802"},{"taxonomy":"product_cat","embeddable":true,"href":"https:\/\/www.retrobuddys.com\/fr\/wp-json\/wp\/v2\/product_cat?post=11802"},{"taxonomy":"product_tag","embeddable":true,"href":"https:\/\/www.retrobuddys.com\/fr\/wp-json\/wp\/v2\/product_tag?post=11802"}],"curies":[{"name":"wp","href":"https:\/\/api.w.org\/{rel}","templated":true}]}}