{"id":11769,"date":"2026-01-16T19:24:48","date_gmt":"2026-01-16T19:24:48","guid":{"rendered":"https:\/\/www.retrobuddys.com\/shop\/non class\u00e9\/cartouche-metal-dragon-life-on-mars\/"},"modified":"2026-01-16T19:24:48","modified_gmt":"2026-01-16T19:24:48","slug":"cartouche-metal-dragon-life-on-mars","status":"publish","type":"product","link":"https:\/\/www.retrobuddys.com\/fr\/shop\/blaze-evercade\/cartouches\/cartouche-metal-dragon-life-on-mars\/","title":{"rendered":"Cartouche Metal Dragon\/Life on Mars"},"content":{"rendered":"<p>Deux tout nouveaux jeux ind\u00e9pendants pour les syst\u00e8mes 16 bits classiques arrivent chez Evercade. Kai Magazine Software apporte deux titres ind\u00e9pendants pleins d&rsquo;action \u00e0 Evercade. Combattez pour emp\u00eacher la troisi\u00e8me guerre mondiale dans Metal Dragon et r\u00e9solvez le myst\u00e8re d&rsquo;une colonie spatiale apparemment abandonn\u00e9e dans Life on Mars ! Jouez comme jamais auparavant \u00e0 des jeux d\u00e9velopp\u00e9s pour des consoles classiques sur une seule cartouche physique Evercade que vous pouvez emporter partout avec vous !    Compatible avec tous les p\u00e9riph\u00e9riques Evercade (Handheld, Evercade VS, Evercade VS-R, Evercade EXP, Evercade EXP-R, Evercade Alpha) et les consoles Super Pocket.<\/p>\n<p>- Manuel en couleur inclus<br \/>\n- Genre - Platformer<br \/>\n- Compatible avec l&rsquo;ensemble du mat\u00e9riel Evercade<\/p>\n<p>Les jeux suivants sont inclus :<br \/>\n1. Metal Dragon<br \/>\n2. Vie sur Mars<\/p>\n<p>Remarque : la console n&rsquo;est pas incluse.<\/p>\n","protected":false},"excerpt":{"rendered":"<p>Deux tout nouveaux jeux ind\u00e9pendants pour les syst\u00e8mes 16 bits classiques arrivent chez Evercade. Kai Magazine Software apporte deux titres ind\u00e9pendants pleins d&rsquo;action \u00e0 Evercade. Combattez pour emp\u00eacher la troisi\u00e8me guerre mondiale dans Metal Dragon et r\u00e9solvez le myst\u00e8re d&rsquo;une colonie spatiale apparemment abandonn\u00e9e dans Life on Mars ! Jouez comme jamais auparavant \u00e0 des [&#8230;]\n","protected":false},"featured_media":11774,"template":"","meta":[],"product_brand":[955],"product_cat":[1004],"product_tag":[964,985],"class_list":{"0":"post-11769","1":"product","2":"type-product","3":"status-publish","4":"has-post-thumbnail","6":"product_brand-blaze-entertainment","7":"product_cat-cartouches","8":"product_tag-blaze","9":"product_tag-evercade","10":"product_shipping_class-maxi-lettre","12":"first","13":"instock","14":"taxable","15":"shipping-taxable","16":"purchasable","17":"product-type-simple"},"jetpack_sharing_enabled":true,"_links":{"self":[{"href":"https:\/\/www.retrobuddys.com\/fr\/wp-json\/wp\/v2\/product\/11769","targetHints":{"allow":["GET"]}}],"collection":[{"href":"https:\/\/www.retrobuddys.com\/fr\/wp-json\/wp\/v2\/product"}],"about":[{"href":"https:\/\/www.retrobuddys.com\/fr\/wp-json\/wp\/v2\/types\/product"}],"wp:featuredmedia":[{"embeddable":true,"href":"https:\/\/www.retrobuddys.com\/fr\/wp-json\/wp\/v2\/media\/11774"}],"wp:attachment":[{"href":"https:\/\/www.retrobuddys.com\/fr\/wp-json\/wp\/v2\/media?parent=11769"}],"wp:term":[{"taxonomy":"product_brand","embeddable":true,"href":"https:\/\/www.retrobuddys.com\/fr\/wp-json\/wp\/v2\/product_brand?post=11769"},{"taxonomy":"product_cat","embeddable":true,"href":"https:\/\/www.retrobuddys.com\/fr\/wp-json\/wp\/v2\/product_cat?post=11769"},{"taxonomy":"product_tag","embeddable":true,"href":"https:\/\/www.retrobuddys.com\/fr\/wp-json\/wp\/v2\/product_tag?post=11769"}],"curies":[{"name":"wp","href":"https:\/\/api.w.org\/{rel}","templated":true}]}}