{"id":11737,"date":"2026-01-16T19:16:38","date_gmt":"2026-01-16T19:16:38","guid":{"rendered":"https:\/\/www.retrobuddys.com\/shop\/non class\u00e9\/cartouche-toaplan-arcade-collection-4\/"},"modified":"2026-01-16T19:16:38","modified_gmt":"2026-01-16T19:16:38","slug":"cartouche-toaplan-arcade-collection-4","status":"publish","type":"product","link":"https:\/\/www.retrobuddys.com\/fr\/shop\/blaze-evercade\/cartouches\/cartouche-toaplan-arcade-collection-4\/","title":{"rendered":"Cartouche Toaplan Arcade Collection 4"},"content":{"rendered":"<p>Toaplan Arcade 4 pour Evercade r\u00e9unit 6 autres hits d&rsquo;action\/arcade du d\u00e9veloppeur japonais Toaplan. Plongez dans une action explosive avec les jeux de tir Dogyuun et Grind Stormer, profitez du plaisir des plateformes cartoonesques avec Snow Bros. 2 et Pipi et Bibi&rsquo;s, et descendez dans la rue avec le beat-&#8217;em-up de catch Knuckle Bash. Obtenez ces hits d&rsquo;arcade avec Evercade sur une collection de cartouches physiques et ma\u00eetrisez le niveau de difficult\u00e9 avec des \u00e9tats de m\u00e9moire\/chargement, des affectations de touches personnalis\u00e9es et plus encore ! Compatible avec tous les appareils Evercade (Handheld, Evercade VS, Evercade VS-R, Evercade EXP, Evercade EXPR, Evercade Alpha) et les consoles Super Pocket.   <\/p>\n<p>- Manuel en couleur inclus<br \/>\n- Genre - Shoot &#8217;em up<br \/>\n- Compatible avec tout le mat\u00e9riel Evercade<\/p>\n<p>Les jeux suivants sont inclus :<br \/>\n1. Dogyuun<br \/>\n2. Grind Stormer<br \/>\n3. Knuckle Bash<br \/>\n4. Pipi et Bibi&rsquo;s<br \/>\n5. Snow Bros. 2<br \/>\n6. Sky Shark (version console)<\/p>\n<p>Remarque : la console n&rsquo;est pas incluse.<\/p>\n","protected":false},"excerpt":{"rendered":"<p>Toaplan Arcade 4 pour Evercade r\u00e9unit 6 autres hits d&rsquo;action\/arcade du d\u00e9veloppeur japonais Toaplan. Plongez dans une action explosive avec les jeux de tir Dogyuun et Grind Stormer, profitez du plaisir des plateformes cartoonesques avec Snow Bros. 2 et Pipi et Bibi&rsquo;s, et descendez dans la rue avec le beat-&#8217;em-up de catch Knuckle Bash. Obtenez [&#8230;]\n","protected":false},"featured_media":11743,"template":"","meta":[],"product_brand":[955],"product_cat":[1004],"product_tag":[964,985],"class_list":{"0":"post-11737","1":"product","2":"type-product","3":"status-publish","4":"has-post-thumbnail","6":"product_brand-blaze-entertainment","7":"product_cat-cartouches","8":"product_tag-blaze","9":"product_tag-evercade","10":"product_shipping_class-maxi-lettre","12":"first","13":"instock","14":"taxable","15":"shipping-taxable","16":"purchasable","17":"product-type-simple"},"jetpack_sharing_enabled":true,"_links":{"self":[{"href":"https:\/\/www.retrobuddys.com\/fr\/wp-json\/wp\/v2\/product\/11737","targetHints":{"allow":["GET"]}}],"collection":[{"href":"https:\/\/www.retrobuddys.com\/fr\/wp-json\/wp\/v2\/product"}],"about":[{"href":"https:\/\/www.retrobuddys.com\/fr\/wp-json\/wp\/v2\/types\/product"}],"wp:featuredmedia":[{"embeddable":true,"href":"https:\/\/www.retrobuddys.com\/fr\/wp-json\/wp\/v2\/media\/11743"}],"wp:attachment":[{"href":"https:\/\/www.retrobuddys.com\/fr\/wp-json\/wp\/v2\/media?parent=11737"}],"wp:term":[{"taxonomy":"product_brand","embeddable":true,"href":"https:\/\/www.retrobuddys.com\/fr\/wp-json\/wp\/v2\/product_brand?post=11737"},{"taxonomy":"product_cat","embeddable":true,"href":"https:\/\/www.retrobuddys.com\/fr\/wp-json\/wp\/v2\/product_cat?post=11737"},{"taxonomy":"product_tag","embeddable":true,"href":"https:\/\/www.retrobuddys.com\/fr\/wp-json\/wp\/v2\/product_tag?post=11737"}],"curies":[{"name":"wp","href":"https:\/\/api.w.org\/{rel}","templated":true}]}}