{"id":11704,"date":"2026-01-16T18:59:00","date_gmt":"2026-01-16T18:59:00","guid":{"rendered":"https:\/\/www.retrobuddys.com\/shop\/non class\u00e9\/cartouche-de-la-collection-legacy-of-kain\/"},"modified":"2026-01-16T18:59:00","modified_gmt":"2026-01-16T18:59:00","slug":"cartouche-de-la-collection-legacy-of-kain","status":"publish","type":"product","link":"https:\/\/www.retrobuddys.com\/fr\/shop\/blaze-evercade\/cartouches\/cartouche-de-la-collection-legacy-of-kain\/","title":{"rendered":"Cartouche de la collection Legacy of Kain"},"content":{"rendered":"<p>Legacy of Kain arrive sur Evercade ! Jouez aux deux premiers jeux de la s\u00e9rie d&rsquo;action-aventure sur console 32 bits sur une cartouche physique Evercade ! Commencez l&rsquo;histoire de Kain dans le classique original Blood Omen : Legacy of Kain ou vengez-vous en tant que Raziel dans Legacy of Kain : Soul Reaver ! Le tout sous licence officielle. Sauvegardez votre partie \u00e0 tout moment gr\u00e2ce au syst\u00e8me de menus d&rsquo;Evercade et reprenez votre partie \u00e0 tout moment sur n&rsquo;importe quelle console Evercade !<br \/>\nCompatible avec tous les p\u00e9riph\u00e9riques Evercade (Handheld, Evercade VS, Evercade VS-R, Evercade EXP, Evercade EXP-R, Evercade Alpha) et les consoles Super Pocket.<\/p>\n<p>- Manuel en couleur inclus<br \/>\n- Genre : Aventure<br \/>\n- Compatible avec tout le mat\u00e9riel Evercade et HyperMegaTech Super Pockets<br \/>\n- Nouveau format de cartouche Giga Evercade avec plus d&rsquo;espace pour les jeux plus grands<\/p>\n<p>Les jeux suivants sont inclus :<br \/>\n1. Blood Omen : Legacy of Kain<br \/>\n2. Legacy of Kain : Soul Reaver<\/p>\n<p>Remarque : la console n&rsquo;est pas incluse.<\/p>\n","protected":false},"excerpt":{"rendered":"<p>Legacy of Kain arrive sur Evercade ! Jouez aux deux premiers jeux de la s\u00e9rie d&rsquo;action-aventure sur console 32 bits sur une cartouche physique Evercade ! Commencez l&rsquo;histoire de Kain dans le classique original Blood Omen : Legacy of Kain ou vengez-vous en tant que Raziel dans Legacy of Kain : Soul Reaver ! Le [&#8230;]\n","protected":false},"featured_media":11709,"template":"","meta":[],"product_brand":[955],"product_cat":[1004],"product_tag":[964,985],"class_list":{"0":"post-11704","1":"product","2":"type-product","3":"status-publish","4":"has-post-thumbnail","6":"product_brand-blaze-entertainment","7":"product_cat-cartouches","8":"product_tag-blaze","9":"product_tag-evercade","10":"product_shipping_class-maxi-lettre","12":"first","13":"instock","14":"taxable","15":"shipping-taxable","16":"purchasable","17":"product-type-simple"},"jetpack_sharing_enabled":true,"_links":{"self":[{"href":"https:\/\/www.retrobuddys.com\/fr\/wp-json\/wp\/v2\/product\/11704","targetHints":{"allow":["GET"]}}],"collection":[{"href":"https:\/\/www.retrobuddys.com\/fr\/wp-json\/wp\/v2\/product"}],"about":[{"href":"https:\/\/www.retrobuddys.com\/fr\/wp-json\/wp\/v2\/types\/product"}],"wp:featuredmedia":[{"embeddable":true,"href":"https:\/\/www.retrobuddys.com\/fr\/wp-json\/wp\/v2\/media\/11709"}],"wp:attachment":[{"href":"https:\/\/www.retrobuddys.com\/fr\/wp-json\/wp\/v2\/media?parent=11704"}],"wp:term":[{"taxonomy":"product_brand","embeddable":true,"href":"https:\/\/www.retrobuddys.com\/fr\/wp-json\/wp\/v2\/product_brand?post=11704"},{"taxonomy":"product_cat","embeddable":true,"href":"https:\/\/www.retrobuddys.com\/fr\/wp-json\/wp\/v2\/product_cat?post=11704"},{"taxonomy":"product_tag","embeddable":true,"href":"https:\/\/www.retrobuddys.com\/fr\/wp-json\/wp\/v2\/product_tag?post=11704"}],"curies":[{"name":"wp","href":"https:\/\/api.w.org\/{rel}","templated":true}]}}