{"id":11653,"date":"2026-01-16T18:55:04","date_gmt":"2026-01-16T18:55:04","guid":{"rendered":"https:\/\/www.retrobuddys.com\/shop\/non%20class\u00e9\/thalamus-collection-1-cartouche\/"},"modified":"2026-01-16T18:56:27","modified_gmt":"2026-01-16T18:56:27","slug":"thalamus-collection-1-cartouche","status":"publish","type":"product","link":"https:\/\/www.retrobuddys.com\/fr\/shop\/blaze-evercade\/cartouches\/thalamus-collection-1-cartouche\/","title":{"rendered":"Thalamus Collection 1 Cartouche"},"content":{"rendered":"<p>Evercade Thalamus Collection 1 apporte encore plus de grands noms de l&rsquo;informatique domestique \u00e0 Evercade, le d\u00e9veloppeur et \u00e9diteur acclam\u00e9 des ann\u00e9es 1980 et 1990. Parmi eux : Nobby the Aardvark, Creatures, Hunters Moon et plus encore ! Sous licence officielle avec les fonctions d&rsquo;\u00e9mulation et de sauvegarde\/chargement de jeu de premier ordre pour faciliter l&rsquo;apprentissage et le jeu sur ces tailles de consoles de salon. Compatible avec tout le mat\u00e9riel Evercade (portable, Evercade VS, Evercade VS-R, Evercade EXP, Evercade EXP-R) et les consoles Super Pocket.<br \/>\n- Manuel en couleur inclus<br \/>\n- Genre : Platformer<br \/>\n- Compatible avec tout le mat\u00e9riel Evercade   <\/p>\n<p>Les jeux suivants sont inclus :<br \/>\n1. Hunter&rsquo;s Moon Remastered<br \/>\n2. Armalyte : Competition Edition<br \/>\n3. Hawkeye<br \/>\n4. Snare<br \/>\n5. Retrograde<br \/>\n6. Creatures<br \/>\n7. Summer Camp<br \/>\n8. Heatseeker<br \/>\n9. Creatures II : Torture Trouble<br \/>\n10. Camp d&rsquo;hiver<br \/>\n11. Nobby The Aardvark<\/p>\n<p>Remarque : la console n&rsquo;est pas incluse.<\/p>\n","protected":false},"excerpt":{"rendered":"<p>Evercade Thalamus Collection 1 apporte encore plus de grands noms de l&rsquo;informatique domestique \u00e0 Evercade, le d\u00e9veloppeur et \u00e9diteur acclam\u00e9 des ann\u00e9es 1980 et 1990. Parmi eux : Nobby the Aardvark, Creatures, Hunters Moon et plus encore ! Sous licence officielle avec les fonctions d&rsquo;\u00e9mulation et de sauvegarde\/chargement de jeu de premier ordre pour faciliter [&#8230;]\n","protected":false},"featured_media":11663,"template":"","meta":[],"product_brand":[955],"product_cat":[1004],"product_tag":[964,985],"class_list":{"0":"post-11653","1":"product","2":"type-product","3":"status-publish","4":"has-post-thumbnail","6":"product_brand-blaze-entertainment","7":"product_cat-cartouches","8":"product_tag-blaze","9":"product_tag-evercade","10":"product_shipping_class-maxi-lettre","12":"first","13":"instock","14":"taxable","15":"shipping-taxable","16":"purchasable","17":"product-type-simple"},"jetpack_sharing_enabled":true,"_links":{"self":[{"href":"https:\/\/www.retrobuddys.com\/fr\/wp-json\/wp\/v2\/product\/11653","targetHints":{"allow":["GET"]}}],"collection":[{"href":"https:\/\/www.retrobuddys.com\/fr\/wp-json\/wp\/v2\/product"}],"about":[{"href":"https:\/\/www.retrobuddys.com\/fr\/wp-json\/wp\/v2\/types\/product"}],"wp:featuredmedia":[{"embeddable":true,"href":"https:\/\/www.retrobuddys.com\/fr\/wp-json\/wp\/v2\/media\/11663"}],"wp:attachment":[{"href":"https:\/\/www.retrobuddys.com\/fr\/wp-json\/wp\/v2\/media?parent=11653"}],"wp:term":[{"taxonomy":"product_brand","embeddable":true,"href":"https:\/\/www.retrobuddys.com\/fr\/wp-json\/wp\/v2\/product_brand?post=11653"},{"taxonomy":"product_cat","embeddable":true,"href":"https:\/\/www.retrobuddys.com\/fr\/wp-json\/wp\/v2\/product_cat?post=11653"},{"taxonomy":"product_tag","embeddable":true,"href":"https:\/\/www.retrobuddys.com\/fr\/wp-json\/wp\/v2\/product_tag?post=11653"}],"curies":[{"name":"wp","href":"https:\/\/api.w.org\/{rel}","templated":true}]}}