{"id":11222,"date":"2025-12-13T17:18:11","date_gmt":"2025-12-13T17:18:11","guid":{"rendered":"https:\/\/www.retrobuddys.com\/shop\/non%20class\u00e9\/hd-64-par-spl-veritable-hdmi-pour-c-64-nouveau\/"},"modified":"2026-04-20T08:01:04","modified_gmt":"2026-04-20T08:01:04","slug":"hd-64-par-spl-veritable-hdmi-pour-c-64-nouveau","status":"publish","type":"product","link":"https:\/\/www.retrobuddys.com\/fr\/shop\/c64\/hd-64-par-spl-veritable-hdmi-pour-c-64-nouveau\/","title":{"rendered":"HD-64 par SPL - v\u00e9ritable HDMI pour C-64 *nouveau"},"content":{"rendered":"<p>Le SPL HD-64 est un modulateur RF de remplacement pour l&rsquo;ordinateur Commodore-64, qui dispose d&rsquo;une sortie vid\u00e9o et audio micro-HDMI Full-HD 50\/60 Hz. Il est important de noter que le HD-64 ne remplace pas le VIC-II, qui doit toujours \u00eatre mont\u00e9 sur la carte m\u00e8re. <\/p>\n<p>Au lieu de num\u00e9riser le signal vid\u00e9o analogique du VIC, le HD-64 \u00ab\u00a0renifle\u00a0\u00bb le bus m\u00e9moire du C64 et g\u00e9n\u00e8re une sortie vid\u00e9o au pixel pr\u00e8s en utilisant une \u00e9mulation impl\u00e9ment\u00e9e sur FPGA. La vid\u00e9o reconstruite est ensuite mise \u00e0 l&rsquo;\u00e9chelle en r\u00e9solution Full HD, fusionn\u00e9e avec l&rsquo;audio num\u00e9ris\u00e9 du SID et sortie en HDMI. <\/p>\n<p><span style=\"font-size: 105%; color: #ed1c24;\"><strong>Attention : de bonnes \u00e0 tr\u00e8s bonnes connaissances en soudure et dessoudage sont requises. Le module n&rsquo;est *pas* \u00ab\u00a0plug&amp;play\u00a0\u00bb et si vous ne savez que peu souder ou si vous \u00eates inexp\u00e9riment\u00e9, il vaut mieux nous laisser installer le module ! <\/strong><\/span><\/p>\n<p>Voici une tr\u00e8s belle vid\u00e9o de FrankyByte sur l&rsquo;installation =&gt; <a href=\"https:\/\/www.youtube.com\/watch?v=KjwgQKW5zSw\" target=\"_blank\" rel=\"noopener\">https:\/\/www.youtube.com\/watch?v=KjwgQKW5zSw<\/a><\/p>\n<p>Fonctions :<\/p>\n<ul>\n<li>Remplace le modulateur de s\u00e9rie.<\/li>\n<li>Sortie micro-HDMI via une ouverture RF dans le bo\u00eetier<\/li>\n<li>Sortie HDMI Full HD (50 pour PAL, 60 pour NTSC) avec audio st\u00e9r\u00e9o<\/li>\n<li>&lt;  1 ms de latence<\/li>\n<li>Palette de couleurs configurable, lignes de balayage, \u00ab\u00a0flou\u00a0\u00bb (ou \u00ab\u00a0anti-aliasing\u00a0\u00bb), rapport hauteur\/largeur, audio mono-st\u00e9r\u00e9o<\/li>\n<li>Conversion audio analogique-num\u00e9rique pour jusqu&rsquo;\u00e0 deux canaux SID<\/li>\n<li>D\u00e9tection automatique PAL\/NTSC<\/li>\n<li>Compatible avec toutes les planches m\u00e8res d&rsquo;origine (y compris les shortboards)<\/li>\n<li>La version shortboard est aliment\u00e9e par les broches du modulateur d&rsquo;origine, la version longboard n\u00e9cessite un c\u00e2ble suppl\u00e9mentaire.<\/li>\n<li>Vid\u00e9o analogique toujours disponible via le connecteur AV, \u00e0 la fois composite et S-vid\u00e9o<\/li>\n<li>Tension S-Vid\u00e9o corrig\u00e9e pour fonctionner sur n&rsquo;importe quel CRT standard (qui supporte le S-Vid\u00e9o)<\/li>\n<li>Mises \u00e0 jour du micrologiciel via USB-C<\/li>\n<li>Futures fonctionnalit\u00e9s d\u00e9j\u00e0 en cours de d\u00e9veloppement : mise \u00e0 l&rsquo;\u00e9chelle configurable (\u00e9chelle enti\u00e8re, overscan)<\/li>\n<\/ul>\n<p>Le kit HD-64 contient les \u00e9l\u00e9ments suivants :<\/p>\n<ul>\n<li>1x carte m\u00e8re HD-64<\/li>\n<li>1x VIC-II Interleaver (adaptateur interm\u00e9diaire)<\/li>\n<li>4x 10mm M3 entretoises (avec \u00e9crous)<\/li>\n<li>2x connecteurs \u00e0 4 broches (m\u00e2le)<\/li>\n<li>2x connecteurs \u00e0 4 broches (femelles)<\/li>\n<li>1x socle plat \u00ab\u00a0sacrificiel\u00a0\u00bb VIC-II<\/li>\n<\/ul>\n<p>Des socles VIC suppl\u00e9mentaires (2&#215;20 Machine Pin tourn\u00e9s) et des entrelaceurs peuvent \u00eatre command\u00e9s en option.<\/p>\n<p>Si vous souhaitez installer le kit dans votre C-64, cela fonctionne comme suit :<\/p>\n<ol>\n<li>Vous enregistrez une vid\u00e9o de votre C-64 en fonctionnement et prenez quelques photos que vous nous envoyez par e-mail. Veuillez noter que le C-64 ne doit pas \u00eatre modifi\u00e9 \u00e0 l&rsquo;int\u00e9rieur. S&rsquo;il a des d\u00e9fauts, soyez juste et montrez-les sur les photos.  <\/li>\n<li>Vous emballez votre C-64 en toute s\u00e9curit\u00e9 et vous nous l&rsquo;envoyez par DHL (important ! pas de Hermes\/UPS\/DPD ces exp\u00e9diteurs jouent au football avec les colis). N&rsquo;envoyez pas de linge sale, de paquets de nourriture ou autres (oui, nous avons d\u00e9j\u00e0 re\u00e7u ce genre de choses&#8230;). <\/li>\n<li>D\u00e8s que nous l&rsquo;aurons re\u00e7u, nous prendrons des photos et le testerons.<\/li>\n<li>Nous installons l&rsquo;extension, nous la testons, nous prenons des photos et une vid\u00e9o.<\/li>\n<li>Nous vous renvoyons le C-64 par DHL. Veuillez v\u00e9rifier que l&#8217;emballage n&rsquo;est pas endommag\u00e9. Nous nous effor\u00e7ons d&rsquo;utiliser votre emballage.  <\/li>\n<li>Dur\u00e9e en fonction de la charge de travail chez nous environ 1 semaine + exp\u00e9dition.<\/li>\n<\/ol>\n<p>Apr\u00e8s l&rsquo;achat, vous recevrez les instructions par e-mail.<\/p>\n<p>&nbsp;<\/p>\n","protected":false},"excerpt":{"rendered":"<h4><span style=\"color: #ed1c24; font-size: 115%;\"><strong>*Commande anticip\u00e9e - l&rsquo;exp\u00e9dition aura lieu \u00e0 partir d&rsquo;environ 29.12.2025 ! <\/strong><\/span><\/h4>\n","protected":false},"featured_media":11223,"template":"","meta":[],"product_brand":[],"product_cat":[819,804],"product_tag":[1046,821,797],"class_list":{"0":"post-11222","1":"product","2":"type-product","3":"status-publish","4":"has-post-thumbnail","6":"product_cat-c64","7":"product_cat-rgb2hdmi","8":"product_tag-c-64","9":"product_tag-c64","10":"product_tag-hdmi-fr","11":"product_shipping_class-dhl-fr","13":"first","14":"instock","15":"taxable","16":"shipping-taxable","17":"purchasable","18":"product-type-variable","19":"has-default-attributes"},"origins":[],"jetpack_sharing_enabled":true,"_links":{"self":[{"href":"https:\/\/www.retrobuddys.com\/fr\/wp-json\/wp\/v2\/product\/11222","targetHints":{"allow":["GET"]}}],"collection":[{"href":"https:\/\/www.retrobuddys.com\/fr\/wp-json\/wp\/v2\/product"}],"about":[{"href":"https:\/\/www.retrobuddys.com\/fr\/wp-json\/wp\/v2\/types\/product"}],"wp:featuredmedia":[{"embeddable":true,"href":"https:\/\/www.retrobuddys.com\/fr\/wp-json\/wp\/v2\/media\/11223"}],"wp:attachment":[{"href":"https:\/\/www.retrobuddys.com\/fr\/wp-json\/wp\/v2\/media?parent=11222"}],"wp:term":[{"taxonomy":"product_brand","embeddable":true,"href":"https:\/\/www.retrobuddys.com\/fr\/wp-json\/wp\/v2\/product_brand?post=11222"},{"taxonomy":"product_cat","embeddable":true,"href":"https:\/\/www.retrobuddys.com\/fr\/wp-json\/wp\/v2\/product_cat?post=11222"},{"taxonomy":"product_tag","embeddable":true,"href":"https:\/\/www.retrobuddys.com\/fr\/wp-json\/wp\/v2\/product_tag?post=11222"}],"curies":[{"name":"wp","href":"https:\/\/api.w.org\/{rel}","templated":true}]}}