{"id":11103,"date":"2025-12-13T07:55:06","date_gmt":"2025-12-13T07:55:06","guid":{"rendered":"https:\/\/www.retrobuddys.com\/?post_type=product&#038;p=11103"},"modified":"2025-12-13T08:31:30","modified_gmt":"2025-12-13T08:31:30","slug":"the-a500-mini-joypad-beige-kopie","status":"publish","type":"product","link":"https:\/\/www.retrobuddys.com\/fr\/shop\/materiel-retro-games\/the-a500-mini-joypad-beige-kopie\/","title":{"rendered":"The A500 Mini Joypad (Noir)"},"content":{"rendered":"<p><strong>Gamepad USB \u00e0 8 touches avec c\u00e2ble de 1,8 m de long<\/strong><\/p>\n<ul>\n<li>Mouvement directionnel \u00e0 4 voies<\/li>\n<li>8 touches<\/li>\n<li>USB 2.0<\/li>\n<li>C\u00e2ble de 1,8 m<\/li>\n<li>Compatible avec THE C64*, THE C64 Mini, THE A500 Mini, PC, Mac &amp; Linux.<br \/>\n*Mise \u00e0 jour du micrologiciel requise<\/li>\n<\/ul>\n<p><strong>Contenu :<\/strong><\/p>\n<ul>\n<li>Gamepad noir USB 8 touches de pr\u00e9cision avec c\u00e2ble de 1,8 m<\/li>\n<\/ul>\n","protected":false},"excerpt":{"rendered":"<p>Gamepad USB \u00e0 8 touches avec c\u00e2ble de 1,8 m de long Mouvement directionnel \u00e0 4 voies 8 touches USB 2.0 C\u00e2ble de 1,8 m Compatible avec THE C64*, THE C64 Mini, THE A500 Mini, PC, Mac &amp; Linux. *Mise \u00e0 jour du micrologiciel requise Contenu : Gamepad noir USB 8 touches de pr\u00e9cision avec [&#8230;]\n","protected":false},"featured_media":11109,"template":"","meta":[],"product_brand":[924],"product_cat":[928],"product_tag":[930,891],"class_list":{"0":"post-11103","1":"product","2":"type-product","3":"status-publish","4":"has-post-thumbnail","6":"product_brand-retro-games","7":"product_cat-materiel-retro-games","8":"product_tag-jeux-retro","9":"product_tag-manette-de-jeu","10":"product_shipping_class-maxi-lettre","12":"first","13":"instock","14":"taxable","15":"shipping-taxable","16":"purchasable","17":"product-type-simple"},"origins":[],"jetpack_sharing_enabled":true,"_links":{"self":[{"href":"https:\/\/www.retrobuddys.com\/fr\/wp-json\/wp\/v2\/product\/11103","targetHints":{"allow":["GET"]}}],"collection":[{"href":"https:\/\/www.retrobuddys.com\/fr\/wp-json\/wp\/v2\/product"}],"about":[{"href":"https:\/\/www.retrobuddys.com\/fr\/wp-json\/wp\/v2\/types\/product"}],"wp:featuredmedia":[{"embeddable":true,"href":"https:\/\/www.retrobuddys.com\/fr\/wp-json\/wp\/v2\/media\/11109"}],"wp:attachment":[{"href":"https:\/\/www.retrobuddys.com\/fr\/wp-json\/wp\/v2\/media?parent=11103"}],"wp:term":[{"taxonomy":"product_brand","embeddable":true,"href":"https:\/\/www.retrobuddys.com\/fr\/wp-json\/wp\/v2\/product_brand?post=11103"},{"taxonomy":"product_cat","embeddable":true,"href":"https:\/\/www.retrobuddys.com\/fr\/wp-json\/wp\/v2\/product_cat?post=11103"},{"taxonomy":"product_tag","embeddable":true,"href":"https:\/\/www.retrobuddys.com\/fr\/wp-json\/wp\/v2\/product_tag?post=11103"}],"curies":[{"name":"wp","href":"https:\/\/api.w.org\/{rel}","templated":true}]}}