{"id":10984,"date":"2025-12-03T14:14:16","date_gmt":"2025-12-03T14:14:16","guid":{"rendered":"https:\/\/www.retrobuddys.com\/?post_type=product&#038;p=10984"},"modified":"2025-12-03T14:16:32","modified_gmt":"2025-12-03T14:16:32","slug":"cartouche-duke-nukem-collection-1-kopie","status":"publish","type":"product","link":"https:\/\/www.retrobuddys.com\/fr\/shop\/blaze-evercade\/cartouches\/cartouche-duke-nukem-collection-1-kopie\/","title":{"rendered":"Cartouche Duke Nukem Collection 2"},"content":{"rendered":"<div class=\"productdetail rounded shadow notice campaign de\">\n<div class=\"rounded productcontent\">\n<div class=\"gradient\">\n<div class=\"tabfolder rounded shadow clear\">\n<div id=\"desc\" class=\"rounded active\">\n<p>Duke Nukem Collection 2 jette un regard plus profond sur l&rsquo;histoire de la franchise Duke Nukem ! Entrez dans le monde \u00e0 la troisi\u00e8me personne des aventures de Duke Nukem avec Time to Kill et sa suite Land of the Babes. Ensuite, profitez de la merveille \u00e0 la premi\u00e8re personne sur console portable Duke Nukem Advance, une histoire totalement originale. Tous les jeux r\u00e9unis sur une cartouche physique Evercade.   <\/p>\n<p>- Manuel en couleur inclus<br \/>\n- Genre : Action<br \/>\n- Compatible avec tous les syst\u00e8mes Evercade<\/p>\n<p>Les jeux suivants sont inclus :<br \/>\n1. Duke Nukem : Time to Kill<br \/>\n2. Duke Nukem : Land of the Babes<br \/>\n3. Duke Nukem Advance<\/p>\n<p>Remarque : la console n&rsquo;est pas incluse.<\/p>\n<\/div>\n<\/div>\n<\/div>\n<\/div>\n<\/div>\n<div class=\"similarproducts cat rounded shadow full nospace\">\n<div id=\"similarproducts\" class=\"rounded\"><\/div>\n<\/div>\n","protected":false},"excerpt":{"rendered":"<p>Pr\u00e9-commande ! Sortie pr\u00e9vue le 27.02.2026 ! <\/p>\n","protected":false},"featured_media":10994,"template":"","meta":[],"product_brand":[955],"product_cat":[961,1004],"product_tag":[986,964,849,985],"class_list":{"0":"post-10984","1":"product","2":"type-product","3":"status-publish","4":"has-post-thumbnail","6":"product_brand-blaze-entertainment","7":"product_cat-blaze-evercade","8":"product_cat-cartouches","9":"product_tag-arcade","10":"product_tag-blaze","11":"product_tag-cartouche","12":"product_tag-evercade","13":"product_shipping_class-maxi-lettre","15":"first","16":"instock","17":"taxable","18":"shipping-taxable","19":"purchasable","20":"product-type-simple"},"jetpack_sharing_enabled":true,"_links":{"self":[{"href":"https:\/\/www.retrobuddys.com\/fr\/wp-json\/wp\/v2\/product\/10984","targetHints":{"allow":["GET"]}}],"collection":[{"href":"https:\/\/www.retrobuddys.com\/fr\/wp-json\/wp\/v2\/product"}],"about":[{"href":"https:\/\/www.retrobuddys.com\/fr\/wp-json\/wp\/v2\/types\/product"}],"wp:featuredmedia":[{"embeddable":true,"href":"https:\/\/www.retrobuddys.com\/fr\/wp-json\/wp\/v2\/media\/10994"}],"wp:attachment":[{"href":"https:\/\/www.retrobuddys.com\/fr\/wp-json\/wp\/v2\/media?parent=10984"}],"wp:term":[{"taxonomy":"product_brand","embeddable":true,"href":"https:\/\/www.retrobuddys.com\/fr\/wp-json\/wp\/v2\/product_brand?post=10984"},{"taxonomy":"product_cat","embeddable":true,"href":"https:\/\/www.retrobuddys.com\/fr\/wp-json\/wp\/v2\/product_cat?post=10984"},{"taxonomy":"product_tag","embeddable":true,"href":"https:\/\/www.retrobuddys.com\/fr\/wp-json\/wp\/v2\/product_tag?post=10984"}],"curies":[{"name":"wp","href":"https:\/\/api.w.org\/{rel}","templated":true}]}}