{"id":10909,"date":"2025-12-03T14:01:50","date_gmt":"2025-12-03T14:01:50","guid":{"rendered":"https:\/\/www.retrobuddys.com\/?post_type=product&#038;p=10909"},"modified":"2025-12-03T14:04:40","modified_gmt":"2025-12-03T14:04:40","slug":"cartouche-tomb-raider-collection-1-kopie","status":"publish","type":"product","link":"https:\/\/www.retrobuddys.com\/fr\/shop\/blaze-evercade\/cartouches\/cartouche-tomb-raider-collection-1-kopie\/","title":{"rendered":"Cartouche Tomb Raider Collection 2"},"content":{"rendered":"<div class=\"productdetail rounded shadow notice campaign de\">\n<div class=\"rounded productcontent\">\n<div class=\"gradient\">\n<div class=\"tabfolder rounded shadow clear\">\n<div id=\"desc\" class=\"rounded active\">\n<p>Les quatri\u00e8me et cinqui\u00e8me \u00e9pisodes de Tomb Raider arrivent chez Evercade. Rejoignez l&rsquo;intr\u00e9pide arch\u00e9ologue Lara Croft dans ses aventures sur plate-forme 32 bits avec des \u00e9nigmes d&rsquo;environnement, des m\u00e9caniques de tir \u00e0 la troisi\u00e8me personne et un level design l\u00e9gendaire. Inclut \u00e9galement un niveau bonus pour Tomb Raider : The Last Revelation, qui n&rsquo;\u00e9tait \u00e0 l&rsquo;origine disponible que sous forme de d\u00e9mo jouable exclusive pour PC.  <\/p>\n<p>- Manuel en couleur inclus<br \/>\n- Nouveau format de cartouche Giga Cart Evercade avec plus d&rsquo;espace pour des jeux plus grands<br \/>\n- Genres : Aventure<br \/>\n- Compatible avec tous les p\u00e9riph\u00e9riques Evercade (Handheld, Evercade VS, Evercade VS-R, Evercade EXP, Evercade EXP-R, Evercade Alpha) et les consoles Super Pocket.<\/p>\n<p>Les jeux suivants sont inclus :<br \/>\n1. The Last Revelation (1999)<br \/>\n2. Tomb Raider Chronicles (2000)<\/p>\n<p>Veuillez noter : Pour une utilisation optimale de cette cartouche, votre syst\u00e8me Evercade peut n\u00e9cessiter une mise \u00e0 jour du firmware vers la derni\u00e8re version.<br \/>\nRemarque : la console n&rsquo;est pas incluse.<\/p>\n<\/div>\n<\/div>\n<\/div>\n<\/div>\n<\/div>\n<div class=\"similarproducts cat rounded shadow full nospace\">\n<div id=\"similarproducts\" class=\"rounded\"><\/div>\n<\/div>\n","protected":false},"excerpt":{"rendered":"<p>Pr\u00e9-commande ! Sortie pr\u00e9vue le 27.02.2026 ! <\/p>\n","protected":false},"featured_media":10920,"template":"","meta":[],"product_brand":[955],"product_cat":[961,1004],"product_tag":[986,964,849,985],"class_list":{"0":"post-10909","1":"product","2":"type-product","3":"status-publish","4":"has-post-thumbnail","6":"product_brand-blaze-entertainment","7":"product_cat-blaze-evercade","8":"product_cat-cartouches","9":"product_tag-arcade","10":"product_tag-blaze","11":"product_tag-cartouche","12":"product_tag-evercade","13":"product_shipping_class-maxi-lettre","15":"first","16":"instock","17":"taxable","18":"shipping-taxable","19":"purchasable","20":"product-type-simple"},"jetpack_sharing_enabled":true,"_links":{"self":[{"href":"https:\/\/www.retrobuddys.com\/fr\/wp-json\/wp\/v2\/product\/10909","targetHints":{"allow":["GET"]}}],"collection":[{"href":"https:\/\/www.retrobuddys.com\/fr\/wp-json\/wp\/v2\/product"}],"about":[{"href":"https:\/\/www.retrobuddys.com\/fr\/wp-json\/wp\/v2\/types\/product"}],"wp:featuredmedia":[{"embeddable":true,"href":"https:\/\/www.retrobuddys.com\/fr\/wp-json\/wp\/v2\/media\/10920"}],"wp:attachment":[{"href":"https:\/\/www.retrobuddys.com\/fr\/wp-json\/wp\/v2\/media?parent=10909"}],"wp:term":[{"taxonomy":"product_brand","embeddable":true,"href":"https:\/\/www.retrobuddys.com\/fr\/wp-json\/wp\/v2\/product_brand?post=10909"},{"taxonomy":"product_cat","embeddable":true,"href":"https:\/\/www.retrobuddys.com\/fr\/wp-json\/wp\/v2\/product_cat?post=10909"},{"taxonomy":"product_tag","embeddable":true,"href":"https:\/\/www.retrobuddys.com\/fr\/wp-json\/wp\/v2\/product_tag?post=10909"}],"curies":[{"name":"wp","href":"https:\/\/api.w.org\/{rel}","templated":true}]}}