{"id":10839,"date":"2025-12-03T13:55:13","date_gmt":"2025-12-03T13:55:13","guid":{"rendered":"https:\/\/www.retrobuddys.com\/?post_type=product&#038;p=10839"},"modified":"2025-12-03T13:57:58","modified_gmt":"2025-12-03T13:57:58","slug":"cartouche-atari-arcade-collection-2-kopie","status":"publish","type":"product","link":"https:\/\/www.retrobuddys.com\/fr\/shop\/blaze-evercade\/cartouches\/cartouche-atari-arcade-collection-2-kopie\/","title":{"rendered":"Cartouche Bitmap Brothers Collection 2"},"content":{"rendered":"<div class=\"productdetail rounded shadow notice campaign de\">\n<div class=\"rounded productcontent\">\n<div class=\"gradient\">\n<div class=\"tabfolder rounded shadow clear\">\n<div id=\"desc\" class=\"rounded active\">\n<p>La Bitmap Brothers Collection 2 pour Evercade contient 6 superbes jeux pour Amiga et consoles par les rock stars du jeu britannique. Des titres Amiga classiques et un superbe titre pour console 32 bits sont disponibles sur une collection de cartouches physiques avec manuel et bo\u00eetier Clamshell. Inclut : Gods, Magic Pockets, Z et plus. Sous licence officielle, avec une \u00e9mulation et des fonctionnalit\u00e9s de stockage\/chargement de premier ordre, pour que vous puissiez facilement prendre en main et jouer \u00e0 ces classiques des consoles de salon.<br \/>\nCompatible avec tous les p\u00e9riph\u00e9riques Evercade (Handheld, Evercade VS, Evercade VSR, Evercade EXP, Evercade EXP-R, Evercade Alpha) et les consoles Super Pocket   <\/p>\n<p>- Manuel en couleur inclus<br \/>\n- Genre : Platformer<br \/>\n- Compatible avec tout le mat\u00e9riel Evercade et les Super Pockets HyperMegaTech<\/p>\n<p>Les jeux suivants sont inclus :<br \/>\n1. Cadaver<br \/>\n2. Cadaver : The Payoff<br \/>\n3. Gods<br \/>\n4. Magic Pockets<br \/>\n5. The Choas Engine 2<br \/>\n6. Z<\/p>\n<p>Remarque : la console n&rsquo;est pas incluse.<\/p>\n<\/div>\n<\/div>\n<\/div>\n<\/div>\n<\/div>\n<div class=\"similarproducts cat rounded shadow full nospace\">\n<div id=\"similarproducts\" class=\"rounded\"><\/div>\n<\/div>\n","protected":false},"excerpt":{"rendered":"<p>Pr\u00e9-commande ! Sortie pr\u00e9vue le 27.02.2026 ! <\/p>\n","protected":false},"featured_media":10849,"template":"","meta":[],"product_brand":[955],"product_cat":[961,1004],"product_tag":[986,964,849,985],"class_list":{"0":"post-10839","1":"product","2":"type-product","3":"status-publish","4":"has-post-thumbnail","6":"product_brand-blaze-entertainment","7":"product_cat-blaze-evercade","8":"product_cat-cartouches","9":"product_tag-arcade","10":"product_tag-blaze","11":"product_tag-cartouche","12":"product_tag-evercade","13":"product_shipping_class-maxi-lettre","15":"first","16":"instock","17":"taxable","18":"shipping-taxable","19":"purchasable","20":"product-type-simple"},"jetpack_sharing_enabled":true,"_links":{"self":[{"href":"https:\/\/www.retrobuddys.com\/fr\/wp-json\/wp\/v2\/product\/10839","targetHints":{"allow":["GET"]}}],"collection":[{"href":"https:\/\/www.retrobuddys.com\/fr\/wp-json\/wp\/v2\/product"}],"about":[{"href":"https:\/\/www.retrobuddys.com\/fr\/wp-json\/wp\/v2\/types\/product"}],"wp:featuredmedia":[{"embeddable":true,"href":"https:\/\/www.retrobuddys.com\/fr\/wp-json\/wp\/v2\/media\/10849"}],"wp:attachment":[{"href":"https:\/\/www.retrobuddys.com\/fr\/wp-json\/wp\/v2\/media?parent=10839"}],"wp:term":[{"taxonomy":"product_brand","embeddable":true,"href":"https:\/\/www.retrobuddys.com\/fr\/wp-json\/wp\/v2\/product_brand?post=10839"},{"taxonomy":"product_cat","embeddable":true,"href":"https:\/\/www.retrobuddys.com\/fr\/wp-json\/wp\/v2\/product_cat?post=10839"},{"taxonomy":"product_tag","embeddable":true,"href":"https:\/\/www.retrobuddys.com\/fr\/wp-json\/wp\/v2\/product_tag?post=10839"}],"curies":[{"name":"wp","href":"https:\/\/api.w.org\/{rel}","templated":true}]}}