{"id":10639,"date":"2025-12-03T13:11:44","date_gmt":"2025-12-03T13:11:44","guid":{"rendered":"https:\/\/www.retrobuddys.com\/?post_type=product&#038;p=10639"},"modified":"2025-12-03T13:14:09","modified_gmt":"2025-12-03T13:14:09","slug":"collection-rare-1-cartouche-kopie","status":"publish","type":"product","link":"https:\/\/www.retrobuddys.com\/fr\/shop\/blaze-evercade\/cartouches\/collection-rare-1-cartouche-kopie\/","title":{"rendered":"La Collection Llamasoft 1 Cartouche"},"content":{"rendered":"<div class=\"productdetail rounded shadow notice campaign de\">\n<div class=\"rounded productcontent\">\n<div class=\"gradient\">\n<div class=\"tabfolder rounded shadow clear\">\n<div id=\"desc\" class=\"rounded active\">\n<p>La Collection Llamasoft apporte 27 classiques psych\u00e9d\u00e9liques \u00e0 Evercade ! Profitez des jeux d&rsquo;un d\u00e9veloppeur ind\u00e9pendant l\u00e9gendaire avec cette v\u00e9ritable cartouche Evercade. Repoussez l&rsquo;attaque des chameaux mutants, relevez les d\u00e9fis de Gridrunner et bien plus encore !  <\/p>\n<p>- Manuel en couleur inclus<br \/>\n- Genres inclus : combat et action<br \/>\n- Compatible avec tous les p\u00e9riph\u00e9riques Evercade (console portable, Evercade VS, Evercade VS-R, Evercade EXP, Evercade EXP-R, Evercade Alpha) et les consoles Super Pocket.<br \/>\n- Veuillez noter : Votre syst\u00e8me Evercade peut n\u00e9cessiter une mise \u00e0 jour du firmware vers la derni\u00e8re version pour une utilisation optimale de cette cartouche !<\/p>\n<p>Les 27 jeux suivants sont inclus : Abductor (1982) - VIC-20, Andes Attack (1982) - VIC-20, Deflex V (1981) - VIC-20, Gridrunner (1982) - VIC-20, Hellgate (1984) - VIC-20, Laser Zone (1983) - VIC-20, Matrix : Gridrunner 2 (1983) - VIC-20, Metagalactic Llamas : Battle at the Edge of Time (1983) - VIC-20, Ratman ! (1982) - VIC-20, Ancipital (1984) - C64, Attack of the Mutant Camels (1983) - C64, Batalyx (1985) - C64, Gridrunner (1983) - C64, Hellgate (1984) - C64, Hover Bovver (1983) - C64, Laser Zone (1983) - C64, Matrix : Gridrunner 2 (1983) - C64, Metagalactic Llamas : Battle at the Edge of Time (1984) - C64, Revenge of the Mutant Camels (1983) - C64, Revenge of the Mutant Camels II (1987) - C64, Sheep In Space (1984) - C64, Voidrunner (1987) - C64, City Bomb (1982) - Spectrum, Superdeflex (1982) - Spectrum, Llamatron : 2112 (1991) - Atari ST, Revenge of the Mutant Camels (1991) - Atari ST et Super Gridrunner (1989) - Atari ST. <\/p>\n<p>Remarque : la console n&rsquo;est pas incluse.<\/p>\n<\/div>\n<\/div>\n<\/div>\n<\/div>\n<\/div>\n<div class=\"similarproducts cat rounded shadow full nospace\">\n<div id=\"similarproducts\" class=\"rounded\"><\/div>\n<\/div>\n","protected":false},"excerpt":{"rendered":"<p>Pr\u00e9-commande ! Sortie pr\u00e9vue le 27.02.2026 ! <\/p>\n","protected":false},"featured_media":10650,"template":"","meta":[],"product_brand":[955],"product_cat":[961,1004],"product_tag":[986,964,849,985],"class_list":{"0":"post-10639","1":"product","2":"type-product","3":"status-publish","4":"has-post-thumbnail","6":"product_brand-blaze-entertainment","7":"product_cat-blaze-evercade","8":"product_cat-cartouches","9":"product_tag-arcade","10":"product_tag-blaze","11":"product_tag-cartouche","12":"product_tag-evercade","13":"product_shipping_class-maxi-lettre","15":"first","16":"instock","17":"taxable","18":"shipping-taxable","19":"purchasable","20":"product-type-simple"},"jetpack_sharing_enabled":true,"_links":{"self":[{"href":"https:\/\/www.retrobuddys.com\/fr\/wp-json\/wp\/v2\/product\/10639","targetHints":{"allow":["GET"]}}],"collection":[{"href":"https:\/\/www.retrobuddys.com\/fr\/wp-json\/wp\/v2\/product"}],"about":[{"href":"https:\/\/www.retrobuddys.com\/fr\/wp-json\/wp\/v2\/types\/product"}],"wp:featuredmedia":[{"embeddable":true,"href":"https:\/\/www.retrobuddys.com\/fr\/wp-json\/wp\/v2\/media\/10650"}],"wp:attachment":[{"href":"https:\/\/www.retrobuddys.com\/fr\/wp-json\/wp\/v2\/media?parent=10639"}],"wp:term":[{"taxonomy":"product_brand","embeddable":true,"href":"https:\/\/www.retrobuddys.com\/fr\/wp-json\/wp\/v2\/product_brand?post=10639"},{"taxonomy":"product_cat","embeddable":true,"href":"https:\/\/www.retrobuddys.com\/fr\/wp-json\/wp\/v2\/product_cat?post=10639"},{"taxonomy":"product_tag","embeddable":true,"href":"https:\/\/www.retrobuddys.com\/fr\/wp-json\/wp\/v2\/product_tag?post=10639"}],"curies":[{"name":"wp","href":"https:\/\/api.w.org\/{rel}","templated":true}]}}