{"id":10599,"date":"2025-12-03T13:08:50","date_gmt":"2025-12-03T13:08:50","guid":{"rendered":"https:\/\/www.retrobuddys.com\/?post_type=product&#038;p=10599"},"modified":"2025-12-03T13:11:30","modified_gmt":"2025-12-03T13:11:30","slug":"activision-collection-1-cartouche-kopie","status":"publish","type":"product","link":"https:\/\/www.retrobuddys.com\/fr\/shop\/blaze-evercade\/cartouches\/activision-collection-1-cartouche-kopie\/","title":{"rendered":"Collection rare 1 cartouche"},"content":{"rendered":"<div class=\"productdetail rounded shadow notice campaign de\">\n<div class=\"rounded productcontent\">\n<div class=\"gradient\">\n<div class=\"tabfolder rounded shadow clear\">\n<div id=\"desc\" class=\"rounded active\">\n<p>Rare Collection 1 contient 12 titres pour ordinateurs de salon, consoles et bornes d&rsquo;arcade d&rsquo;une l\u00e9gende du d\u00e9veloppement de jeux britanniques ! D\u00e9couvrez l&rsquo;histoire de l&rsquo;un des meilleurs d\u00e9veloppeurs du Royaume-Uni avec cette collection de classiques, compl\u00e8te avec une pochette \u00e0 rabat et un manuel en couleur. \u00c0 l&rsquo;occasion du 20e anniversaire de RARE, cette collection est un must pour les fans d&rsquo;Evercade et les passionn\u00e9s de r\u00e9trogaming.  <\/p>\n<p>- Manuel en couleur inclus<br \/>\n- Genres inclus : action, beat &#8217;em up et conduite et course.<br \/>\n- Compatible avec tous les appareils Evercade (console portable, Evercade VS, Evercade VS-R, Evercade EXP, Evercade EXP-R, Evercade Alpha) et les consoles Super Pocket.<\/p>\n<p>Les 12 jeux suivants sont inclus :<br \/>\n01. Atic Atac<br \/>\n02. Gunfright<br \/>\n03. Jetpac<br \/>\n04. Knight Lore<br \/>\n05. Lunar Jetman<br \/>\n06. Sabre Wulf<br \/>\n07. Underwurlde<br \/>\n08. Cobra Triangle<br \/>\n09. R.C. Pro-Am<br \/>\n10. Battletoads<br \/>\n11. Conker&rsquo;s Pocket Tales<br \/>\n12. Battletoads Arcade.<\/p>\n<p>Remarque : la console n&rsquo;est pas incluse.<\/p>\n<\/div>\n<\/div>\n<\/div>\n<\/div>\n<\/div>\n<div class=\"similarproducts cat rounded shadow full nospace\">\n<div id=\"similarproducts\" class=\"rounded\"><\/div>\n<\/div>\n","protected":false},"excerpt":{"rendered":"<p>Pr\u00e9-commande ! Sortie pr\u00e9vue le 27.02.2026 ! <\/p>\n","protected":false},"featured_media":10610,"template":"","meta":[],"product_brand":[955],"product_cat":[961,1004],"product_tag":[986,964,849,985],"class_list":{"0":"post-10599","1":"product","2":"type-product","3":"status-publish","4":"has-post-thumbnail","6":"product_brand-blaze-entertainment","7":"product_cat-blaze-evercade","8":"product_cat-cartouches","9":"product_tag-arcade","10":"product_tag-blaze","11":"product_tag-cartouche","12":"product_tag-evercade","13":"product_shipping_class-maxi-lettre","15":"first","16":"instock","17":"taxable","18":"shipping-taxable","19":"purchasable","20":"product-type-simple"},"jetpack_sharing_enabled":true,"_links":{"self":[{"href":"https:\/\/www.retrobuddys.com\/fr\/wp-json\/wp\/v2\/product\/10599","targetHints":{"allow":["GET"]}}],"collection":[{"href":"https:\/\/www.retrobuddys.com\/fr\/wp-json\/wp\/v2\/product"}],"about":[{"href":"https:\/\/www.retrobuddys.com\/fr\/wp-json\/wp\/v2\/types\/product"}],"wp:featuredmedia":[{"embeddable":true,"href":"https:\/\/www.retrobuddys.com\/fr\/wp-json\/wp\/v2\/media\/10610"}],"wp:attachment":[{"href":"https:\/\/www.retrobuddys.com\/fr\/wp-json\/wp\/v2\/media?parent=10599"}],"wp:term":[{"taxonomy":"product_brand","embeddable":true,"href":"https:\/\/www.retrobuddys.com\/fr\/wp-json\/wp\/v2\/product_brand?post=10599"},{"taxonomy":"product_cat","embeddable":true,"href":"https:\/\/www.retrobuddys.com\/fr\/wp-json\/wp\/v2\/product_cat?post=10599"},{"taxonomy":"product_tag","embeddable":true,"href":"https:\/\/www.retrobuddys.com\/fr\/wp-json\/wp\/v2\/product_tag?post=10599"}],"curies":[{"name":"wp","href":"https:\/\/api.w.org\/{rel}","templated":true}]}}