{"id":10559,"date":"2025-12-03T13:03:38","date_gmt":"2025-12-03T13:03:38","guid":{"rendered":"https:\/\/www.retrobuddys.com\/?post_type=product&#038;p=10559"},"modified":"2025-12-03T13:07:45","modified_gmt":"2025-12-03T13:07:45","slug":"cartouche-neogeo-arcade-3-kopie","status":"publish","type":"product","link":"https:\/\/www.retrobuddys.com\/fr\/shop\/blaze-evercade\/cartouches\/cartouche-neogeo-arcade-3-kopie\/","title":{"rendered":"Activision Collection 1 Cartouche"},"content":{"rendered":"<div class=\"productdetail rounded shadow notice campaign de\">\n<div class=\"rounded productcontent\">\n<div class=\"gradient\">\n<div class=\"tabfolder rounded shadow clear\">\n<div id=\"desc\" class=\"rounded active\">\n<p>Revivez vos classiques avec la Collection 1 d&rsquo;Activision pour Evercade ! 15 superbes titres de l&rsquo;\u00e8re des consoles 8 bits n&rsquo;attendent que vous pour \u00eatre d\u00e9couverts, dont Pitfall !, River Raid, Freeway et bien plus encore ! Remontez le temps et assistez au lancement de l&rsquo;un des plus grands \u00e9diteurs de jeux de tous les temps !<br \/>\n- Manuel en couleur inclus<br \/>\n- Genres inclus : Shoot &#8217;em up, Action, Conduite et course, Sport, Jeux de plateforme, Action et Simulation.<br \/>\n- Compatible avec tous les appareils Evercade (console portable, Evercade VS, Evercade VS-R, Evercade EXP, Evercade EXP-R, Evercade Alpha) et les consoles Super Pocket.<\/p>\n<p>Les 15 jeux suivants sont inclus :<br \/>\n01. Beamrider<br \/>\n02. Crackpots<br \/>\n03. Demon Attack<br \/>\n04. Enduro<br \/>\n05. Fishing Derby<br \/>\n06. Freeway<br \/>\n07. Grand Prix<br \/>\n08. Megamania<br \/>\n09. Pitfall !<br \/>\n10. Private Eye<br \/>\n11. River Raid<br \/>\n12 Sky Jinks<br \/>\n13. Space Shuttle : A Journey Into Space<br \/>\n14. Starmaster<br \/>\n15. Tennis<\/p>\n<p>Remarque : la console n&rsquo;est pas incluse.<\/p>\n<\/div>\n<\/div>\n<\/div>\n<\/div>\n<\/div>\n<div class=\"similarproducts cat rounded shadow full nospace\">\n<div id=\"similarproducts\" class=\"rounded\"><\/div>\n<\/div>\n","protected":false},"excerpt":{"rendered":"<p>Pr\u00e9-commande ! Sortie pr\u00e9vue le 27.02.2026 ! <\/p>\n","protected":false},"featured_media":10570,"template":"","meta":[],"product_brand":[955],"product_cat":[961,1004],"product_tag":[986,964,849,985],"class_list":{"0":"post-10559","1":"product","2":"type-product","3":"status-publish","4":"has-post-thumbnail","6":"product_brand-blaze-entertainment","7":"product_cat-blaze-evercade","8":"product_cat-cartouches","9":"product_tag-arcade","10":"product_tag-blaze","11":"product_tag-cartouche","12":"product_tag-evercade","13":"product_shipping_class-maxi-lettre","15":"first","16":"instock","17":"taxable","18":"shipping-taxable","19":"purchasable","20":"product-type-simple"},"jetpack_sharing_enabled":true,"_links":{"self":[{"href":"https:\/\/www.retrobuddys.com\/fr\/wp-json\/wp\/v2\/product\/10559","targetHints":{"allow":["GET"]}}],"collection":[{"href":"https:\/\/www.retrobuddys.com\/fr\/wp-json\/wp\/v2\/product"}],"about":[{"href":"https:\/\/www.retrobuddys.com\/fr\/wp-json\/wp\/v2\/types\/product"}],"wp:featuredmedia":[{"embeddable":true,"href":"https:\/\/www.retrobuddys.com\/fr\/wp-json\/wp\/v2\/media\/10570"}],"wp:attachment":[{"href":"https:\/\/www.retrobuddys.com\/fr\/wp-json\/wp\/v2\/media?parent=10559"}],"wp:term":[{"taxonomy":"product_brand","embeddable":true,"href":"https:\/\/www.retrobuddys.com\/fr\/wp-json\/wp\/v2\/product_brand?post=10559"},{"taxonomy":"product_cat","embeddable":true,"href":"https:\/\/www.retrobuddys.com\/fr\/wp-json\/wp\/v2\/product_cat?post=10559"},{"taxonomy":"product_tag","embeddable":true,"href":"https:\/\/www.retrobuddys.com\/fr\/wp-json\/wp\/v2\/product_tag?post=10559"}],"curies":[{"name":"wp","href":"https:\/\/api.w.org\/{rel}","templated":true}]}}