{"id":10164,"date":"2025-12-03T10:29:17","date_gmt":"2025-12-03T10:29:17","guid":{"rendered":"https:\/\/www.retrobuddys.com\/?post_type=product&#038;p=10164"},"modified":"2026-03-23T08:02:32","modified_gmt":"2026-03-23T08:02:32","slug":"blaze-evercade-vs-r-wired-controller-black-controleur-filaire-kopie","status":"publish","type":"product","link":"https:\/\/www.retrobuddys.com\/fr\/shop\/blaze-evercade\/materiel-evercade\/blaze-evercade-vs-r-wired-controller-black-controleur-filaire-kopie\/","title":{"rendered":"Blaze Evercade VS-R Wired Controller *cream* (contr\u00f4leur filaire)"},"content":{"rendered":"<p>Le contr\u00f4leur filaire Evercade VS-R est le compl\u00e9ment id\u00e9al de la console de jeu Evercade VS-R. Elle vous permet d&rsquo;\u00e9tendre votre capacit\u00e9 de jeu multijoueur jusqu&rsquo;\u00e0 quatre joueurs avec une manette sp\u00e9cialement con\u00e7ue et esth\u00e9tiquement adapt\u00e9e \u00e0 votre syst\u00e8me. <\/p>\n<p>La manette USB ajoute les touches bumper L1\/L2\/R1\/R2 aux boutons disponibles pour une compatibilit\u00e9 crois\u00e9e avec plusieurs jeux, et pr\u00e9sente le m\u00eame design de D-pad et de touches acclam\u00e9 par la critique que les consoles portables Evercade.<\/p>\n<p>Tout cela est pr\u00e9sent\u00e9 dans une coque ergonomique pour un confort maximal. La manette est \u00e9galement compatible avec les syst\u00e8mes PC et Mac, ce qui en fait un excellent choix polyvalent pour le r\u00e9trogaming. La manette filaire Evercade VS-R fonctionne \u00e9galement avec les consoles Evercade VS.  <\/p>\n<ul>\n<li>Contr\u00f4le r\u00e9actif<\/li>\n<li>Couleur r\u00e9tro \u00ab\u00a0Cream<\/li>\n<li>D-pad classique pour un contr\u00f4le total<\/li>\n<li>Compatible avec PC,MAC, Evercade VS-R et VS<\/li>\n<li>Port USB<\/li>\n<li>C\u00e2ble de 3 m\u00e8tres inclus <\/li>\n<\/ul>\n<p>Remarque : la console n&rsquo;est pas incluse<\/p>\n","protected":false},"excerpt":{"rendered":"<p>Le contr\u00f4leur filaire Evercade VS-R est le compl\u00e9ment id\u00e9al de la console de jeu Evercade VS-R. Elle vous permet d&rsquo;\u00e9tendre votre capacit\u00e9 de jeu multijoueur jusqu&rsquo;\u00e0 quatre joueurs avec une manette sp\u00e9cialement con\u00e7ue et esth\u00e9tiquement adapt\u00e9e \u00e0 votre syst\u00e8me. La manette USB ajoute les touches bumper L1\/L2\/R1\/R2 aux boutons disponibles pour une compatibilit\u00e9 crois\u00e9e avec [&#8230;]\n","protected":false},"featured_media":10174,"template":"","meta":[],"product_brand":[],"product_cat":[961,1014],"product_tag":[986,964,985],"class_list":{"0":"post-10164","1":"product","2":"type-product","3":"status-publish","4":"has-post-thumbnail","6":"product_cat-blaze-evercade","7":"product_cat-materiel-evercade","8":"product_tag-arcade","9":"product_tag-blaze","10":"product_tag-evercade","11":"product_shipping_class-maxi-lettre","13":"first","14":"onbackorder","15":"taxable","16":"shipping-taxable","17":"purchasable","18":"product-type-simple"},"jetpack_sharing_enabled":true,"_links":{"self":[{"href":"https:\/\/www.retrobuddys.com\/fr\/wp-json\/wp\/v2\/product\/10164","targetHints":{"allow":["GET"]}}],"collection":[{"href":"https:\/\/www.retrobuddys.com\/fr\/wp-json\/wp\/v2\/product"}],"about":[{"href":"https:\/\/www.retrobuddys.com\/fr\/wp-json\/wp\/v2\/types\/product"}],"wp:featuredmedia":[{"embeddable":true,"href":"https:\/\/www.retrobuddys.com\/fr\/wp-json\/wp\/v2\/media\/10174"}],"wp:attachment":[{"href":"https:\/\/www.retrobuddys.com\/fr\/wp-json\/wp\/v2\/media?parent=10164"}],"wp:term":[{"taxonomy":"product_brand","embeddable":true,"href":"https:\/\/www.retrobuddys.com\/fr\/wp-json\/wp\/v2\/product_brand?post=10164"},{"taxonomy":"product_cat","embeddable":true,"href":"https:\/\/www.retrobuddys.com\/fr\/wp-json\/wp\/v2\/product_cat?post=10164"},{"taxonomy":"product_tag","embeddable":true,"href":"https:\/\/www.retrobuddys.com\/fr\/wp-json\/wp\/v2\/product_tag?post=10164"}],"curies":[{"name":"wp","href":"https:\/\/api.w.org\/{rel}","templated":true}]}}