{"id":10059,"date":"2025-12-03T10:08:34","date_gmt":"2025-12-03T10:08:34","guid":{"rendered":"https:\/\/www.retrobuddys.com\/?post_type=product&#038;p=10059"},"modified":"2025-12-03T14:40:05","modified_gmt":"2025-12-03T14:40:05","slug":"blaze-evercade-exp-r-solo-kopie-2","status":"publish","type":"product","link":"https:\/\/www.retrobuddys.com\/fr\/shop\/blaze-evercade\/materiel-evercade\/blaze-evercade-exp-r-solo-kopie-2\/","title":{"rendered":"Blaze Evercade EXP-R et Taito Arcade 1 (bundle)"},"content":{"rendered":"<p>La console de jeu r\u00e9tro portable Evercade EXP-R d&rsquo;Evercade est disponible dans un tout nouveau th\u00e8me de couleurs et inclut une cartouche Taito Arcade 1. Cette console portable est compatible avec toutes les cartouches Evercade et permet de jouer \u00e0 des jeux r\u00e9tro Evercade de mani\u00e8re simple et portable. <\/p>\n<ul>\n<li>Evercade EXP-R Solo offre un jeu r\u00e9tro classique pour les d\u00e9placements avec un nouveau design inspir\u00e9 du style r\u00e9tro, notamment un bo\u00eetier gris clair avec des touches de gris fonc\u00e9 et de rouge.<\/li>\n<li>Cartouche Taito Arcade 1 (avec 9 jeux) incluse<\/li>\n<li>Mode TATE pour une lecture verticale de l&rsquo;\u00e9cran avec des boutons d\u00e9di\u00e9s.<\/li>\n<li>Compatibilit\u00e9 totale avec la biblioth\u00e8que Evercade.<\/li>\n<li>\u00c9cran IPS 800 x 480 haute r\u00e9solution avec WLAN int\u00e9gr\u00e9.<\/li>\n<li>Design l\u00e9ger et compact avec 4 \u00e0 5 heures d&rsquo;autonomie (recharge USB-C).<\/li>\n<li>L&rsquo;adaptateur secteur (USB-C) doit \u00eatre achet\u00e9 s\u00e9par\u00e9ment.<\/li>\n<\/ul>\n<p>Veuillez noter que : L&rsquo;EXP-R ne peut pas \u00eatre connect\u00e9 \u00e0 un t\u00e9l\u00e9viseur.<\/p>\n","protected":false},"excerpt":{"rendered":"<p>La console de jeu r\u00e9tro portable Evercade EXP-R d&rsquo;Evercade est disponible dans un tout nouveau th\u00e8me de couleurs et inclut une cartouche Taito Arcade 1. Cette console portable est compatible avec toutes les cartouches Evercade et permet de jouer \u00e0 des jeux r\u00e9tro Evercade de mani\u00e8re simple et portable. Evercade EXP-R Solo offre un jeu [&#8230;]\n","protected":false},"featured_media":10070,"template":"","meta":[],"product_brand":[955],"product_cat":[961,1014],"product_tag":[964,965],"class_list":{"0":"post-10059","1":"product","2":"type-product","3":"status-publish","4":"has-post-thumbnail","6":"product_brand-blaze-entertainment","7":"product_cat-blaze-evercade","8":"product_cat-materiel-evercade","9":"product_tag-blaze","10":"product_tag-evercade-arcade","11":"product_shipping_class-dhl-fr","13":"first","14":"instock","15":"taxable","16":"shipping-taxable","17":"purchasable","18":"product-type-simple"},"jetpack_sharing_enabled":true,"_links":{"self":[{"href":"https:\/\/www.retrobuddys.com\/fr\/wp-json\/wp\/v2\/product\/10059","targetHints":{"allow":["GET"]}}],"collection":[{"href":"https:\/\/www.retrobuddys.com\/fr\/wp-json\/wp\/v2\/product"}],"about":[{"href":"https:\/\/www.retrobuddys.com\/fr\/wp-json\/wp\/v2\/types\/product"}],"wp:featuredmedia":[{"embeddable":true,"href":"https:\/\/www.retrobuddys.com\/fr\/wp-json\/wp\/v2\/media\/10070"}],"wp:attachment":[{"href":"https:\/\/www.retrobuddys.com\/fr\/wp-json\/wp\/v2\/media?parent=10059"}],"wp:term":[{"taxonomy":"product_brand","embeddable":true,"href":"https:\/\/www.retrobuddys.com\/fr\/wp-json\/wp\/v2\/product_brand?post=10059"},{"taxonomy":"product_cat","embeddable":true,"href":"https:\/\/www.retrobuddys.com\/fr\/wp-json\/wp\/v2\/product_cat?post=10059"},{"taxonomy":"product_tag","embeddable":true,"href":"https:\/\/www.retrobuddys.com\/fr\/wp-json\/wp\/v2\/product_tag?post=10059"}],"curies":[{"name":"wp","href":"https:\/\/api.w.org\/{rel}","templated":true}]}}