{"id":2287,"date":"2022-11-03T18:19:26","date_gmt":"2022-11-03T18:19:26","guid":{"rendered":"https:\/\/www.retrobuddys.com\/mentions-legales\/"},"modified":"2025-03-27T05:55:26","modified_gmt":"2025-03-27T05:55:26","slug":"mentions-legales","status":"publish","type":"page","link":"https:\/\/www.retrobuddys.com\/fr\/mentions-legales\/","title":{"rendered":"Mentions l\u00e9gales"},"content":{"rendered":"\n<h1 class=\"p1\"><b>Mentions l\u00e9gales<\/b><\/h1>\n<p class=\"p2\"><b>Donn\u00e9es<\/b><b> <\/b><b>conform\u00e9ment \u00e0<\/b><b> <\/b><b>\u00a7<\/b><b> <\/b><b>5<\/b><b> <\/b><b>TMG<\/b><\/p>\n<p class=\"p3\">CompuSys Beratungs- und Beteiligungsgesellschaft mbH<br>Hattsmoor 22<br>22417 Hambourg<\/p>\n<p class=\"p6\">Registre du commerce : HR-B 152142 Tribunal d&rsquo;enregistrement : Hambourg<\/p>\n<p class=\"p6\"><b>Repr\u00e9sent\u00e9<\/b><b> <\/b><b>par :<br><\/b>Peter Jaeger<\/p>\n<p class=\"p10\"><span class=\"s5\"><b>Contact<br><\/b><\/span>T\u00e9l\u00e9phone : +49 40 - 8221 60 710<br>T\u00e9l\u00e9copieur : +49 40 - 450 633 73<br>E-mail :<span class=\"s4\"> <a href=\"mailto:info@retrobuddys.com\">info@retrobuddys.com<\/a><\/span><\/p>\n<p class=\"p10\"><span class=\"s5\"><b>Num\u00e9ro d&rsquo;identification de la taxe sur le chiffre d&rsquo;affaires<br><\/b><\/span>Num\u00e9ro d&rsquo;identification de la taxe sur le chiffre d&rsquo;affaires conform\u00e9ment au \u00a7 27 a de la loi sur la taxe sur le chiffre d&rsquo;affaires : DE347610141<\/p>\n<p class=\"p2\"><b>Responsable<\/b><b>de la r\u00e9daction<\/b><b> <\/b><b><br> Peter Jaeger, Hattsmoor 22, 22417 Hambourg<\/b><\/p>\n<p class=\"p10\"><span class=\"s5\"><b>R\u00e8glement des litiges de l&rsquo;UE<br><\/b><\/span>La Commission europ\u00e9enne met \u00e0 disposition une plateforme de r\u00e8glement en ligne des litiges (RLL) : <a href=\"https:\/\/ec.europa.eu\/consumers\/odr\/\"><span class=\"s7\">https:\/\/ec.europa.eu\/consumers\/odr\/<\/span><\/a>.<\/p>\n<p class=\"p4\">Vous trouverez notre adresse e-mail en haut dans les mentions l\u00e9gales.<\/p>\n<p class=\"p10\"><span class=\"s3\"><b>R\u00e8glement des litiges de consommation\/organisme d&rsquo;arbitrage universel<br><\/b><\/span>Nous participons \u00e0 une proc\u00e9dure de r\u00e8glement des litiges devant un organisme de conciliation des consommateurs. L&rsquo;organisme comp\u00e9tent est l&rsquo;organisme de conciliation universel du \u00ab\u00a0Zentrum f\u00fcr Schlichtung e.V.\u00a0\u00bb, Strassburger Stra\u00dfe 8, 77694 Kehl am Rhein (<span class=\"s3\">\n  <a href=\"https:\/\/www.verbraucher-schlichter.de\/\">https:\/\/www.verbraucher-schlichter.de<\/a>\n<\/span><span class=\"s4\">).<\/span><\/p>\n<p class=\"p4\"><span class=\"s5\">Source : <\/span><span class=\"s3\">\n  <a href=\"https:\/\/www.e-recht24.de\/impressum-generator.html\">https:\/\/www.e-recht24.de\/impressum-generator.html<\/a>\n<\/span><\/p>\n<div class=\"woocommerce woocommerce-gzd woocommerce-gzd-complaints-shortcode\">\n\t\t\t<h3>Alternative Dispute Resolution in accordance with Art. 14 (1) ODR-VO and \u00a7 36 VSBG:<\/h3>\n\t\nWir sind bereit, an einem au\u00dfergerichtlichen Schlichtungsverfahren teilzunehmen.<\/div>\n\n","protected":false},"excerpt":{"rendered":"","protected":false},"author":1,"featured_media":0,"parent":0,"menu_order":0,"comment_status":"closed","ping_status":"closed","template":"","meta":{"footnotes":""},"class_list":["post-2287","page","type-page","status-publish","hentry"],"jetpack_sharing_enabled":true,"_links":{"self":[{"href":"https:\/\/www.retrobuddys.com\/fr\/wp-json\/wp\/v2\/pages\/2287","targetHints":{"allow":["GET"]}}],"collection":[{"href":"https:\/\/www.retrobuddys.com\/fr\/wp-json\/wp\/v2\/pages"}],"about":[{"href":"https:\/\/www.retrobuddys.com\/fr\/wp-json\/wp\/v2\/types\/page"}],"author":[{"embeddable":true,"href":"https:\/\/www.retrobuddys.com\/fr\/wp-json\/wp\/v2\/users\/1"}],"replies":[{"embeddable":true,"href":"https:\/\/www.retrobuddys.com\/fr\/wp-json\/wp\/v2\/comments?post=2287"}],"version-history":[{"count":2,"href":"https:\/\/www.retrobuddys.com\/fr\/wp-json\/wp\/v2\/pages\/2287\/revisions"}],"predecessor-version":[{"id":7490,"href":"https:\/\/www.retrobuddys.com\/fr\/wp-json\/wp\/v2\/pages\/2287\/revisions\/7490"}],"wp:attachment":[{"href":"https:\/\/www.retrobuddys.com\/fr\/wp-json\/wp\/v2\/media?parent=2287"}],"curies":[{"name":"wp","href":"https:\/\/api.w.org\/{rel}","templated":true}]}}