{"id":1839,"date":"2016-03-31T14:08:39","date_gmt":"2016-03-31T14:08:39","guid":{"rendered":"https:\/\/www.retrobuddys.com\/pages\/"},"modified":"2023-09-13T18:27:07","modified_gmt":"2023-09-13T18:27:07","slug":"pages","status":"publish","type":"page","link":"https:\/\/www.retrobuddys.com\/fr\/pages\/","title":{"rendered":"Pages"},"content":{"rendered":"\n  <div class=\"banner has-hover\" id=\"banner-1713807295\">\n          <div class=\"banner-inner fill\">\n        <div class=\"banner-bg fill\" >\n            <img loading=\"lazy\" decoding=\"async\" width=\"1000\" height=\"650\" src=\"https:\/\/www.retrobuddys.com\/wp-content\/uploads\/2016\/08\/dummy-2.jpg\" class=\"bg attachment-large size-large\" alt=\"\" \/>                        <div class=\"overlay\"><\/div>            \n                    <\/div>\n\t\t\n        <div class=\"banner-layers container\">\n            <div class=\"fill banner-link\"><\/div>            \n   <div id=\"text-box-12393831\" class=\"text-box banner-layer x50 md-x50 lg-x50 y50 md-y50 lg-y50 res-text\">\n                                <div class=\"text-box-content text dark\">\n              \n              <div class=\"text-inner text-center\">\n                  \n<h3 class=\"uppercase\"><strong>\u00c9l\u00e9ment Pages<\/strong><\/h3>\n<p class=\"lead\">Afficher une liste de sous-pages d&rsquo;une page s\u00e9lectionn\u00e9e de mani\u00e8re esth\u00e9tique. Tr\u00e8s utile si vous avez besoin de cr\u00e9er des liens vers des sous-pages \u00e0 partir d&rsquo;une page parent.<\/p>\n              <\/div>\n           <\/div>\n                            \n<style>\n#text-box-12393831 {\n  width: 60%;\n}\n#text-box-12393831 .text-box-content {\n  font-size: 100%;\n}\n<\/style>\n    <\/div>\n \n        <\/div>\n      <\/div>\n\n            \n<style>\n#banner-1713807295 {\n  padding-top: 496px;\n}\n#banner-1713807295 .overlay {\n  background-color: rgba(0, 0, 0, 0.06);\n}\n#banner-1713807295 .banner-bg img {\n  object-position: 52% 2%;\n}\n<\/style>\n  <\/div>\n\n\n<div class=\"container section-title-container\" ><h3 class=\"section-title section-title-center\"><b aria-hidden=\"true\"><\/b><span class=\"section-title-main\" >Style par d\u00e9faut<\/span><b aria-hidden=\"true\"><\/b><\/h3><\/div>\n<p class=\"lead shortcode-error text-center\">Sorry, no pages was found<\/p>\n  \n    <div class=\"row large-columns-4 medium-columns-3 small-columns-2 has-shadow row-box-shadow-1\" >\n  <\/div>\n","protected":false},"excerpt":{"rendered":"","protected":false},"author":1,"featured_media":1236,"parent":0,"menu_order":18,"comment_status":"closed","ping_status":"closed","template":"page-blank.php","meta":{"footnotes":""},"class_list":["post-1839","page","type-page","status-publish","has-post-thumbnail","hentry"],"jetpack_sharing_enabled":true,"_links":{"self":[{"href":"https:\/\/www.retrobuddys.com\/fr\/wp-json\/wp\/v2\/pages\/1839","targetHints":{"allow":["GET"]}}],"collection":[{"href":"https:\/\/www.retrobuddys.com\/fr\/wp-json\/wp\/v2\/pages"}],"about":[{"href":"https:\/\/www.retrobuddys.com\/fr\/wp-json\/wp\/v2\/types\/page"}],"author":[{"embeddable":true,"href":"https:\/\/www.retrobuddys.com\/fr\/wp-json\/wp\/v2\/users\/1"}],"replies":[{"embeddable":true,"href":"https:\/\/www.retrobuddys.com\/fr\/wp-json\/wp\/v2\/comments?post=1839"}],"version-history":[{"count":2,"href":"https:\/\/www.retrobuddys.com\/fr\/wp-json\/wp\/v2\/pages\/1839\/revisions"}],"predecessor-version":[{"id":1845,"href":"https:\/\/www.retrobuddys.com\/fr\/wp-json\/wp\/v2\/pages\/1839\/revisions\/1845"}],"wp:featuredmedia":[{"embeddable":true,"href":"https:\/\/www.retrobuddys.com\/fr\/wp-json\/wp\/v2\/media\/1236"}],"wp:attachment":[{"href":"https:\/\/www.retrobuddys.com\/fr\/wp-json\/wp\/v2\/media?parent=1839"}],"curies":[{"name":"wp","href":"https:\/\/api.w.org\/{rel}","templated":true}]}}