{"id":9545,"date":"2025-11-21T08:29:53","date_gmt":"2025-11-21T08:29:53","guid":{"rendered":"https:\/\/www.retrobuddys.com\/shop\/sin%20categor\u00eda\/thea1200-la-a-1200-a1200\/"},"modified":"2025-11-24T15:38:02","modified_gmt":"2025-11-24T15:38:02","slug":"thea1200-la-a-1200-a1200","status":"publish","type":"product","link":"https:\/\/www.retrobuddys.com\/es\/shop\/hardware-para-juegos-retro\/thea1200-la-a-1200-a1200\/","title":{"rendered":"THEA1200 \/ La A 1200 \/ A1200"},"content":{"rendered":"<h2><strong>\u00a1El env\u00edo del PRE-PEDIDO tendr\u00e1 lugar a partir del 16.6.2026 !<\/strong><\/h2>\n<p>Te beneficias de la garant\u00eda de precio previa al pedido. Si el precio baja en el periodo comprendido entre tu pedido y la fecha de publicaci\u00f3n o la primera fecha de entrega, recibir\u00e1s el art\u00edculo al precio m\u00e1s bajo. Recibir\u00e1s un correo electr\u00f3nico con los detalles del reembolso un d\u00eda despu\u00e9s de la fecha de publicaci\u00f3n o de la primera entrega. \u00a1Puedes cancelar tu pedido <strong>*en cualquier momento*<\/strong> hasta la fecha de publicaci\u00f3n enviando un correo electr\u00f3nico a <a href=\"mailto:info@retrobuddys.com\" target=\"_blank\" rel=\"noopener\">info@retrobuddys.com<\/a>!   <\/p>\n<h2><strong>EL A1200<\/strong> - \u00a1Vuelve al futuro de los ordenadores!<\/h2>\n<p>Te presentamos el THEA1200, una nueva edici\u00f3n completa de este cl\u00e1sico ordenador dom\u00e9stico con teclado funcional. Gracias a su conexi\u00f3n HDMI y USB, est\u00e1 listo para su uso inmediato. Emula a la perfecci\u00f3n no s\u00f3lo el A1200 original con su Arquitectura Gr\u00e1fica Avanzada (AGA), sino tambi\u00e9n el A500 (OCS) y el Conjunto de Chip Mejorado (ECS) de versiones anteriores.<br \/>\nJuega a uno de los 25 cl\u00e1sicos de Amiga incluidos, que puedes seleccionar f\u00e1cilmente mediante un carrusel de f\u00e1cil manejo. Entre ellos hay cl\u00e1sicos absolutos como Defender of the Crown I y II, Settlers II, la trilog\u00eda Turrican, Beneath a Steel Sky, Lure of the Temptress y Ruff &#8216;n&#8217; Tumble. O carga tus propios juegos a trav\u00e9s de una memoria USB con total compatibilidad con WHDLoad y numerosas opciones. Guarda y reanuda tu partida en cualquier momento para dominar incluso los cl\u00e1sicos m\u00e1s complicados.<br \/>\nTambi\u00e9n se incluye Workbench para disfrutar de toda la experiencia Amiga, que te permite utilizar todo el software Amiga y es compatible con miles de juegos y demos cl\u00e1sicos de Amiga. Se utiliza WHDLoad para facilitar su uso (los juegos deben adquirirse legalmente a sus leg\u00edtimos propietarios).<br \/>\nLa THEA1200 viene con un rat\u00f3n de 2 botones al estilo original y un gamepad de precisi\u00f3n de 8 botones de nuevo desarrollo, para que puedas elegir libremente tu m\u00e9todo de control.<\/p>\n<p><a href=\"https:\/\/www.retrobuddys.com\/download\/thea1200-trailer_DE_USK.mp4\" target=\"_blank\" rel=\"noopener\">Aqu\u00ed puedes ver el trailer =&gt; Trailer THEA1200<\/a><\/p>\n<h4><strong>La THEA1200 no es s\u00f3lo un ordenador. Es una m\u00e1quina del tiempo. <\/strong><\/h4>\n<ul>\n<li>R\u00e9plica fiel del Amiga 1200<\/li>\n<li><span style=\"color: #333333; font-size: 14.4px;\">Teclado completo y funcional<\/span><\/li>\n<li>Salida multiregi\u00f3n HD con 50 \u00f3 60 Hz<\/li>\n<li>25 fant\u00e1sticos juegos integrados, claramente presentados en un carrusel de f\u00e1cil manejo, entre los que se incluyen: Colonos II, Defensor de la Corona I y II, la trilog\u00eda Turrican, Beneath a Steel Sky, Lure of the Temptress y Ruff &#8216;n&#8217; Tumble<\/li>\n<li>Cuatro puertos USB para gamepads, rat\u00f3n, joysticks y memorias USB<\/li>\n<li>Guarda el progreso de tu partida y contin\u00faala en cualquier momento - con cuatro ranuras de guardado por partida<\/li>\n<li>Juega a tus juegos desde una memoria USB (los juegos deben haberse comprado legalmente)<\/li>\n<li>Admite WHDLoad para cargar sin problemas programas con varios discos sin cambiar de disco<\/li>\n<li>Admite la carga de im\u00e1genes de disco con cambio de disco virtual<\/li>\n<li>Interfaz Workbench integrada. Experimenta el Amiga en todo su esplendor y accede al software de productividad y a las herramientas de desarrollo del Amiga <\/li>\n<li>Rat\u00f3n aut\u00e9ntico y gamepad CD32 incluidos en el volumen de suministro<\/li>\n<li>Te permite personalizar completamente las funciones del mando para tus propios juegos. Asigna cada bot\u00f3n y eje del mando <\/li>\n<li>funciones de teclado, rat\u00f3n y joystick para<\/li>\n<li>Opciones de visualizaci\u00f3n configurables, incluyendo escalado, filtro CRT y recorte inteligente<\/li>\n<li>Compatible con muchos mandos de juegos de terceros. Emula Amiga 1200, 600 y 500 (ECS\/OCS\/AGA) con ajustes personalizables de RAM y ROM y otras opciones de chipset.<br \/>\n. <\/li>\n<\/ul>\n<h4><strong>Contenido:  <\/strong><\/h4>\n<ul>\n<li>Ordenador dom\u00e9stico THEA1200 con teclado de tama\u00f1o est\u00e1ndar<\/li>\n<li>Rat\u00f3n USB con 2 botones (1,8 m)<\/li>\n<li>Gamepad USB con 8 botones (1,8 m)<\/li>\n<li>Cable de alimentaci\u00f3n USB-C (1,8 m) (fuente de alimentaci\u00f3n no incluida)<\/li>\n<li>Cable HDMI (1,8 m)<\/li>\n<li>Gu\u00eda r\u00e1pida.<\/li>\n<\/ul>\n","protected":false},"excerpt":{"rendered":"<p>\u00a1El env\u00edo del PRE-PEDIDO tendr\u00e1 lugar a partir del 16.6.2026 ! Te beneficias de la garant\u00eda de precio previa al pedido. Si el precio baja en el periodo comprendido entre tu pedido y la fecha de publicaci\u00f3n o la primera fecha de entrega, recibir\u00e1s el art\u00edculo al precio m\u00e1s bajo. Recibir\u00e1s un correo electr\u00f3nico con [&#8230;]\n","protected":false},"featured_media":9562,"template":"","meta":[],"product_brand":[],"product_cat":[937],"product_tag":[904,905,903],"class_list":{"0":"post-9545","1":"product","2":"type-product","3":"status-publish","4":"has-post-thumbnail","6":"product_cat-hardware-para-juegos-retro","7":"product_tag-a1200","8":"product_tag-el-a-1200","9":"product_tag-tea1200","10":"product_shipping_class-dhl-es","12":"first","13":"onbackorder","14":"taxable","15":"shipping-taxable","16":"purchasable","17":"product-type-simple"},"jetpack_sharing_enabled":true,"_links":{"self":[{"href":"https:\/\/www.retrobuddys.com\/es\/wp-json\/wp\/v2\/product\/9545","targetHints":{"allow":["GET"]}}],"collection":[{"href":"https:\/\/www.retrobuddys.com\/es\/wp-json\/wp\/v2\/product"}],"about":[{"href":"https:\/\/www.retrobuddys.com\/es\/wp-json\/wp\/v2\/types\/product"}],"wp:featuredmedia":[{"embeddable":true,"href":"https:\/\/www.retrobuddys.com\/es\/wp-json\/wp\/v2\/media\/9562"}],"wp:attachment":[{"href":"https:\/\/www.retrobuddys.com\/es\/wp-json\/wp\/v2\/media?parent=9545"}],"wp:term":[{"taxonomy":"product_brand","embeddable":true,"href":"https:\/\/www.retrobuddys.com\/es\/wp-json\/wp\/v2\/product_brand?post=9545"},{"taxonomy":"product_cat","embeddable":true,"href":"https:\/\/www.retrobuddys.com\/es\/wp-json\/wp\/v2\/product_cat?post=9545"},{"taxonomy":"product_tag","embeddable":true,"href":"https:\/\/www.retrobuddys.com\/es\/wp-json\/wp\/v2\/product_tag?post=9545"}],"curies":[{"name":"wp","href":"https:\/\/api.w.org\/{rel}","templated":true}]}}