{"id":9366,"date":"2025-11-20T15:58:18","date_gmt":"2025-11-20T15:58:18","guid":{"rendered":"https:\/\/www.retrobuddys.com\/shop\/sin%20categor\u00eda\/adaptador-usb-hid2ami-para-amiga-y-c-64-c-128\/"},"modified":"2026-02-08T16:02:52","modified_gmt":"2026-02-08T16:02:52","slug":"adaptador-usb-hid2ami-para-amiga-y-c-64-c-128","status":"publish","type":"product","link":"https:\/\/www.retrobuddys.com\/es\/shop\/amiga-hw-mods-es\/amiga-1000-es\/adaptador-usb-hid2ami-para-amiga-y-c-64-c-128\/","title":{"rendered":"Adaptador USB HID2AMI para Amiga y C-64 \/ C-128"},"content":{"rendered":"<p data-path-to-node=\"1\">HID2AMI es un <b>conversor USB HID de rat\u00f3n a forma de onda en cuadratura<\/b> y <b>adaptador HID de gamepad<\/b> para todos los Amiga, C-64, C-128 y tambi\u00e9n Atari.<\/p>\n<p data-path-to-node=\"1\">El adaptador permite conectar casi <b>CUALQUIER<\/b> <b>rat\u00f3n HID<\/b> moderno (no limitado a PS\/2-USB como muchos adaptadores baratos) y casi <b>CUALQUIER<\/b> (*) <b>gamepad<\/b> digital\/anal\u00f3gico moderno a nuestros ordenadores Amiga, C-64, C-128 y jugar con ellos.<\/p>\n<p data-path-to-node=\"2\">Actualmente, el adaptador se ha probado con docenas de gamepads diferentes, pero no se puede garantizar la funcionalidad de todos y cada uno de los gamepads existentes; no obstante, si encuentras un pad que no funciona con HID2AMI, puedes enviarnos un \u00abDescriptor de informe HID\u00bb para que lo investiguemos.<\/p>\n<p data-path-to-node=\"2\">La lista de compatibilidad se encuentra aqu\u00ed =&gt; <a href=\"https:\/\/www.retrobuddys.com\/es\/2025\/11\/20\/lista-de-compatibilidad-hid2ami\/\" target=\"_blank\" rel=\"noopener\">Lista de compatibilidad<\/a><\/p>\n<p data-path-to-node=\"2\">Si tu dispositivo compatible con HID no aparece en la lista, no significa que no funcione. Simplemente, \u00a1a\u00fan no se ha probado! <\/p>\n<p data-path-to-node=\"2\">En el Amiga, la rueda del rat\u00f3n tambi\u00e9n puede ser compatible con un controlador dedicado.  <a href=\"https:\/\/www.retrobuddys.com\/download\/Hid2Ami.lha\" target=\"_blank\" rel=\"noopener\">El controlador puede descargarse aqu\u00ed.<\/a><\/p>\n<p data-path-to-node=\"2\">El adaptador HID2AMI ha sido desarrollado por EmberHeavyIndustries<a href=\"https:\/\/github.com\/EmberHeavyIndustries\/HID2AMI\" target=\"_blank\" rel=\"noopener\">(https:\/\/github.com\/EmberHeavyIndustries\/HID2AMI)<\/a> y estamos muy contentos de apoyar este destacado proyecto.<br \/>\nLa carcasa ha sido desarrollada por Lemaru.<br \/>\n\u00a1Una parte de las ventas se destina al desarrollador!<\/p>\n","protected":false},"excerpt":{"rendered":"<p>HID2AMI es un conversor USB HID de rat\u00f3n a forma de onda en cuadratura y adaptador HID de gamepad para todos los Amiga, C-64, C-128 y tambi\u00e9n Atari. El adaptador permite conectar casi CUALQUIER rat\u00f3n HID moderno (no limitado a PS\/2-USB como muchos adaptadores baratos) y casi CUALQUIER (*) gamepad digital\/anal\u00f3gico moderno a nuestros ordenadores [&#8230;]\n","protected":false},"featured_media":9483,"template":"","meta":[],"product_brand":[],"product_cat":[270,515,236,242,271,234,825,268],"product_tag":[827,881,882,878,880,879],"class_list":{"0":"post-9366","1":"product","2":"type-product","3":"status-publish","4":"has-post-thumbnail","6":"product_cat-amiga-1000-es","7":"product_cat-amiga-1200-es","8":"product_cat-amiga-2000-es","9":"product_cat-amiga-500-es","10":"product_cat-amiga-600-es","11":"product_cat-amiga-hw-mods-es","12":"product_cat-c64","13":"product_cat-varios","14":"product_tag-c64","15":"product_tag-gamepad","16":"product_tag-hid","17":"product_tag-hid2ami","18":"product_tag-raton","19":"product_tag-usb","20":"product_shipping_class-maxibrief-es","22":"first","23":"instock","24":"taxable","25":"shipping-taxable","26":"purchasable","27":"product-type-variable"},"jetpack_sharing_enabled":true,"_links":{"self":[{"href":"https:\/\/www.retrobuddys.com\/es\/wp-json\/wp\/v2\/product\/9366","targetHints":{"allow":["GET"]}}],"collection":[{"href":"https:\/\/www.retrobuddys.com\/es\/wp-json\/wp\/v2\/product"}],"about":[{"href":"https:\/\/www.retrobuddys.com\/es\/wp-json\/wp\/v2\/types\/product"}],"wp:featuredmedia":[{"embeddable":true,"href":"https:\/\/www.retrobuddys.com\/es\/wp-json\/wp\/v2\/media\/9483"}],"wp:attachment":[{"href":"https:\/\/www.retrobuddys.com\/es\/wp-json\/wp\/v2\/media?parent=9366"}],"wp:term":[{"taxonomy":"product_brand","embeddable":true,"href":"https:\/\/www.retrobuddys.com\/es\/wp-json\/wp\/v2\/product_brand?post=9366"},{"taxonomy":"product_cat","embeddable":true,"href":"https:\/\/www.retrobuddys.com\/es\/wp-json\/wp\/v2\/product_cat?post=9366"},{"taxonomy":"product_tag","embeddable":true,"href":"https:\/\/www.retrobuddys.com\/es\/wp-json\/wp\/v2\/product_tag?post=9366"}],"curies":[{"name":"wp","href":"https:\/\/api.w.org\/{rel}","templated":true}]}}