{"id":9339,"date":"2025-11-20T14:24:03","date_gmt":"2025-11-20T14:24:03","guid":{"rendered":"https:\/\/www.retrobuddys.com\/shop\/sin%20categor\u00eda\/teensyrom-c-64-c-128\/"},"modified":"2026-01-13T13:53:00","modified_gmt":"2026-01-13T13:53:00","slug":"teensyrom-c-64-c-128","status":"publish","type":"product","link":"https:\/\/www.retrobuddys.com\/es\/shop\/c64\/teensyrom-c-64-c-128\/","title":{"rendered":"TeensyRom C-64 \/ C-128"},"content":{"rendered":"<p data-path-to-node=\"1\">El Cartucho Multifunci\u00f3n TeensyROM para C64 y C128 ha sido desarrollado por <b>Travis Smith <\/b>. Dise\u00f1ado para su uso con Commodore 64 y 128, este cartucho plug-and-play ofrece una gran variedad de funciones en un \u00fanico y elegante dispositivo. Si quieres cargar varios programas o juegos con facilidad, el cartucho TeensyROM es la elecci\u00f3n correcta. Di adi\u00f3s al engorro de sustituir cartuchos: este m\u00f3dulo vers\u00e1til es la soluci\u00f3n perfecta para cualquier entusiasta del C64. Mejora tu experiencia inform\u00e1tica con el cartucho TeensyROM y aprovecha todo el potencial de tu sistema Commodore 64.    <\/p>\n<p data-path-to-node=\"3\">TeensyROM es un emulador de ROM, cargador superr\u00e1pido, host+dispositivo MIDI y cartucho de interfaz de Internet para Commodore 64 y 128, basado en el Teensy 4.1.<\/p>\n<p data-path-to-node=\"4\">Se trata de una placa TeensyROM totalmente montada y probada, que incluye un Teensy 4.1 preinstalado, \u00a1con una selecci\u00f3n de utilidades y juegos integrados listos para usar<b>(plug and play<\/b>)! <\/p>\n<p data-path-to-node=\"5\">TeensyROM es un <a href=\"https:\/\/github.com\/SensoriumEmbedded\/TeensyROM\/tree\/main\" target=\"_blank\" rel=\"noopener\"><b>proyecto de c\u00f3digo abierto<\/b><\/a>.<\/p>\n<h3 data-path-to-node=\"5\"><strong>Volumen de suministro:<\/strong><\/h3>\n<ul data-path-to-node=\"6\">\n<li>La placa de circuito impreso<b>(PCB<\/b>) del cartucho TeensyRom tiene un acabado <b>ENIG<\/b>.<\/li>\n<li>Firmware actual 0.6.8 de 25.7.2025<\/li>\n<li>Imprime la carcasa en 3D en cualquier color.<\/li>\n<li>Opcional: tarjeta MicroSD de <b>8 GB<\/b> (admite hasta 32 GB)<\/li>\n<\/ul>\n<h3><strong>TeensyROM Caracter\u00edsticas principales:<\/strong><\/h3>\n<ul data-path-to-node=\"6\">\n<li>Compatible con m\u00e1quinas C64 y C128, admite <b>NTSC<\/b> y <b>PAL<\/b> <\/li>\n<li>La compatibilidad de la TeensyROM ha sido totalmente validada en muchas m\u00e1quinas NTSC y PAL diferentes: C64, C64C, SX-64 y C128<\/li>\n<\/ul>\n<h4>Carga superr\u00e1pida de archivos .CRT, .PRG y .P00 directamente desde:<\/h4>\n<ul data-path-to-node=\"6\">\n<li>Memoria USB<\/li>\n<li>Tarjeta Micro SD<\/li>\n<li>Memoria flash interna del Teensy<\/li>\n<li>Transferencia directa desde el PC (aplicaci\u00f3n de Windows incluida)<\/li>\n<li><b>Sistema de carga NFC<\/b> disponible para seleccionar\/cargar r\u00e1pidamente con etiquetas NFC<b>(Tapto<\/b>)<\/li>\n<\/ul>\n<h4>Entrada\/salida MIDI mediante conexi\u00f3n host USB:<\/h4>\n<ul data-path-to-node=\"6\">\n<li>\u00a1Toca tu SID con un <b>teclado MIDI<\/b> USB!<\/li>\n<li>Util\u00edzalo con programas populares como <b>Cynthcart<\/b>, <b>Station64<\/b>, etc.<\/li>\n<li>Admite todos los <b>mensajes MIDI<\/b> normales de entrada y salida<\/li>\n<li>Puedes utilizar tu C64 para reproducir un dispositivo con sonido MIDI.<\/li>\n<li>Cartuchos MIDI Sequential, Datel\/Siel, Passport\/Sentech y Namesoft emulados<\/li>\n<li>Utiliza un <b>concentrador USB<\/b> para varios instrumentos + acceso a la unidad flash<\/li>\n<\/ul>\n<h4>Entrada MIDI mediante conexi\u00f3n de dispositivo USB:<\/h4>\n<ul data-path-to-node=\"6\">\n<li>\u00a1Transmite <b> archivos\/datos .SID o .MIDI<\/b> desde un ordenador moderno directamente al <b>chip SID<\/b> de tu Commodore!<\/li>\n<li>Reproduce archivos MIDI desde tu PC en aplicaciones de C64 como <b>Cynthcart<\/b> o la <b>aplicaci\u00f3n MIDI2SID<\/b> <\/li>\n<li>Reproduce <b> archivos .SID<\/b> desde tu PC mediante el <b>protocolo ASID MIDI<\/b> para escuchar cualquier archivo SID en el hardware original.<\/li>\n<\/ul>\n<h4>Comunicaci\u00f3n por Internet mediante conexi\u00f3n Ethernet<\/h4>\n<ul data-path-to-node=\"6\">\n<li>Navega por Internet con el <b>navegador integrado<\/b>, incluyendo <b>marcadores de URL<\/b> y <b>descargas de archivos a alta velocidad<\/b><\/li>\n<li>Con\u00e9ctate a tu <b>BBS Telnet<\/b> C64\/128 favorita<\/li>\n<li>Util\u00edzalo con software publicado como <b>CCGMS<\/b>, <b>StrikeTerm2014<\/b>, <b>DesTerm128<\/b>, etc.<\/li>\n<li><b>Cartucho Swiftlink<\/b>+ emulaci\u00f3n de m\u00f3dem 38,4k<\/li>\n<li>Env\u00eda <b>comandos AT<\/b> desde el software del terminal para configurar la conexi\u00f3n Ethernet<\/li>\n<li>Ajusta la hora del sistema del C64 a trav\u00e9s de Internet<\/li>\n<\/ul>\n<h4>Actualiza el firmware directamente desde la tarjeta SD o la memoria USB<\/h4>\n<ul data-path-to-node=\"6\">\n<li>Basta con colocar el <b> archivo .hex<\/b> en una tarjeta SD o una unidad USB; no se necesita ning\u00fan software adicional para la actualizaci\u00f3n.<\/li>\n<li>Los par\u00e1metros importantes se almacenan en <b>la EEPROM<\/b> interna<\/li>\n<li>Inicio, Ethernet, zona horaria, etc. se conservan tras la desconexi\u00f3n.<\/li>\n<\/ul>\n","protected":false},"excerpt":{"rendered":"<p>El Cartucho Multifunci\u00f3n TeensyROM para C64 y C128 ha sido desarrollado por Travis Smith . Dise\u00f1ado para su uso con Commodore 64 y 128, este cartucho plug-and-play ofrece una gran variedad de funciones en un \u00fanico y elegante dispositivo. Si quieres cargar varios programas o juegos con facilidad, el cartucho TeensyROM es la elecci\u00f3n correcta. [&#8230;]\n","protected":false},"featured_media":9433,"template":"","meta":[],"product_brand":[],"product_cat":[825],"product_tag":[841,827,843,842],"class_list":{"0":"post-9339","1":"product","2":"type-product","3":"status-publish","4":"has-post-thumbnail","6":"product_cat-c64","7":"product_tag-c128","8":"product_tag-c64","9":"product_tag-cartucho","10":"product_tag-teensy","11":"product_shipping_class-dhl-es","13":"first","14":"instock","15":"taxable","16":"shipping-taxable","17":"purchasable","18":"product-type-variable","19":"has-default-attributes"},"jetpack_sharing_enabled":true,"_links":{"self":[{"href":"https:\/\/www.retrobuddys.com\/es\/wp-json\/wp\/v2\/product\/9339","targetHints":{"allow":["GET"]}}],"collection":[{"href":"https:\/\/www.retrobuddys.com\/es\/wp-json\/wp\/v2\/product"}],"about":[{"href":"https:\/\/www.retrobuddys.com\/es\/wp-json\/wp\/v2\/types\/product"}],"wp:featuredmedia":[{"embeddable":true,"href":"https:\/\/www.retrobuddys.com\/es\/wp-json\/wp\/v2\/media\/9433"}],"wp:attachment":[{"href":"https:\/\/www.retrobuddys.com\/es\/wp-json\/wp\/v2\/media?parent=9339"}],"wp:term":[{"taxonomy":"product_brand","embeddable":true,"href":"https:\/\/www.retrobuddys.com\/es\/wp-json\/wp\/v2\/product_brand?post=9339"},{"taxonomy":"product_cat","embeddable":true,"href":"https:\/\/www.retrobuddys.com\/es\/wp-json\/wp\/v2\/product_cat?post=9339"},{"taxonomy":"product_tag","embeddable":true,"href":"https:\/\/www.retrobuddys.com\/es\/wp-json\/wp\/v2\/product_tag?post=9339"}],"curies":[{"name":"wp","href":"https:\/\/api.w.org\/{rel}","templated":true}]}}