{"id":8931,"date":"2025-10-31T13:24:12","date_gmt":"2025-10-31T13:24:12","guid":{"rendered":"https:\/\/www.retrobuddys.com\/?post_type=product&#038;p=8931"},"modified":"2026-02-08T16:02:13","modified_gmt":"2026-02-08T16:02:13","slug":"framethrower-pistorm-adaptador-rgbahdmi-amiga500-amiga2000-kopie","status":"publish","type":"product","link":"https:\/\/www.retrobuddys.com\/es\/shop\/placas-de-circuito-impreso-pcb\/framethrower-pistorm-adaptador-rgbahdmi-amiga500-amiga2000-kopie\/","title":{"rendered":"FrameThrower PiStorm Adaptador RGBaHDMI Amiga500 \/ Amiga2000 \u00a1S\u00d3LO PCB!"},"content":{"rendered":"<h3><strong>PiStorm Addon \u00abFrameThrower\u00bb Adaptador RGBaHDMI para Amiga500 + Amiga 2000<\/strong><\/h3>\n<p>Variante S\u00f3lo PCB. M\u00e1ximo 2 piezas por persona. Los pedidos superiores se cancelar\u00e1n.  <\/p>\n<p><strong>Caracter\u00edsticas<\/strong><\/p>\n<ul>\n<li>Para Amiga 500\/2000<\/li>\n<li>Conversor RGB a HDMI<\/li>\n<\/ul>\n<p><strong>Requisitos previos<\/strong><\/p>\n<ul>\n<li>Amiga 500 o Amiga 2000<\/li>\n<li><span style=\"font-size: 14.4px;\">PiStorm 500 \/ PiStorm 2000 y RaspberryPi 3.<\/span><\/li>\n<li>Toma de 48 clavijas,<\/li>\n<li>2 cabezales de 1&#215;24 patillas<\/li>\n<li>Cable FFC<\/li>\n<li>Bueno - Muy buenas habilidades de soldadura.<\/li>\n<\/ul>\n<p><strong>Volumen de suministro<\/strong><\/p>\n<ul>\n<li>\u00a1PCB ensamblada SMD SOLO! Sin soporte, sin devoluciones, sin donaciones a Claude. <\/li>\n<\/ul>\n<p><strong>Documentaci\u00f3n<\/strong><\/p>\n<ul>\n<li>La documentaci\u00f3n sobre el proyecto puede encontrarse aqu\u00ed:<\/li>\n<li>Algunos detalles en AmiTopia =&gt; <a href=\"https:\/\/amitopia.com\/this-is-the-new-pistorm-framethrower\/\" target=\"_blank\" rel=\"noopener\">https:\/\/amitopia.com\/this-is-the-new-pistorm-framethrower\/<\/a><\/li>\n<\/ul>\n<p>El adaptador RGB a HDMI ha sido desarrollado por @Claude1079 Claude Schwarz. Nos complace ofrecer un poco de apoyo a este destacado proyecto. <\/p>\n","protected":false},"excerpt":{"rendered":"<h3><strong>PiStorm Addon \u00abFrameThrower\u00bb Adaptador RGMaHDMI para Amiga500 + Amiga 2000<\/strong><\/h3>\n<ul>\n<li>\u00a1S\u00d3LO PCB! Sin soporte, sin devoluciones, sin donaciones a Claude. <\/li>\n<li>M\u00e1ximo 2 piezas por persona. Los pedidos m\u00e1s grandes ser\u00e1n cancelados. <\/li>\n<\/ul>\n","protected":false},"featured_media":11323,"template":"","meta":[],"product_brand":[],"product_cat":[264],"product_tag":[239,288,390,801,652,653],"class_list":{"0":"post-8931","1":"product","2":"type-product","3":"status-publish","4":"has-post-thumbnail","6":"product_cat-placas-de-circuito-impreso-pcb","7":"product_tag-amiga-es","8":"product_tag-amiga-500-es","9":"product_tag-frambuesa","10":"product_tag-lanzagramas","11":"product_tag-rgb-a-hdmi","12":"product_tag-rgb2hdmi-es","13":"product_shipping_class-maxibrief-es","15":"first","16":"instock","17":"taxable","18":"shipping-taxable","19":"purchasable","20":"product-type-variable","21":"has-default-attributes"},"origins":[],"jetpack_sharing_enabled":true,"_links":{"self":[{"href":"https:\/\/www.retrobuddys.com\/es\/wp-json\/wp\/v2\/product\/8931","targetHints":{"allow":["GET"]}}],"collection":[{"href":"https:\/\/www.retrobuddys.com\/es\/wp-json\/wp\/v2\/product"}],"about":[{"href":"https:\/\/www.retrobuddys.com\/es\/wp-json\/wp\/v2\/types\/product"}],"wp:featuredmedia":[{"embeddable":true,"href":"https:\/\/www.retrobuddys.com\/es\/wp-json\/wp\/v2\/media\/11323"}],"wp:attachment":[{"href":"https:\/\/www.retrobuddys.com\/es\/wp-json\/wp\/v2\/media?parent=8931"}],"wp:term":[{"taxonomy":"product_brand","embeddable":true,"href":"https:\/\/www.retrobuddys.com\/es\/wp-json\/wp\/v2\/product_brand?post=8931"},{"taxonomy":"product_cat","embeddable":true,"href":"https:\/\/www.retrobuddys.com\/es\/wp-json\/wp\/v2\/product_cat?post=8931"},{"taxonomy":"product_tag","embeddable":true,"href":"https:\/\/www.retrobuddys.com\/es\/wp-json\/wp\/v2\/product_tag?post=8931"}],"curies":[{"name":"wp","href":"https:\/\/api.w.org\/{rel}","templated":true}]}}