{"id":8889,"date":"2025-10-27T10:00:54","date_gmt":"2025-10-27T10:00:54","guid":{"rendered":"https:\/\/www.retrobuddys.com\/shop\/sin%20categor\u00eda\/kungfuflash-para-commodore-64-y-128\/"},"modified":"2025-10-27T10:01:51","modified_gmt":"2025-10-27T10:01:51","slug":"kungfuflash-para-commodore-64-y-128","status":"publish","type":"product","link":"https:\/\/www.retrobuddys.com\/es\/shop\/c64\/kungfuflash-para-commodore-64-y-128\/","title":{"rendered":"KungFuFlash para Commodore 64 y 128"},"content":{"rendered":"<p><span dir=\"auto\">Guarda tus archivos CRT (cartucho), PRG (programas) o D64 (im\u00e1genes de disco) en una tarjeta MicroSD y utiliza el lanzador integrado del cartucho Kung Fu Flash para acceder a ellos.<\/span><\/p>\n<p><span dir=\"auto\">Este cartucho est\u00e1 disponible con diferentes carcasas y tiene tres botones: un bot\u00f3n \u00abreset\u00bb para reiniciar el ordenador, un bot\u00f3n \u00abmen\u00fa\u00bb para acceder al lanzador integrado y un bot\u00f3n \u00abespecial\u00bb que utilizan algunos cartuchos emulados, como Action Replay.<\/span><\/p>\n<p><span dir=\"auto\">Los cartuchos admitidos actualmente son:<\/span><\/p>\n<ul>\n<li><span dir=\"auto\" style=\"\"><span dir=\"auto\" style=\"\">Cartuchos gen\u00e9ricos (8k, 16k, Ultimax)<\/span><\/span><\/li>\n<li><span dir=\"auto\" style=\"\"><span dir=\"auto\" style=\"\">Action Replay v4.x\/v5\/v6<\/span><\/span><\/li>\n<li><span dir=\"auto\" style=\"\"><span dir=\"auto\" style=\"\">Cartucho de potencia KCS<\/span><\/span><\/li>\n<li><span dir=\"auto\" style=\"\"><span dir=\"auto\" style=\"\">Cartucho final III(+)<\/span><\/span><\/li>\n<li><span dir=\"auto\" style=\"\"><span dir=\"auto\" style=\"\">B\u00c1SICO de Simons<\/span><\/span><\/li>\n<li><span dir=\"auto\" style=\"\"><span dir=\"auto\" style=\"\">Juego divertido, Juego de poder<\/span><\/span><\/li>\n<li><span dir=\"auto\" style=\"\"><span dir=\"auto\" style=\"\">Oc\u00e9ano tipo 1<\/span><\/span><\/li>\n<li><span dir=\"auto\" style=\"\"><span dir=\"auto\" style=\"\">Carga r\u00e1pida Epyx<\/span><\/span><\/li>\n<li><span dir=\"auto\" style=\"\"><span dir=\"auto\" style=\"\">Sistema de juegos C64, Sistema 3<\/span><\/span><\/li>\n<li><span dir=\"auto\" style=\"\"><span dir=\"auto\" style=\"\">Velocidad Warp<\/span><\/span><\/li>\n<li><span dir=\"auto\" style=\"\"><span dir=\"auto\" style=\"\">Din\u00e1mico<\/span><\/span><\/li>\n<li><span dir=\"auto\" style=\"\"><span dir=\"auto\" style=\"\">Zaxxon, Super Zaxxon<\/span><\/span><\/li>\n<li><span dir=\"auto\" style=\"\"><span dir=\"auto\" style=\"\">Escritorio M\u00e1gico, Domark, HES Australia<\/span><\/span><\/li>\n<li><span dir=\"auto\" style=\"\"><span dir=\"auto\" style=\"\">Super Instant\u00e1nea v5<\/span><\/span><\/li>\n<li><span dir=\"auto\" style=\"\"><span dir=\"auto\" style=\"\">Comal-80<\/span><\/span><\/li>\n<li><span dir=\"auto\" style=\"\"><span dir=\"auto\" style=\"\">EasyFlash<\/span><\/span><\/li>\n<li><span dir=\"auto\" style=\"\"><span dir=\"auto\" style=\"\">Congelar fotograma<\/span><\/span><\/li>\n<li><span dir=\"auto\" style=\"\"><span dir=\"auto\" style=\"\">M\u00e1quina de congelaci\u00f3n<\/span><\/span><\/li>\n<li><span dir=\"auto\" style=\"\"><span dir=\"auto\" style=\"\">RGCD, Hucky<\/span><\/span><\/li>\n<li><span dir=\"auto\" style=\"\"><span dir=\"auto\" style=\"\">Drean<\/span><\/span><\/li>\n<li><span dir=\"auto\" style=\"\"><span dir=\"auto\" style=\"\">Cartuchos gen\u00e9ricos C128 (Funci\u00f3n externa ROM)<\/span><\/span><\/li>\n<li><span dir=\"auto\" style=\"\"><span dir=\"auto\" style=\"\">Velocidad Warp 128<\/span><\/span><\/li>\n<\/ul>\n<p><span dir=\"auto\">Actualmente se admiten los siguientes tipos de archivos:<\/span><\/p>\n<ul>\n<li><span dir=\"auto\"><span dir=\"auto\">Cartucho (CRT)<\/span><\/span><\/li>\n<li><span dir=\"auto\"><span dir=\"auto\">Cartucho gen\u00e9rico C64\/C128 (ROM, BIN)<\/span><\/span><\/li>\n<li><span dir=\"auto\"><span dir=\"auto\">Imagen de disco (D64, D71, D81)<\/span><\/span><\/li>\n<li><span dir=\"auto\"><span dir=\"auto\">Im\u00e1genes de casete (T64)<\/span><\/span><\/li>\n<li><span dir=\"auto\"><span dir=\"auto\">Programa (PRG, P00)<\/span><\/span><\/li>\n<li><span dir=\"auto\"><span dir=\"auto\">Actualizaci\u00f3n del firmware (UPD)<\/span><\/span><\/li>\n<li><span dir=\"auto\"><span dir=\"auto\">Documentos de texto (TXT, NFO, 1ST)<\/span><\/span><\/li>\n<\/ul>\n<p><strong><span dir=\"auto\">Conexi\u00f3n USB<\/span><\/strong><\/p>\n<p><span dir=\"auto\">Puedes transferir programas o im\u00e1genes de disco a un PC a trav\u00e9s del puerto USB utilizando el protocolo USB EasyFlash 3. El puerto USB est\u00e1 activo cuando: <\/span><\/p>\n<ul>\n<li><span dir=\"auto\">Kung Fu Flash Launcher en marcha<\/span><\/li>\n<li><span dir=\"auto\">Un programa se inicia mediante \u00abCargar\u00bb en el men\u00fa de opciones de archivo (MAY\u00daS+ENTRAR).<\/span><\/li>\n<li><span dir=\"auto\">El BASIC se inicia mediante F7 en el lanzador.<\/span><\/li>\n<\/ul>\n<p><span dir=\"auto\"><span class=\"\" dir=\"auto\">El cartucho KungFuFlash se muestra como un puerto serie est\u00e1ndar cuando se conecta a un PC y no requiere la instalaci\u00f3n de controladores especiales. Sin embargo, esto significa que el programa EasyFlash 3 del PC debe adaptarse para admitir Kung Fu Flash. Por este motivo    <\/span><span class=\"\" dir=\"auto\">una versi\u00f3n personalizada del EasyFlash  <\/span><\/span><a href=\"https:\/\/github.com\/KimJorgensen\/KungFuFlash\/blob\/master\/3rd_party\/ef3utils\" target=\"_blank\" rel=\"noopener\"><span dir=\"auto\"><span class=\"\" dir=\"auto\">3 Utilidades USB<\/span><\/span><\/a><span dir=\"auto\"><span class=\"\" dir=\"auto\"> y <\/span><\/span><a href=\"https:\/\/github.com\/KimJorgensen\/KungFuFlash\/blob\/master\/3rd_party\/ef3bbs\" target=\"_blank\" rel=\"noopener\"><span dir=\"auto\"><span class=\"\" dir=\"auto\">EasyFlash 3 BBS se han a\u00f1adido a este repositorio.<\/span><\/span><\/a><\/p>\n<p><strong><span dir=\"auto\">Actualizaci\u00f3n del firmware<\/span><\/strong><\/p>\n<p><span dir=\"auto\">S\u00f3lo tienes que guardar la actualizaci\u00f3n de KungFuFlash (KungFuFlash_v1.xx.upd) en la tarjeta SD y seleccionar el archivo en el lanzador para iniciar la actualizaci\u00f3n del firmware.<br \/>\n<\/span><span dir=\"auto\">El \u00faltimo firmware est\u00e1 disponible <\/span><a href=\"https:\/\/github.com\/KimJorgensen\/KungFuFlash\/releases\/\" target=\"_blank\" rel=\"noopener\"><span dir=\"auto\">aqu\u00ed<\/span><\/a><span dir=\"auto\"> disponible aqu\u00ed.<br \/>\n<\/span><span dir=\"auto\"><span class=\"\" dir=\"auto\">La informaci\u00f3n sobre la instalaci\u00f3n inicial del firmware <\/span><\/span><a href=\"https:\/\/github.com\/KimJorgensen\/KungFuFlash\/blob\/master\/firmware\/README.md\" target=\"_blank\" rel=\"noopener\"><span dir=\"auto\"><span class=\"\" dir=\"auto\">puedes encontrarla aqu\u00ed<\/span><\/span><\/a><span dir=\"auto\"><span class=\"\" dir=\"auto\"> .<\/span><\/span><\/p>\n<p><strong><span dir=\"auto\">Restricciones<\/span><\/strong><\/p>\n<p><span dir=\"auto\">KungFuFlash es un cartucho definido por software en el que un microcontrolador r\u00e1pido emula el hardware del cartucho mediante software. Esto lo hace extremadamente flexible y permite admitir distintos tipos de cartuchos a un coste relativamente bajo. <\/span><\/p>\n<p><span dir=\"auto\">Sin embargo, puede ser dif\u00edcil ajustar correctamente la temporizaci\u00f3n del bus del C64 en el software, y en algunos lugares la temporizaci\u00f3n est\u00e1 muy cerca del l\u00edmite. Aunque el cartucho Kung Fu Flash ha sido probado en varios modelos de Commodore 64, es posible que no funcione correctamente en tu modelo o que sea necesario un ajuste.   <\/span><a href=\"https:\/\/github.com\/KimJorgensen\/KungFuFlash\/blob\/master\/firmware\/README.md#diagnostic\" target=\"_blank\" rel=\"noopener\"><span dir=\"auto\">del desplazamiento Phi2<\/span><\/a><span dir=\"auto\">  es necesario. Ten en cuenta estos ajustes. <\/span><\/p>\n<p><span dir=\"auto\">KungFuFlash funciona con las versiones PAL y NTSC del Commodore 64 o Commodore 128.<\/span><\/p>\n<p><span dir=\"auto\">La emulaci\u00f3n de unidades de disco duro utiliza vectores del n\u00facleo y no funciona con cargadores r\u00e1pidos o software que utilice acceso directo al hardware, como es el caso de muchos juegos. Actualmente no se admiten archivos REL y s\u00f3lo se admite un subconjunto de comandos del DOS de Commodore. <\/span><\/p>\n<p><strong><span dir=\"auto\">Caracter\u00edsticas principales:<\/span><\/strong><\/p>\n<ul>\n<li><span dir=\"auto\">Compatible con Commodore 64 y Commodore 128.<\/span><\/li>\n<li><span dir=\"auto\">Compatible con PAL y NTSC<\/span><\/li>\n<li><span dir=\"auto\">Equipado con un puerto USB para la transferencia directa de datos desde un PC<\/span><\/li>\n<li><span dir=\"auto\">Para su funcionamiento se necesita una tarjeta MicroSD (se puede pedir como opci\u00f3n).<\/span><\/li>\n<li><span dir=\"auto\"><span class=\"\" dir=\"auto\">Basado en <\/span><\/span><a href=\"https:\/\/github.com\/KimJorgensen\/KungFuFlash\" target=\"_blank\" rel=\"noopener\"><span dir=\"auto\"><span class=\"\" dir=\"auto\">el proyecto de c\u00f3digo abierto de Kim Jorgensen<\/span><\/span><\/a><span dir=\"auto\"><span class=\"\" dir=\"auto\">.<\/span><\/span><\/li>\n<\/ul>\n","protected":false},"excerpt":{"rendered":"<p>Guarda tus archivos CRT (cartucho), PRG (programas) o D64 (im\u00e1genes de disco) en una tarjeta MicroSD y utiliza el lanzador integrado del cartucho Kung Fu Flash para acceder a ellos. Este cartucho est\u00e1 disponible con diferentes carcasas y tiene tres botones: un bot\u00f3n \u00abreset\u00bb para reiniciar el ordenador, un bot\u00f3n \u00abmen\u00fa\u00bb para acceder al lanzador [&#8230;]\n","protected":false},"featured_media":0,"template":"","meta":[],"product_brand":[],"product_cat":[825],"product_tag":[827,826],"class_list":{"0":"post-8889","1":"product","2":"type-product","3":"status-publish","5":"product_cat-c64","6":"product_tag-c64","7":"product_tag-kungfuflash","8":"product_shipping_class-dhl-es","10":"first","11":"outofstock","12":"taxable","13":"shipping-taxable","14":"purchasable","15":"product-type-simple"},"origins":[],"jetpack_sharing_enabled":true,"_links":{"self":[{"href":"https:\/\/www.retrobuddys.com\/es\/wp-json\/wp\/v2\/product\/8889","targetHints":{"allow":["GET"]}}],"collection":[{"href":"https:\/\/www.retrobuddys.com\/es\/wp-json\/wp\/v2\/product"}],"about":[{"href":"https:\/\/www.retrobuddys.com\/es\/wp-json\/wp\/v2\/types\/product"}],"wp:attachment":[{"href":"https:\/\/www.retrobuddys.com\/es\/wp-json\/wp\/v2\/media?parent=8889"}],"wp:term":[{"taxonomy":"product_brand","embeddable":true,"href":"https:\/\/www.retrobuddys.com\/es\/wp-json\/wp\/v2\/product_brand?post=8889"},{"taxonomy":"product_cat","embeddable":true,"href":"https:\/\/www.retrobuddys.com\/es\/wp-json\/wp\/v2\/product_cat?post=8889"},{"taxonomy":"product_tag","embeddable":true,"href":"https:\/\/www.retrobuddys.com\/es\/wp-json\/wp\/v2\/product_tag?post=8889"}],"curies":[{"name":"wp","href":"https:\/\/api.w.org\/{rel}","templated":true}]}}