{"id":8831,"date":"2025-10-23T09:06:13","date_gmt":"2025-10-23T09:06:13","guid":{"rendered":"https:\/\/www.retrobuddys.com\/?post_type=product&#038;p=8831"},"modified":"2026-02-08T16:02:09","modified_gmt":"2026-02-08T16:02:09","slug":"adaptador-rgb-a-hdmi-amiga500-kopie-2","status":"publish","type":"product","link":"https:\/\/www.retrobuddys.com\/es\/shop\/amiga-hw-mods-es\/amiga-2000-es\/adaptador-rgb-a-hdmi-amiga500-kopie-2\/","title":{"rendered":"FrameThrower PiStorm Adaptador RGBaHDMI Amiga500 \/ Amiga2000"},"content":{"rendered":"<h3><strong>PiStorm Addon \u00abFrameThrower\u00bb Adaptador RGMaHDMI para Amiga500 + Amiga 2000<\/strong><\/h3>\n<p>El largamente esperado addon \u00abFrameThrower\u00bb para el PiStorm para Amiga 500 y Amiga 2000 \u00a1por fin est\u00e1 listo!<\/p>\n<p>Este adaptador se utiliza para transmitir las se\u00f1ales RGB del Amiga 500\/2000 a HDMI a trav\u00e9s de la PiStorm. El adaptador se instala en la toma Denise del Amiga 500\/2000 y el chip Denise se enchufa al adaptador y se conecta a la Raspberry Pi en el PiStorm mediante un cable FPC.  \u00a1Con esto por fin es posible reproducir RGB a trav\u00e9s de HDMI y esto sustituye a una conexi\u00f3n de 2\u00ba monitor a trav\u00e9s de adaptador RGB \/ 2\u00ba HDMI en el Amiga 500 y Amiga 2000 y hace superfluo un adaptador RGB2HDMI adicional para los Amiga PiStorm!<\/p>\n<p>La reproducci\u00f3n de sonido no es posible (todav\u00eda), \u00a1pero pronto se implementar\u00e1 en el software seg\u00fan Claude Schwarz!<\/p>\n<p>Ofrecemos el adaptador en 2 versiones: Edici\u00f3n Comunidad con una gran donaci\u00f3n para Claude o como Edici\u00f3n Normal. Tambi\u00e9n puedes pedir una extensi\u00f3n HDMI con un bisel de carcasa\/ranura de impresi\u00f3n 3D no destructiva. <\/p>\n<p><strong>Al comprarnos el adaptador, est\u00e1s apoyando activamente el proyecto, \u00a1ya que parte de los beneficios van directamente al equipo!<\/strong><\/p>\n<p><strong>Caracter\u00edsticas<\/strong><\/p>\n<ul>\n<li>Para Amiga 500\/2000<\/li>\n<li>Conversor RGB a HDMI<\/li>\n<\/ul>\n<p><strong>Requisitos previos<\/strong><\/p>\n<ul>\n<li>Amiga 500 o Amiga 2000<\/li>\n<li><span style=\"font-size: 14.4px;\">PiStorm 500 \/ PiStorm 2000 y RaspberryPi 3.<\/span><\/li>\n<\/ul>\n<p><strong>Volumen de suministro<\/strong><\/p>\n<ul>\n<li>FrameThrower Adaptador RGB a HDMI para Amiga 500\/2000<\/li>\n<li>Cable FFC (cinta plana) para conectar Framethrower a RaspberryPi - 20cm Amiga500 30cm Amiga2000<\/li>\n<\/ul>\n<p><strong>Documentaci\u00f3n<\/strong><\/p>\n<ul>\n<li>La documentaci\u00f3n sobre el proyecto puede encontrarse aqu\u00ed: <a href=\"https:\/\/github.com\/PiStorm\/Framethrower_Denise\" target=\"_blank\" rel=\"noopener\">https:\/\/github.com\/PiStorm\/Framethrower_Denise<\/a><\/li>\n<li>Informaci\u00f3n de configuraci\u00f3n: <a href=\"https:\/\/github.com\/PiStorm\/Framethrower_Denise\/blob\/main\/setup.md\" target=\"_blank\" rel=\"noopener\">https:\/\/github.com\/PiStorm\/Framethrower_Denise\/blob\/main\/setup.md<\/a><\/li>\n<li>Algunos detalles en AmiTopia =&gt; <a href=\"https:\/\/amitopia.com\/this-is-the-new-pistorm-framethrower\/\" target=\"_blank\" rel=\"noopener\">https:\/\/amitopia.com\/this-is-the-new-pistorm-framethrower\/<\/a><\/li>\n<li>Un v\u00eddeo explicativo muy bonito sobre el FrameThrower de <a href=\"https:\/\/franky-net.de\/\" target=\"_blank\" rel=\"noopener\">FrankyByte<\/a> (s\u00f3lo en alem\u00e1n) =&gt; <a href=\"https:\/\/www.youtube.com\/watch?v=Q1mRGgXmthg\" target=\"_blank\" rel=\"noopener\">https:\/\/www.youtube.com\/watch?v=Q1mRGgXmthg<\/a><\/li>\n<\/ul>\n<p>El adaptador RGB a HDMI ha sido desarrollado por @Claude1079 Claude Schwarz. Nos complace ofrecer un poco de apoyo a este destacado proyecto. <\/p>\n<p>Fabricamos internamente los adaptadores RGB a HDMI de FrameThrower.<\/p>\n","protected":false},"excerpt":{"rendered":"<h3><strong>PiStorm Addon \u00abFrameThrower\u00bb Adaptador RGMaHDMI para Amiga500 + Amiga 2000<\/strong><\/h3>\n<p>El largamente esperado addon \u00abFrameThrower\u00bb para el PiStorm para Amiga 500 y Amiga 2000 \u00a1por fin est\u00e1 listo!<\/p>\n<p>La reproducci\u00f3n de sonido no es posible (todav\u00eda), \u00a1pero pronto se implementar\u00e1 en el software seg\u00fan Claude Schwarz!<\/p>\n<p><strong>Al comprarnos el adaptador, est\u00e1s apoyando activamente el proyecto, \u00a1ya que parte de los beneficios van directamente al equipo!<\/strong><\/p>\n","protected":false},"featured_media":11324,"template":"","meta":[],"product_brand":[],"product_cat":[236,242,234,521,800],"product_tag":[239,288,390,801,652,653],"class_list":{"0":"post-8831","1":"product","2":"type-product","3":"status-publish","4":"has-post-thumbnail","6":"product_cat-amiga-2000-es","7":"product_cat-amiga-500-es","8":"product_cat-amiga-hw-mods-es","9":"product_cat-pistorm-es-2","10":"product_cat-rgb2hdmi","11":"product_tag-amiga-es","12":"product_tag-amiga-500-es","13":"product_tag-frambuesa","14":"product_tag-lanzagramas","15":"product_tag-rgb-a-hdmi","16":"product_tag-rgb2hdmi-es","17":"product_shipping_class-dhl-es","19":"first","20":"instock","21":"taxable","22":"shipping-taxable","23":"purchasable","24":"product-type-variable","25":"has-default-attributes"},"jetpack_sharing_enabled":true,"_links":{"self":[{"href":"https:\/\/www.retrobuddys.com\/es\/wp-json\/wp\/v2\/product\/8831","targetHints":{"allow":["GET"]}}],"collection":[{"href":"https:\/\/www.retrobuddys.com\/es\/wp-json\/wp\/v2\/product"}],"about":[{"href":"https:\/\/www.retrobuddys.com\/es\/wp-json\/wp\/v2\/types\/product"}],"wp:featuredmedia":[{"embeddable":true,"href":"https:\/\/www.retrobuddys.com\/es\/wp-json\/wp\/v2\/media\/11324"}],"wp:attachment":[{"href":"https:\/\/www.retrobuddys.com\/es\/wp-json\/wp\/v2\/media?parent=8831"}],"wp:term":[{"taxonomy":"product_brand","embeddable":true,"href":"https:\/\/www.retrobuddys.com\/es\/wp-json\/wp\/v2\/product_brand?post=8831"},{"taxonomy":"product_cat","embeddable":true,"href":"https:\/\/www.retrobuddys.com\/es\/wp-json\/wp\/v2\/product_cat?post=8831"},{"taxonomy":"product_tag","embeddable":true,"href":"https:\/\/www.retrobuddys.com\/es\/wp-json\/wp\/v2\/product_tag?post=8831"}],"curies":[{"name":"wp","href":"https:\/\/api.w.org\/{rel}","templated":true}]}}