{"id":8550,"date":"2025-09-12T09:07:10","date_gmt":"2025-09-12T09:07:10","guid":{"rendered":"https:\/\/www.retrobuddys.com\/?post_type=product&#038;p=8550"},"modified":"2025-09-12T09:34:47","modified_gmt":"2025-09-12T09:34:47","slug":"soporte-adaptador-compact-flash-cf-a-ide-soporte-externo-kopie","status":"publish","type":"product","link":"https:\/\/www.retrobuddys.com\/es\/shop\/amiga-hw-mods-es\/amiga-2000-es\/soporte-adaptador-compact-flash-cf-a-ide-soporte-externo-kopie\/","title":{"rendered":"Adaptador Compact Flash CF a IDE macho"},"content":{"rendered":"<p>Este adaptador puede utilizarse para controlar tarjetas Compact Flash desde una conexi\u00f3n IDE de 3,5 pulgadas, como discos duros y configuraciones.<\/p>\n<ul>\n<li>1 conexi\u00f3n IDE de 40 patillas<\/li>\n<li>1 x Adaptador CF macho<\/li>\n<li>1 conexi\u00f3n de alimentaci\u00f3n mini de 4 patillas (3,5&#8243;)<\/li>\n<\/ul>\n<p><strong>Volumen de suministro<\/strong><\/p>\n<ul>\n<li>1x adaptador CF a IDE<\/li>\n<\/ul>\n","protected":false},"excerpt":{"rendered":"<p>Este adaptador puede utilizarse para controlar tarjetas Compact Flash desde una conexi\u00f3n IDE de 3,5 pulgadas, como discos duros y configuraciones. 1 conexi\u00f3n IDE de 40 patillas 1 x Adaptador CF macho 1 conexi\u00f3n de alimentaci\u00f3n mini de 4 patillas (3,5&#8243;) Volumen de suministro 1x adaptador CF a IDE<\/p>\n","protected":false},"featured_media":8229,"template":"","meta":[],"product_brand":[],"product_cat":[236,286,732],"product_tag":[321,336,767,741],"class_list":{"0":"post-8550","1":"product","2":"type-product","3":"status-publish","4":"has-post-thumbnail","6":"product_cat-amiga-2000-es","7":"product_cat-cables-y-piezas-pequenas","8":"product_cat-disco-duro-y-disquete-ide","9":"product_tag-adaptador","10":"product_tag-cf-es","11":"product_tag-compact-flash-es","12":"product_tag-ide-es","13":"product_shipping_class-maxibrief-es","15":"first","16":"instock","17":"taxable","18":"shipping-taxable","19":"purchasable","20":"product-type-simple"},"origins":[],"jetpack_sharing_enabled":true,"_links":{"self":[{"href":"https:\/\/www.retrobuddys.com\/es\/wp-json\/wp\/v2\/product\/8550","targetHints":{"allow":["GET"]}}],"collection":[{"href":"https:\/\/www.retrobuddys.com\/es\/wp-json\/wp\/v2\/product"}],"about":[{"href":"https:\/\/www.retrobuddys.com\/es\/wp-json\/wp\/v2\/types\/product"}],"wp:featuredmedia":[{"embeddable":true,"href":"https:\/\/www.retrobuddys.com\/es\/wp-json\/wp\/v2\/media\/8229"}],"wp:attachment":[{"href":"https:\/\/www.retrobuddys.com\/es\/wp-json\/wp\/v2\/media?parent=8550"}],"wp:term":[{"taxonomy":"product_brand","embeddable":true,"href":"https:\/\/www.retrobuddys.com\/es\/wp-json\/wp\/v2\/product_brand?post=8550"},{"taxonomy":"product_cat","embeddable":true,"href":"https:\/\/www.retrobuddys.com\/es\/wp-json\/wp\/v2\/product_cat?post=8550"},{"taxonomy":"product_tag","embeddable":true,"href":"https:\/\/www.retrobuddys.com\/es\/wp-json\/wp\/v2\/product_tag?post=8550"}],"curies":[{"name":"wp","href":"https:\/\/api.w.org\/{rel}","templated":true}]}}