{"id":8538,"date":"2025-09-12T08:59:21","date_gmt":"2025-09-12T08:59:21","guid":{"rendered":"https:\/\/www.retrobuddys.com\/?post_type=product&#038;p=8538"},"modified":"2025-09-12T09:34:43","modified_gmt":"2025-09-12T09:34:43","slug":"cable-de-disquete-30cm-enchufe-enchufe-34pin-kopie","status":"publish","type":"product","link":"https:\/\/www.retrobuddys.com\/es\/shop\/cables-y-piezas-pequenas\/cable-de-disquete-30cm-enchufe-enchufe-34pin-kopie\/","title":{"rendered":"Cable de disquete 50cm 3,5&#8243; z\u00f3calo - z\u00f3calo - z\u00f3calo 34pin"},"content":{"rendered":"<p>Cable de disquetes<\/p>\n<ul>\n<li>50 cm de largo<\/li>\n<li>3 grifos, hembra - hembra - hembra<\/li>\n<li>34 clavijas<\/li>\n<li>para disqueteras de 3,5<\/li>\n<\/ul>\n","protected":false},"excerpt":{"rendered":"<p>Cable de disquetes 50 cm de largo 3 grifos, hembra - hembra - hembra 34 clavijas para disqueteras de 3,5<\/p>\n","protected":false},"featured_media":8204,"template":"","meta":[],"product_brand":[],"product_cat":[286,732],"product_tag":[321,736,320],"class_list":{"0":"post-8538","1":"product","2":"type-product","3":"status-publish","4":"has-post-thumbnail","6":"product_cat-cables-y-piezas-pequenas","7":"product_cat-disco-duro-y-disquete-ide","8":"product_tag-adaptador","9":"product_tag-cable","10":"product_tag-disquete","11":"product_shipping_class-letra-grande","13":"first","14":"instock","15":"taxable","16":"shipping-taxable","17":"purchasable","18":"product-type-simple"},"origins":[],"jetpack_sharing_enabled":true,"_links":{"self":[{"href":"https:\/\/www.retrobuddys.com\/es\/wp-json\/wp\/v2\/product\/8538","targetHints":{"allow":["GET"]}}],"collection":[{"href":"https:\/\/www.retrobuddys.com\/es\/wp-json\/wp\/v2\/product"}],"about":[{"href":"https:\/\/www.retrobuddys.com\/es\/wp-json\/wp\/v2\/types\/product"}],"wp:featuredmedia":[{"embeddable":true,"href":"https:\/\/www.retrobuddys.com\/es\/wp-json\/wp\/v2\/media\/8204"}],"wp:attachment":[{"href":"https:\/\/www.retrobuddys.com\/es\/wp-json\/wp\/v2\/media?parent=8538"}],"wp:term":[{"taxonomy":"product_brand","embeddable":true,"href":"https:\/\/www.retrobuddys.com\/es\/wp-json\/wp\/v2\/product_brand?post=8538"},{"taxonomy":"product_cat","embeddable":true,"href":"https:\/\/www.retrobuddys.com\/es\/wp-json\/wp\/v2\/product_cat?post=8538"},{"taxonomy":"product_tag","embeddable":true,"href":"https:\/\/www.retrobuddys.com\/es\/wp-json\/wp\/v2\/product_tag?post=8538"}],"curies":[{"name":"wp","href":"https:\/\/api.w.org\/{rel}","templated":true}]}}