{"id":8528,"date":"2025-09-12T08:43:23","date_gmt":"2025-09-12T08:43:23","guid":{"rendered":"https:\/\/www.retrobuddys.com\/?post_type=product&#038;p=8528"},"modified":"2026-02-08T16:01:40","modified_gmt":"2026-02-08T16:01:40","slug":"reubicador-de-cpu-de-amiga-kopie","status":"publish","type":"product","link":"https:\/\/www.retrobuddys.com\/es\/shop\/amiga-hw-mods-es\/amiga-2000-es\/reubicador-de-cpu-de-amiga-kopie\/","title":{"rendered":"Reubicador CPU Amiga 2000"},"content":{"rendered":"<h4><strong>Reubicador de CPU Amiga 2000 para ranura de coprocesador<\/strong><\/h4>\n<p>Reubicador de CPU de alta calidad para la ranura del coprocesador del Amiga 2000.<\/p>\n<p>La mayor\u00eda de los aceleradores internos del Amiga 500 son compatibles con el Amiga 2000, pero no est\u00e1n dise\u00f1ados para conectarse mec\u00e1nicamente a este ordenador.<br \/>\nEste reubicador te permite conectar el hardware de CPU m\u00e1s com\u00fan del Amiga 500 a tu Amiga 2000 como acelerador.<\/p>\n<p>Lo utilizamos para nuestra tarjeta TF536 y para los clientes que quieren utilizar la PiStorm cl\u00e1sica en el Amiga2000.<br \/>\nTambi\u00e9n funciona muy bien con una CPU de 68k si el z\u00f3calo de la CPU se ha da\u00f1ado por una fuga de Varta.<\/p>\n<p>El Relocator es \u00abOpen Hardware\u00bb y est\u00e1 bajo licencia GNU General Public License (GPL) v3. El proyecto fue desarrollado por SukkoPera y se basa en el proyecto Kipper2K.<\/p>\n","protected":false},"excerpt":{"rendered":"<p>Reubicador de CPU para Amiga 500 Procesador 68000<\/p>\n","protected":false},"featured_media":8339,"template":"","meta":[],"product_brand":[],"product_cat":[236,234,521,268],"product_tag":[321,239,323,273],"class_list":{"0":"post-8528","1":"product","2":"type-product","3":"status-publish","4":"has-post-thumbnail","6":"product_cat-amiga-2000-es","7":"product_cat-amiga-hw-mods-es","8":"product_cat-pistorm-es-2","9":"product_cat-varios","10":"product_tag-adaptador","11":"product_tag-amiga-es","12":"product_tag-amiga-2000-es","13":"product_tag-pistorm-es","14":"product_shipping_class-maxibrief-es","16":"first","17":"instock","18":"taxable","19":"shipping-taxable","20":"purchasable","21":"product-type-simple"},"origins":[],"jetpack_sharing_enabled":true,"_links":{"self":[{"href":"https:\/\/www.retrobuddys.com\/es\/wp-json\/wp\/v2\/product\/8528","targetHints":{"allow":["GET"]}}],"collection":[{"href":"https:\/\/www.retrobuddys.com\/es\/wp-json\/wp\/v2\/product"}],"about":[{"href":"https:\/\/www.retrobuddys.com\/es\/wp-json\/wp\/v2\/types\/product"}],"wp:featuredmedia":[{"embeddable":true,"href":"https:\/\/www.retrobuddys.com\/es\/wp-json\/wp\/v2\/media\/8339"}],"wp:attachment":[{"href":"https:\/\/www.retrobuddys.com\/es\/wp-json\/wp\/v2\/media?parent=8528"}],"wp:term":[{"taxonomy":"product_brand","embeddable":true,"href":"https:\/\/www.retrobuddys.com\/es\/wp-json\/wp\/v2\/product_brand?post=8528"},{"taxonomy":"product_cat","embeddable":true,"href":"https:\/\/www.retrobuddys.com\/es\/wp-json\/wp\/v2\/product_cat?post=8528"},{"taxonomy":"product_tag","embeddable":true,"href":"https:\/\/www.retrobuddys.com\/es\/wp-json\/wp\/v2\/product_tag?post=8528"}],"curies":[{"name":"wp","href":"https:\/\/api.w.org\/{rel}","templated":true}]}}