{"id":8509,"date":"2025-09-12T07:53:59","date_gmt":"2025-09-12T07:53:59","guid":{"rendered":"https:\/\/www.retrobuddys.com\/?post_type=product&#038;p=8509"},"modified":"2025-09-12T09:34:29","modified_gmt":"2025-09-12T09:34:29","slug":"alianza-as4c1m16e5-60jc-soj-42-nos","status":"publish","type":"product","link":"https:\/\/www.retrobuddys.com\/es\/shop\/componentes-bases-y-piezas\/alianza-as4c1m16e5-60jc-soj-42-nos\/","title":{"rendered":"Alianza AS4C1M16E5-60JC SOJ-42 NOS"},"content":{"rendered":"<p>Alianza AS4C1M16E5-60JC SOJ-42 NOS<\/p>\n<ul>\n<li>DRAM CMOS de 1M x 16 de alto rendimiento<\/li>\n<li>Alianza<\/li>\n<li>SOJ-42<\/li>\n<li>NOS (\u00abNew Old Stock\u00bb) en la secci\u00f3n de bobinas<\/li>\n<li>Organizaci\u00f3n de 1M x 16 bits<\/li>\n<li>Tiempo de acceso RAS: 60ns<\/li>\n<li>Fuente de alimentaci\u00f3n \u00fanica de +5 V \u00b110<\/li>\n<\/ul>\n","protected":false},"excerpt":{"rendered":"<p>Alianza AS4C1M16E5-60JC SOJ-42 NOS DRAM CMOS de 1M x 16 de alto rendimiento Alianza SOJ-42 NOS (\u00abNew Old Stock\u00bb) en la secci\u00f3n de bobinas Organizaci\u00f3n de 1M x 16 bits Tiempo de acceso RAS: 60ns Fuente de alimentaci\u00f3n \u00fanica de +5 V \u00b110<\/p>\n","protected":false},"featured_media":8269,"template":"","meta":[],"product_brand":[],"product_cat":[417,293],"product_tag":[752,295,750],"class_list":{"0":"post-8509","1":"product","2":"type-product","3":"status-publish","4":"has-post-thumbnail","6":"product_cat-componentes-bases-y-piezas","7":"product_cat-memoria-memory-sticks","8":"product_tag-alianza","9":"product_tag-ram-es","10":"product_tag-soj42-es","11":"product_shipping_class-maxibrief-es","13":"first","14":"instock","15":"taxable","16":"shipping-taxable","17":"purchasable","18":"product-type-simple"},"jetpack_sharing_enabled":true,"_links":{"self":[{"href":"https:\/\/www.retrobuddys.com\/es\/wp-json\/wp\/v2\/product\/8509","targetHints":{"allow":["GET"]}}],"collection":[{"href":"https:\/\/www.retrobuddys.com\/es\/wp-json\/wp\/v2\/product"}],"about":[{"href":"https:\/\/www.retrobuddys.com\/es\/wp-json\/wp\/v2\/types\/product"}],"wp:featuredmedia":[{"embeddable":true,"href":"https:\/\/www.retrobuddys.com\/es\/wp-json\/wp\/v2\/media\/8269"}],"wp:attachment":[{"href":"https:\/\/www.retrobuddys.com\/es\/wp-json\/wp\/v2\/media?parent=8509"}],"wp:term":[{"taxonomy":"product_brand","embeddable":true,"href":"https:\/\/www.retrobuddys.com\/es\/wp-json\/wp\/v2\/product_brand?post=8509"},{"taxonomy":"product_cat","embeddable":true,"href":"https:\/\/www.retrobuddys.com\/es\/wp-json\/wp\/v2\/product_cat?post=8509"},{"taxonomy":"product_tag","embeddable":true,"href":"https:\/\/www.retrobuddys.com\/es\/wp-json\/wp\/v2\/product_tag?post=8509"}],"curies":[{"name":"wp","href":"https:\/\/api.w.org\/{rel}","templated":true}]}}