{"id":8501,"date":"2025-09-12T07:53:20","date_gmt":"2025-09-12T07:53:20","guid":{"rendered":"https:\/\/www.retrobuddys.com\/shop\/sin categor\u00eda\/v53c16258hk35-soj-40-256k-x-16-nos\/"},"modified":"2025-09-12T07:53:20","modified_gmt":"2025-09-12T07:53:20","slug":"v53c16258hk35-soj-40-256k-x-16-nos","status":"publish","type":"product","link":"https:\/\/www.retrobuddys.com\/es\/shop\/componentes-bases-y-piezas\/v53c16258hk35-soj-40-256k-x-16-nos\/","title":{"rendered":"V53C16258HK35 SOJ-40 256k x 16 NOS"},"content":{"rendered":"<p>V53C16258HK35 SOJ-40<\/p>\n<ul>\n<li>RAM din\u00e1mica CMOS de alto rendimiento 256k x 16 EDO en modo p\u00e1gina<\/li>\n<li>Mosela Vit\u00e9lico<\/li>\n<li>SOJ-40<\/li>\n<li>NOS (\u00abNew Old Stock\u00bb) en la secci\u00f3n de bobinas<\/li>\n<li>Organizaci\u00f3n 256K x 16 bits<\/li>\n<li>Modo P\u00e1gina EDO para una velocidad de datos sostenida de 100 MHz<\/li>\n<li>Tiempo de acceso RAS: 35ns<\/li>\n<li>Fuente de alimentaci\u00f3n \u00fanica de +5 V \u00b110<\/li>\n<\/ul>\n","protected":false},"excerpt":{"rendered":"<p>V53C16258HK35 SOJ-40 RAM din\u00e1mica CMOS de alto rendimiento 256k x 16 EDO en modo p\u00e1gina Mosela Vit\u00e9lico SOJ-40 NOS (\u00abNew Old Stock\u00bb) en la secci\u00f3n de bobinas Organizaci\u00f3n 256K x 16 bits Modo P\u00e1gina EDO para una velocidad de datos sostenida de 100 MHz Tiempo de acceso RAS: 35ns Fuente de alimentaci\u00f3n \u00fanica de +5 [&#8230;]\n","protected":false},"featured_media":8500,"template":"","meta":[],"product_brand":[],"product_cat":[417,293],"product_tag":[295,727],"class_list":{"0":"post-8501","1":"product","2":"type-product","3":"status-publish","4":"has-post-thumbnail","6":"product_cat-componentes-bases-y-piezas","7":"product_cat-memoria-memory-sticks","8":"product_tag-ram-es","9":"product_tag-soj40-es","10":"product_shipping_class-maxibrief-es","12":"first","13":"instock","14":"taxable","15":"shipping-taxable","16":"purchasable","17":"product-type-simple"},"origins":[],"jetpack_sharing_enabled":true,"_links":{"self":[{"href":"https:\/\/www.retrobuddys.com\/es\/wp-json\/wp\/v2\/product\/8501","targetHints":{"allow":["GET"]}}],"collection":[{"href":"https:\/\/www.retrobuddys.com\/es\/wp-json\/wp\/v2\/product"}],"about":[{"href":"https:\/\/www.retrobuddys.com\/es\/wp-json\/wp\/v2\/types\/product"}],"wp:featuredmedia":[{"embeddable":true,"href":"https:\/\/www.retrobuddys.com\/es\/wp-json\/wp\/v2\/media\/8500"}],"wp:attachment":[{"href":"https:\/\/www.retrobuddys.com\/es\/wp-json\/wp\/v2\/media?parent=8501"}],"wp:term":[{"taxonomy":"product_brand","embeddable":true,"href":"https:\/\/www.retrobuddys.com\/es\/wp-json\/wp\/v2\/product_brand?post=8501"},{"taxonomy":"product_cat","embeddable":true,"href":"https:\/\/www.retrobuddys.com\/es\/wp-json\/wp\/v2\/product_cat?post=8501"},{"taxonomy":"product_tag","embeddable":true,"href":"https:\/\/www.retrobuddys.com\/es\/wp-json\/wp\/v2\/product_tag?post=8501"}],"curies":[{"name":"wp","href":"https:\/\/api.w.org\/{rel}","templated":true}]}}