{"id":8110,"date":"2025-08-28T18:26:50","date_gmt":"2025-08-28T18:26:50","guid":{"rendered":"https:\/\/www.retrobuddys.com\/shop\/sin%20categor\u00eda\/gottagofast-2000-8mb-fastram-para-amiga-2000-zorro-slot-novedad\/"},"modified":"2026-02-08T16:01:25","modified_gmt":"2026-02-08T16:01:25","slug":"gottagofast-2000-8mb-fastram-para-amiga-2000-zorro-slot-novedad","status":"publish","type":"product","link":"https:\/\/www.retrobuddys.com\/es\/shop\/amiga-hw-mods-es\/amiga-2000-es\/gottagofast-2000-8mb-fastram-para-amiga-2000-zorro-slot-novedad\/","title":{"rendered":"GottaGoFast 2000 8MB FastRam para Amiga 2000 Zorro Slot *NOVEDAD*."},"content":{"rendered":"<h3><strong>Expansi\u00f3n de memoria GottaGoFast 2000 FastRam de 8 MB para Amiga 2000<\/strong><\/h3>\n<p>Hay que desenroscar el Amiga para instalarla e introducir la tarjeta de memoria en una ranura Zorro II. No requiere ning\u00fan controlador y es una tarjeta autoconfigurada. <\/p>\n<p>Es posible desactivar 4MB si las tarjetas m\u00e1s antiguas no son compatibles o utilizan las mismas \u00e1reas. La tarjeta se configura a s\u00ed misma de 8MB =&gt; 4MB =&gt; 2MB =&gt; 1MB cuando est\u00e1 encendida.<br \/>\nSi es necesario, se puede instalar un firmware diferente que s\u00f3lo utilice 6MB (por ejemplo, tarjetas puente).<br \/>\nPara instalar el firmware se necesita un cable de plataforma Xilnx (o una Raspi con el software y la tarjeta breakout correspondientes). <\/p>\n<p>Si quieres que se instale por defecto el firmware de 6 MB, especif\u00edcalo al hacer el pedido.<\/p>\n<p>La tarjeta funciona desde Kickstart 1.3 y complementa a una tarjeta TerribleFire.<\/p>\n<p>La tarjeta tiene un recubrimiento dorado de 1U\u00bb para mayor durabilidad.<\/p>\n<p>La extensi\u00f3n de memoria es \u00abhardware de c\u00f3digo abierto\u00bb y ha sido desarrollada por Matt Harlum \/ LIV2. Matt renuncia a los derechos de licencia a cambio de una donaci\u00f3n a \u00abM\u00e9dicos sin Fronteras\u00bb.<br \/>\nPuedes encontrar m\u00e1s informaci\u00f3n sobre el proyecto en <a href=\"https:\/\/github.com\/LIV2\/GottaGoFastRAM2000\" target=\"_blank\" rel=\"noopener\">https:\/\/github.com\/LIV2\/GottaGoFastRAM2000.<\/a>  <\/p>\n<p>&nbsp;<\/p>\n","protected":false},"excerpt":{"rendered":"<h3><strong>Expansi\u00f3n de memoria GottaGoFast 2000 FastRam de 8 MB para Amiga 2000<\/strong><\/h3>\n","protected":false},"featured_media":8102,"template":"","meta":[],"product_brand":[],"product_cat":[236,234,399],"product_tag":[],"class_list":{"0":"post-8110","1":"product","2":"type-product","3":"status-publish","4":"has-post-thumbnail","6":"product_cat-amiga-2000-es","7":"product_cat-amiga-hw-mods-es","8":"product_cat-ampliacion-de-memoria","9":"product_shipping_class-dhl-es","11":"first","12":"instock","13":"taxable","14":"shipping-taxable","15":"purchasable","16":"product-type-simple"},"origins":[],"jetpack_sharing_enabled":true,"_links":{"self":[{"href":"https:\/\/www.retrobuddys.com\/es\/wp-json\/wp\/v2\/product\/8110","targetHints":{"allow":["GET"]}}],"collection":[{"href":"https:\/\/www.retrobuddys.com\/es\/wp-json\/wp\/v2\/product"}],"about":[{"href":"https:\/\/www.retrobuddys.com\/es\/wp-json\/wp\/v2\/types\/product"}],"wp:featuredmedia":[{"embeddable":true,"href":"https:\/\/www.retrobuddys.com\/es\/wp-json\/wp\/v2\/media\/8102"}],"wp:attachment":[{"href":"https:\/\/www.retrobuddys.com\/es\/wp-json\/wp\/v2\/media?parent=8110"}],"wp:term":[{"taxonomy":"product_brand","embeddable":true,"href":"https:\/\/www.retrobuddys.com\/es\/wp-json\/wp\/v2\/product_brand?post=8110"},{"taxonomy":"product_cat","embeddable":true,"href":"https:\/\/www.retrobuddys.com\/es\/wp-json\/wp\/v2\/product_cat?post=8110"},{"taxonomy":"product_tag","embeddable":true,"href":"https:\/\/www.retrobuddys.com\/es\/wp-json\/wp\/v2\/product_tag?post=8110"}],"curies":[{"name":"wp","href":"https:\/\/api.w.org\/{rel}","templated":true}]}}